{"id":9493,"date":"2023-02-11T14:23:10","date_gmt":"2023-02-11T14:23:10","guid":{"rendered":"https:\/\/www.cookascookies.com\/?post_type=product&#038;p=9493"},"modified":"2025-09-12T20:37:49","modified_gmt":"2025-09-12T20:37:49","slug":"bone-cookie-cutter","status":"publish","type":"product","link":"https:\/\/cookas.wecodek.com\/pt\/produto\/bone-cookie-cutter\/","title":{"rendered":"Cookie Cutter &#8211; BONE"},"content":{"rendered":"<ul>\n<li>Vamos Assar!\n<ul>\n<li>Bone-shaped cookie cutter<\/li>\n<li><span class=\"a-list-item\">Includes a set of two different sizes<\/span><\/li>\n<li><span class=\"a-list-item\">Choose your size: \u00a0Large 115 x 60 mm or Medium 85 x 45 mm\u00a0<\/span><\/li>\n<li><span class=\"a-list-item\">Made of high quality Stainless Steel<\/span><\/li>\n<li><span class=\"a-list-item\">Easy to use and non-stick<\/span><\/li>\n<li><span class=\"a-list-item\">Hand washing is recommended<\/span><\/li>\n<li><span style=\"color: #ff99cc;\"><em>Porque os animais de estima\u00e7\u00e3o s\u00e3o nossos filhos\u2665<\/em><\/span><\/li>\n<\/ul>\n<p>&nbsp;<\/p>\n<h1><\/h1>\n<\/li>\n<\/ul>\n<h1><\/h1>\n<p>&nbsp;<\/p>","protected":false},"excerpt":{"rendered":"<p style=\"text-align: center;\"><em>Let&#8217;s Bake<\/em><\/p>\n<p>&nbsp;<\/p>","protected":false},"featured_media":9491,"comment_status":"closed","ping_status":"closed","template":"","meta":[],"acf":[],"yoast_head":"<!-- This site is optimized with the Yoast SEO plugin v15.3 - https:\/\/yoast.com\/wordpress\/plugins\/seo\/ -->\n<title>Bone cookie cutter for cats and dogs Cooka&#039;s Cookies<\/title>\n<meta name=\"description\" content=\"Bone-shaped Cokie cutter. Made from stain-less steel. Let&#039;s bake for our cats and dogs with Cooka&#039;s Cookies.\" \/>\n<meta name=\"robots\" content=\"index, follow, max-snippet:-1, max-image-preview:large, max-video-preview:-1\" \/>\n<link rel=\"canonical\" href=\"https:\/\/www.cookascookies.com\/product\/bone-cookie-cutter\/\" \/>\n<meta property=\"og:locale\" content=\"pt_PT\" \/>\n<meta property=\"og:type\" content=\"article\" \/>\n<meta property=\"og:title\" content=\"Bone cookie cutter for cats and dogs Cooka&#039;s Cookies\" \/>\n<meta property=\"og:description\" content=\"Bone-shaped Cokie cutter. Made from stain-less steel. Let&#039;s bake for our cats and dogs with Cooka&#039;s Cookies.\" \/>\n<meta property=\"og:url\" content=\"https:\/\/www.cookascookies.com\/product\/bone-cookie-cutter\/\" \/>\n<meta property=\"og:site_name\" content=\"Cooka&#039;s Cookies\" \/>\n<meta property=\"article:publisher\" content=\"https:\/\/www.facebook.com\/cookascookies\/\" \/>\n<meta property=\"article:modified_time\" content=\"2025-09-12T20:37:49+00:00\" \/>\n<meta property=\"og:image\" content=\"https:\/\/cookas.wecodek.com\/wp-content\/uploads\/2023\/02\/Matt-Lena-Lifestyle-Photography_Cookas-Cookies_PRINT-89-scaled.jpg\" \/>\n\t<meta property=\"og:image:width\" content=\"2560\" \/>\n\t<meta property=\"og:image:height\" content=\"1707\" \/>\n<meta name=\"twitter:card\" content=\"summary_large_image\" \/>\n<meta name=\"twitter:creator\" content=\"@cookascookies\" \/>\n<meta name=\"twitter:site\" content=\"@cookascookies\" \/>\n<meta name=\"twitter:label1\" content=\"Written by\">\n\t<meta name=\"twitter:data1\" content=\"Aline Saup\u00e9\">\n\t<meta name=\"twitter:label2\" content=\"Est. reading time\">\n\t<meta name=\"twitter:data2\" content=\"0 minutos\">\n<script type=\"application\/ld+json\" class=\"yoast-schema-graph\">{\"@context\":\"https:\/\/schema.org\",\"@graph\":[{\"@type\":\"WebSite\",\"@id\":\"https:\/\/cookas.wecodek.com\/#website\",\"url\":\"https:\/\/cookas.wecodek.com\/\",\"name\":\"Cooka&#039;s Cookies\",\"description\":\"Real Food, Real Ingredients, Real Love.\",\"potentialAction\":[{\"@type\":\"SearchAction\",\"target\":\"https:\/\/cookas.wecodek.com\/?s={search_term_string}\",\"query-input\":\"required name=search_term_string\"}],\"inLanguage\":\"pt-PT\"},{\"@type\":\"ImageObject\",\"@id\":\"https:\/\/www.cookascookies.com\/product\/bone-cookie-cutter\/#primaryimage\",\"inLanguage\":\"pt-PT\",\"url\":\"https:\/\/cookas.wecodek.com\/wp-content\/uploads\/2023\/02\/Matt-Lena-Lifestyle-Photography_Cookas-Cookies_PRINT-89-scaled.jpg\",\"width\":2560,\"height\":1707},{\"@type\":\"WebPage\",\"@id\":\"https:\/\/www.cookascookies.com\/product\/bone-cookie-cutter\/#webpage\",\"url\":\"https:\/\/www.cookascookies.com\/product\/bone-cookie-cutter\/\",\"name\":\"Bone cookie cutter for cats and dogs Cooka&#039;s Cookies\",\"isPartOf\":{\"@id\":\"https:\/\/cookas.wecodek.com\/#website\"},\"primaryImageOfPage\":{\"@id\":\"https:\/\/www.cookascookies.com\/product\/bone-cookie-cutter\/#primaryimage\"},\"datePublished\":\"2023-02-11T14:23:10+00:00\",\"dateModified\":\"2025-09-12T20:37:49+00:00\",\"description\":\"Bone-shaped Cokie cutter. Made from stain-less steel. Let's bake for our cats and dogs with Cooka's Cookies.\",\"inLanguage\":\"pt-PT\",\"potentialAction\":[{\"@type\":\"ReadAction\",\"target\":[\"https:\/\/www.cookascookies.com\/product\/bone-cookie-cutter\/\"]}]}]}<\/script>\n<!-- \/ Yoast SEO plugin. -->","_links":{"self":[{"href":"https:\/\/cookas.wecodek.com\/pt\/wp-json\/wp\/v2\/product\/9493"}],"collection":[{"href":"https:\/\/cookas.wecodek.com\/pt\/wp-json\/wp\/v2\/product"}],"about":[{"href":"https:\/\/cookas.wecodek.com\/pt\/wp-json\/wp\/v2\/types\/product"}],"replies":[{"embeddable":true,"href":"https:\/\/cookas.wecodek.com\/pt\/wp-json\/wp\/v2\/comments?post=9493"}],"wp:featuredmedia":[{"embeddable":true,"href":"https:\/\/cookas.wecodek.com\/pt\/wp-json\/wp\/v2\/media\/9491"}],"wp:attachment":[{"href":"https:\/\/cookas.wecodek.com\/pt\/wp-json\/wp\/v2\/media?parent=9493"}],"curies":[{"name":"wp","href":"https:\/\/api.w.org\/{rel}","templated":true}]}}