{"id":9434,"date":"2023-01-31T13:23:43","date_gmt":"2023-01-31T13:23:43","guid":{"rendered":"https:\/\/www.cookascookies.com\/?post_type=product&#038;p=9434"},"modified":"2025-12-29T12:57:30","modified_gmt":"2025-12-29T12:57:30","slug":"bubbly-love-muttscato-toy","status":"publish","type":"product","link":"https:\/\/cookas.wecodek.com\/pt\/produto\/bubbly-love-muttscato-toy\/","title":{"rendered":"Bubbly Love \u2013 Brinquedo Muttscato"},"content":{"rendered":"<p>Let&#8217;s celebrate with a bottle of fluffy Muttscato<\/p>\n<ul>\n<li>Brinquedo borbulhante para cachorrinhos no clima de AMOR<\/li>\n<li>Faz sons fofos e guinchos<\/li>\n<li>Inspired by Portugal&#8217;s famous Moscatel<\/li>\n<li>Artesanato feito \u00e0 m\u00e3o,\u00a0exterior de camada dupla e\u00a0costura refor\u00e7ada para\u00a0durabilidade extra<\/li>\n<li>O enchimento ecol\u00f3gico PlanetFill\u00ae \u00e9 feito de garrafas pl\u00e1sticas recicladas 100% certificadas p\u00f3s-consumo<\/li>\n<li>Lav\u00e1vel na m\u00e1quina e adequado para secar<\/li>\n<li>Apresenta corantes sem AZO<\/li>\n<li>Este brinquedo atende aos mesmos padr\u00f5es de qualidade rigorosos para a fabrica\u00e7\u00e3o de produtos para beb\u00eas e crian\u00e7as.<\/li>\n<li><span style=\"color: #ff99cc;\"><em>Porque os animais de estima\u00e7\u00e3o s\u00e3o nossos filhos\u2665<\/em><\/span><\/li>\n<\/ul>\n<p>&nbsp;<\/p>\n<h1><\/h1>\n<p>&nbsp;<\/p>\n<p>&nbsp;<\/p>\n<p>&nbsp;<\/p>","protected":false},"excerpt":{"rendered":"<p style=\"text-align: center;\">Tipsy Lover<\/p>","protected":false},"featured_media":9435,"comment_status":"closed","ping_status":"closed","template":"","meta":[],"acf":[],"yoast_head":"<!-- This site is optimized with the Yoast SEO plugin v15.3 - https:\/\/yoast.com\/wordpress\/plugins\/seo\/ -->\n<title>Bubbly Love - Muttscato Toy - Eco-friendly pet toys - Fluffy heart<\/title>\n<meta name=\"description\" content=\"Eco-friendly toys for pets. Good for our planet and good for our furry children. made responsibly by pet-play in California\" \/>\n<meta name=\"robots\" content=\"index, follow, max-snippet:-1, max-image-preview:large, max-video-preview:-1\" \/>\n<link rel=\"canonical\" href=\"https:\/\/www.cookascookies.com\/product\/bubbly-love-muttscato-toy\/\" \/>\n<meta property=\"og:locale\" content=\"pt_PT\" \/>\n<meta property=\"og:type\" content=\"article\" \/>\n<meta property=\"og:title\" content=\"Bubbly Love - Muttscato Toy - Eco-friendly pet toys - Fluffy heart\" \/>\n<meta property=\"og:description\" content=\"Eco-friendly toys for pets. Good for our planet and good for our furry children. made responsibly by pet-play in California\" \/>\n<meta property=\"og:url\" content=\"https:\/\/www.cookascookies.com\/product\/bubbly-love-muttscato-toy\/\" \/>\n<meta property=\"og:site_name\" content=\"Cooka&#039;s Cookies\" \/>\n<meta property=\"article:publisher\" content=\"https:\/\/www.facebook.com\/cookascookies\/\" \/>\n<meta property=\"article:modified_time\" content=\"2025-12-29T12:57:30+00:00\" \/>\n<meta property=\"og:image\" content=\"https:\/\/cookas.wecodek.com\/wp-content\/uploads\/2023\/01\/a63efcae-12e1-4c85-a8e3-cc7dcea20c51.jpg\" \/>\n\t<meta property=\"og:image:width\" content=\"1242\" \/>\n\t<meta property=\"og:image:height\" content=\"1396\" \/>\n<meta name=\"twitter:card\" content=\"summary_large_image\" \/>\n<meta name=\"twitter:creator\" content=\"@cookascookies\" \/>\n<meta name=\"twitter:site\" content=\"@cookascookies\" \/>\n<meta name=\"twitter:label1\" content=\"Written by\">\n\t<meta name=\"twitter:data1\" content=\"Aline Saup\u00e9\">\n\t<meta name=\"twitter:label2\" content=\"Est. reading time\">\n\t<meta name=\"twitter:data2\" content=\"0 minutos\">\n<script type=\"application\/ld+json\" class=\"yoast-schema-graph\">{\"@context\":\"https:\/\/schema.org\",\"@graph\":[{\"@type\":\"WebSite\",\"@id\":\"https:\/\/cookas.wecodek.com\/#website\",\"url\":\"https:\/\/cookas.wecodek.com\/\",\"name\":\"Cooka&#039;s Cookies\",\"description\":\"Real Food, Real Ingredients, Real Love.\",\"potentialAction\":[{\"@type\":\"SearchAction\",\"target\":\"https:\/\/cookas.wecodek.com\/?s={search_term_string}\",\"query-input\":\"required name=search_term_string\"}],\"inLanguage\":\"pt-PT\"},{\"@type\":\"ImageObject\",\"@id\":\"https:\/\/www.cookascookies.com\/product\/bubbly-love-muttscato-toy\/#primaryimage\",\"inLanguage\":\"pt-PT\",\"url\":\"https:\/\/cookas.wecodek.com\/wp-content\/uploads\/2023\/01\/a63efcae-12e1-4c85-a8e3-cc7dcea20c51.jpg\",\"width\":1242,\"height\":1396},{\"@type\":\"WebPage\",\"@id\":\"https:\/\/www.cookascookies.com\/product\/bubbly-love-muttscato-toy\/#webpage\",\"url\":\"https:\/\/www.cookascookies.com\/product\/bubbly-love-muttscato-toy\/\",\"name\":\"Bubbly Love - Muttscato Toy - Eco-friendly pet toys - Fluffy heart\",\"isPartOf\":{\"@id\":\"https:\/\/cookas.wecodek.com\/#website\"},\"primaryImageOfPage\":{\"@id\":\"https:\/\/www.cookascookies.com\/product\/bubbly-love-muttscato-toy\/#primaryimage\"},\"datePublished\":\"2023-01-31T13:23:43+00:00\",\"dateModified\":\"2025-12-29T12:57:30+00:00\",\"description\":\"Eco-friendly toys for pets. Good for our planet and good for our furry children. made responsibly by pet-play in California\",\"inLanguage\":\"pt-PT\",\"potentialAction\":[{\"@type\":\"ReadAction\",\"target\":[\"https:\/\/www.cookascookies.com\/product\/bubbly-love-muttscato-toy\/\"]}]}]}<\/script>\n<!-- \/ Yoast SEO plugin. -->","_links":{"self":[{"href":"https:\/\/cookas.wecodek.com\/pt\/wp-json\/wp\/v2\/product\/9434"}],"collection":[{"href":"https:\/\/cookas.wecodek.com\/pt\/wp-json\/wp\/v2\/product"}],"about":[{"href":"https:\/\/cookas.wecodek.com\/pt\/wp-json\/wp\/v2\/types\/product"}],"replies":[{"embeddable":true,"href":"https:\/\/cookas.wecodek.com\/pt\/wp-json\/wp\/v2\/comments?post=9434"}],"wp:featuredmedia":[{"embeddable":true,"href":"https:\/\/cookas.wecodek.com\/pt\/wp-json\/wp\/v2\/media\/9435"}],"wp:attachment":[{"href":"https:\/\/cookas.wecodek.com\/pt\/wp-json\/wp\/v2\/media?parent=9434"}],"curies":[{"name":"wp","href":"https:\/\/api.w.org\/{rel}","templated":true}]}}