{"id":9279,"date":"2023-01-16T15:05:10","date_gmt":"2023-01-16T15:05:10","guid":{"rendered":"https:\/\/www.cookascookies.com\/?post_type=product&#038;p=9279"},"modified":"2026-02-24T16:06:13","modified_gmt":"2026-02-24T16:06:13","slug":"turkey-tuna-beijinhos","status":"publish","type":"product","link":"https:\/\/cookas.wecodek.com\/pt\/produto\/turkey-tuna-beijinhos\/","title":{"rendered":"Beijinhos de\nPeru e Atum"},"content":{"rendered":"<p>Kisses &#8211; The Pink Edition<\/p>\n<ul>\n<li><span style=\"color: #ff99cc;\"><b>100% aptas para consumo\nhumano<\/b><\/span><\/li>\n<li>Feitos com mais de 42%\nde carne fresca de peru<\/li>\n<li>Mais de 8% de atum<\/li>\n<li>Ricas em \u00e1cidos\ngordos omega-3<\/li>\n<li>A aveia contribui para uma\nboa digest\u00e3o<\/li>\n<li>A Linha\u00e7a contribui para a\nmanuten\u00e7\u00e3o de um p\u00ealo\nbonito e saud\u00e1vel<\/li>\n<li>\u00d3timas guloseimas para treinos<\/li>\n<li>Feitas diariamente \u201c\u00e1 pata\u201d<\/li>\n<li>Conservadas naturalmente\ncom alecrim<\/li>\n<li>E por fim, o ingrediente mais\nimportante de todos, cont\u00eam\nmuito <span style=\"color: #ff99cc;\">AM\u2665R<\/span><\/li>\n<\/ul>\n<p>&nbsp;<\/p>\n<p>&nbsp;<\/p>\n<h5><\/h5>","protected":false},"excerpt":{"rendered":"<p style=\"text-align: center;\">Snacks super crocantes de Atum e Peru<\/p>\n<p style=\"text-align: center;\"><em>Mostra-me o meu amor\u00a0<\/em><\/p>","protected":false},"featured_media":13171,"comment_status":"closed","ping_status":"closed","template":"","meta":[],"acf":[],"yoast_head":"<!-- This site is optimized with the Yoast SEO plugin v15.3 - https:\/\/yoast.com\/wordpress\/plugins\/seo\/ -->\n<title>Turkey &amp; Tuna Beijinhos - Valentine&#039;s snacks for dogs and cats<\/title>\n<meta name=\"description\" content=\"Crunchy Valentine&#039;s treats for dogs and cats in love. 100% Natural dog treats and meals by Cooka&#039;s Cookies\" \/>\n<meta name=\"robots\" content=\"index, follow, max-snippet:-1, max-image-preview:large, max-video-preview:-1\" \/>\n<link rel=\"canonical\" href=\"https:\/\/www.cookascookies.com\/product\/turkey-tuna-beijinhos\/\" \/>\n<meta property=\"og:locale\" content=\"pt_PT\" \/>\n<meta property=\"og:type\" content=\"article\" \/>\n<meta property=\"og:title\" content=\"Turkey &amp; Tuna Beijinhos - Valentine&#039;s snacks for dogs and cats\" \/>\n<meta property=\"og:description\" content=\"Crunchy Valentine&#039;s treats for dogs and cats in love. 100% Natural dog treats and meals by Cooka&#039;s Cookies\" \/>\n<meta property=\"og:url\" content=\"https:\/\/www.cookascookies.com\/product\/turkey-tuna-beijinhos\/\" \/>\n<meta property=\"og:site_name\" content=\"Cooka&#039;s Cookies\" \/>\n<meta property=\"article:publisher\" content=\"https:\/\/www.facebook.com\/cookascookies\/\" \/>\n<meta property=\"article:modified_time\" content=\"2026-02-24T16:06:13+00:00\" \/>\n<meta property=\"og:image\" content=\"https:\/\/cookas.wecodek.com\/wp-content\/uploads\/2023\/01\/pink-kisses-front-1-3-439x1024.png\" \/>\n\t<meta property=\"og:image:width\" content=\"439\" \/>\n\t<meta property=\"og:image:height\" content=\"1024\" \/>\n<meta name=\"twitter:card\" content=\"summary_large_image\" \/>\n<meta name=\"twitter:creator\" content=\"@cookascookies\" \/>\n<meta name=\"twitter:site\" content=\"@cookascookies\" \/>\n<meta name=\"twitter:label1\" content=\"Written by\">\n\t<meta name=\"twitter:data1\" content=\"Aline Saup\u00e9\">\n\t<meta name=\"twitter:label2\" content=\"Est. reading time\">\n\t<meta name=\"twitter:data2\" content=\"0 minutos\">\n<script type=\"application\/ld+json\" class=\"yoast-schema-graph\">{\"@context\":\"https:\/\/schema.org\",\"@graph\":[{\"@type\":\"WebSite\",\"@id\":\"https:\/\/cookas.wecodek.com\/#website\",\"url\":\"https:\/\/cookas.wecodek.com\/\",\"name\":\"Cooka&#039;s Cookies\",\"description\":\"Real Food, Real Ingredients, Real Love.\",\"potentialAction\":[{\"@type\":\"SearchAction\",\"target\":\"https:\/\/cookas.wecodek.com\/?s={search_term_string}\",\"query-input\":\"required name=search_term_string\"}],\"inLanguage\":\"pt-PT\"},{\"@type\":\"ImageObject\",\"@id\":\"https:\/\/www.cookascookies.com\/product\/turkey-tuna-beijinhos\/#primaryimage\",\"inLanguage\":\"pt-PT\",\"url\":\"https:\/\/cookas.wecodek.com\/wp-content\/uploads\/2023\/01\/pink-kisses-front-1-3.png\",\"width\":3000,\"height\":7000},{\"@type\":\"WebPage\",\"@id\":\"https:\/\/www.cookascookies.com\/product\/turkey-tuna-beijinhos\/#webpage\",\"url\":\"https:\/\/www.cookascookies.com\/product\/turkey-tuna-beijinhos\/\",\"name\":\"Turkey & Tuna Beijinhos - Valentine's snacks for dogs and cats\",\"isPartOf\":{\"@id\":\"https:\/\/cookas.wecodek.com\/#website\"},\"primaryImageOfPage\":{\"@id\":\"https:\/\/www.cookascookies.com\/product\/turkey-tuna-beijinhos\/#primaryimage\"},\"datePublished\":\"2023-01-16T15:05:10+00:00\",\"dateModified\":\"2026-02-24T16:06:13+00:00\",\"description\":\"Crunchy Valentine's treats for dogs and cats in love. 100% Natural dog treats and meals by Cooka's Cookies\",\"inLanguage\":\"pt-PT\",\"potentialAction\":[{\"@type\":\"ReadAction\",\"target\":[\"https:\/\/www.cookascookies.com\/product\/turkey-tuna-beijinhos\/\"]}]}]}<\/script>\n<!-- \/ Yoast SEO plugin. -->","_links":{"self":[{"href":"https:\/\/cookas.wecodek.com\/pt\/wp-json\/wp\/v2\/product\/9279"}],"collection":[{"href":"https:\/\/cookas.wecodek.com\/pt\/wp-json\/wp\/v2\/product"}],"about":[{"href":"https:\/\/cookas.wecodek.com\/pt\/wp-json\/wp\/v2\/types\/product"}],"replies":[{"embeddable":true,"href":"https:\/\/cookas.wecodek.com\/pt\/wp-json\/wp\/v2\/comments?post=9279"}],"wp:featuredmedia":[{"embeddable":true,"href":"https:\/\/cookas.wecodek.com\/pt\/wp-json\/wp\/v2\/media\/13171"}],"wp:attachment":[{"href":"https:\/\/cookas.wecodek.com\/pt\/wp-json\/wp\/v2\/media?parent=9279"}],"curies":[{"name":"wp","href":"https:\/\/api.w.org\/{rel}","templated":true}]}}