{"id":6738,"date":"2021-06-26T11:56:50","date_gmt":"2021-06-26T11:56:50","guid":{"rendered":"https:\/\/www.cookascookies.com\/?post_type=product&#038;p=6738"},"modified":"2026-02-24T10:44:07","modified_gmt":"2026-02-24T10:44:07","slug":"pizza-pie","status":"publish","type":"product","link":"https:\/\/cookas.wecodek.com\/pt\/produto\/pizza-pie\/","title":{"rendered":"Pizza"},"content":{"rendered":"<p>The first healthy and paw-proved Pizza<\/p>\n<ul>\n<li><span style=\"color: #ff9900;\"><b>100% aptas para consumo\nhumano<\/b><\/span><\/li>\n<li>70% fresh meaty Turkey crust<\/li>\n<li>Sem cereais<\/li>\n<li>Elevado teor de prote\u00ednas<\/li>\n<li>Cobertura de iogurte grego<\/li>\n<li>Tr\u00eas op\u00e7\u00f5es de coberturas\ndeliciosas<\/li>\n<li>Feitos diariamente \u201c\u00e1 pata\u201d\nna nossa cozinha<\/li>\n<li>Cheio de <span style=\"color: #ff9900;\">AM\u2665R<\/span><\/li>\n<\/ul>\n<h5>Note: Cakes can only be delivered between Tuesdays and Fridays (in Portugal Continental).<\/h5>\n<h5><\/h5>\n<p>&nbsp;<\/p>\n<p>&nbsp;<\/p>\n<p>&nbsp;<\/p>\n<p>&nbsp;<\/p>\n<p>&nbsp;<\/p>\n<p>&nbsp;<\/p>\n<p>&nbsp;<\/p>\n<p>&nbsp;<\/p>\n<h6><\/h6>","protected":false},"excerpt":{"rendered":"<p style=\"text-align: center;\">Doggie Pizza<\/p>\n<p>&nbsp;<\/p>","protected":false},"featured_media":9362,"comment_status":"closed","ping_status":"closed","template":"","meta":[],"acf":[],"yoast_head":"<!-- This site is optimized with the Yoast SEO plugin v15.3 - https:\/\/yoast.com\/wordpress\/plugins\/seo\/ -->\n<title>Pizza Pie - Fresh Cake for dogs by Cooka&#039;s Cookies<\/title>\n<meta name=\"description\" content=\"The first healthy dog pizza. Available in different flavours and toppings. Grain-free, high protein, baked daily in Cooka\u2019s Kitchen.\" \/>\n<meta name=\"robots\" content=\"index, follow, max-snippet:-1, max-image-preview:large, max-video-preview:-1\" \/>\n<link rel=\"canonical\" href=\"https:\/\/www.cookascookies.com\/product\/pizza-pie\/\" \/>\n<meta property=\"og:locale\" content=\"pt_PT\" \/>\n<meta property=\"og:type\" content=\"article\" \/>\n<meta property=\"og:title\" content=\"Pizza Pie - Fresh Cake for dogs by Cooka&#039;s Cookies\" \/>\n<meta property=\"og:description\" content=\"The first healthy dog pizza. Available in different flavours and toppings. Grain-free, high protein, baked daily in Cooka\u2019s Kitchen.\" \/>\n<meta property=\"og:url\" content=\"https:\/\/www.cookascookies.com\/product\/pizza-pie\/\" \/>\n<meta property=\"og:site_name\" content=\"Cooka&#039;s Cookies\" \/>\n<meta property=\"article:publisher\" content=\"https:\/\/www.facebook.com\/cookascookies\/\" \/>\n<meta property=\"article:modified_time\" content=\"2026-02-24T10:44:07+00:00\" \/>\n<meta property=\"og:image\" content=\"https:\/\/cookas.wecodek.com\/wp-content\/uploads\/2021\/06\/964d6e31-7789-4f6c-b0f5-0e9ceca2b1d4.jpg\" \/>\n\t<meta property=\"og:image:width\" content=\"2048\" \/>\n\t<meta property=\"og:image:height\" content=\"2048\" \/>\n<meta name=\"twitter:card\" content=\"summary_large_image\" \/>\n<meta name=\"twitter:creator\" content=\"@cookascookies\" \/>\n<meta name=\"twitter:site\" content=\"@cookascookies\" \/>\n<meta name=\"twitter:label1\" content=\"Written by\">\n\t<meta name=\"twitter:data1\" content=\"Aline Saup\u00e9\">\n\t<meta name=\"twitter:label2\" content=\"Est. reading time\">\n\t<meta name=\"twitter:data2\" content=\"0 minutos\">\n<script type=\"application\/ld+json\" class=\"yoast-schema-graph\">{\"@context\":\"https:\/\/schema.org\",\"@graph\":[{\"@type\":\"WebSite\",\"@id\":\"https:\/\/cookas.wecodek.com\/#website\",\"url\":\"https:\/\/cookas.wecodek.com\/\",\"name\":\"Cooka&#039;s Cookies\",\"description\":\"Real Food, Real Ingredients, Real Love.\",\"potentialAction\":[{\"@type\":\"SearchAction\",\"target\":\"https:\/\/cookas.wecodek.com\/?s={search_term_string}\",\"query-input\":\"required name=search_term_string\"}],\"inLanguage\":\"pt-PT\"},{\"@type\":\"ImageObject\",\"@id\":\"https:\/\/www.cookascookies.com\/product\/pizza-pie\/#primaryimage\",\"inLanguage\":\"pt-PT\",\"url\":\"https:\/\/cookas.wecodek.com\/wp-content\/uploads\/2021\/06\/964d6e31-7789-4f6c-b0f5-0e9ceca2b1d4.jpg\",\"width\":2048,\"height\":2048},{\"@type\":\"WebPage\",\"@id\":\"https:\/\/www.cookascookies.com\/product\/pizza-pie\/#webpage\",\"url\":\"https:\/\/www.cookascookies.com\/product\/pizza-pie\/\",\"name\":\"Pizza Pie - Fresh Cake for dogs by Cooka&#039;s Cookies\",\"isPartOf\":{\"@id\":\"https:\/\/cookas.wecodek.com\/#website\"},\"primaryImageOfPage\":{\"@id\":\"https:\/\/www.cookascookies.com\/product\/pizza-pie\/#primaryimage\"},\"datePublished\":\"2021-06-26T11:56:50+00:00\",\"dateModified\":\"2026-02-24T10:44:07+00:00\",\"description\":\"The first healthy dog pizza. Available in different flavours and toppings. Grain-free, high protein, baked daily in Cooka\\u2019s Kitchen.\",\"inLanguage\":\"pt-PT\",\"potentialAction\":[{\"@type\":\"ReadAction\",\"target\":[\"https:\/\/www.cookascookies.com\/product\/pizza-pie\/\"]}]}]}<\/script>\n<!-- \/ Yoast SEO plugin. -->","_links":{"self":[{"href":"https:\/\/cookas.wecodek.com\/pt\/wp-json\/wp\/v2\/product\/6738"}],"collection":[{"href":"https:\/\/cookas.wecodek.com\/pt\/wp-json\/wp\/v2\/product"}],"about":[{"href":"https:\/\/cookas.wecodek.com\/pt\/wp-json\/wp\/v2\/types\/product"}],"replies":[{"embeddable":true,"href":"https:\/\/cookas.wecodek.com\/pt\/wp-json\/wp\/v2\/comments?post=6738"}],"wp:featuredmedia":[{"embeddable":true,"href":"https:\/\/cookas.wecodek.com\/pt\/wp-json\/wp\/v2\/media\/9362"}],"wp:attachment":[{"href":"https:\/\/cookas.wecodek.com\/pt\/wp-json\/wp\/v2\/media?parent=6738"}],"curies":[{"name":"wp","href":"https:\/\/api.w.org\/{rel}","templated":true}]}}