{"id":6658,"date":"2021-06-10T19:06:57","date_gmt":"2021-06-10T19:06:57","guid":{"rendered":"https:\/\/www.cookascookies.com\/?post_type=product&#038;p=6658"},"modified":"2026-01-09T19:25:56","modified_gmt":"2026-01-09T19:25:56","slug":"chicken-dust-food-topper","status":"publish","type":"product","link":"https:\/\/cookas.wecodek.com\/pt\/produto\/chicken-dust-food-topper\/","title":{"rendered":"Frango desidratado em p\u00f3"},"content":{"rendered":"<p>Cooka&#8217;s magic &#8216;Chicken Dust&#8217; adds a healthy dose of protein-rich yumm to your pet&#8217;s meals. Made from 100% human-grade chicken breast, which we gently air-dry and grind into a fine powder.<\/p>\n<p>How to use: \u00a0Just sprinkle on top of the kibble or add a little water to create a delectable broth and watch the happy wag of approval. Great to entice picky eaters.<\/p>\n<ul>\n<li><span style=\"color: #ff99cc;\"><b>100% apto para consumo\nhumano<\/b><\/span><\/li>\n<li>100% Peito de Frango\ndesidratado e mo\u00eddo\nfinamente<\/li>\n<li><span class=\"a-list-item\">Hipoalerg\u00e9nico<\/span><\/li>\n<li><span class=\"a-list-item\">Sem gl\u00faten e sem cereais<\/span><\/li>\n<li>Alto teor de prote\u00edna<\/li>\n<li>Ideal para os mais esquisitos e\nexigentes<\/li>\n<li>Melhora o sabor da ra\u00e7\u00e3o e\nadiciona uma dose de nutri\u00e7\u00e3o\nextra<\/li>\n<li><em>Aprovado para c\u00e3es e gatos<\/em><\/li>\n<\/ul>","protected":false},"excerpt":{"rendered":"<p style=\"text-align: center;\">Frango desidratado em p\u00f3<\/p>\n<p style=\"text-align: center;\"><em>Para adicionar\n\u00e1s refei\u00e7\u00f5es e\nrefor\u00e7ar a\nnutri\u00e7\u00e3o e\nsabor<\/em><\/p>","protected":false},"featured_media":10416,"comment_status":"closed","ping_status":"closed","template":"","meta":[],"acf":[],"yoast_head":"<!-- This site is optimized with the Yoast SEO plugin v15.3 - https:\/\/yoast.com\/wordpress\/plugins\/seo\/ -->\n<title>Chicken Dust - Meal Booster &#039;Chicken Dust&#039; by Cooka&#039;s<\/title>\n<meta name=\"description\" content=\"Magic Chicken Dust meal booster from Cooka&#039;s Cookies. 100% Natural &amp; Human-grade. Made from dehydrated chicken breast and heaps of LOVE\" \/>\n<meta name=\"robots\" content=\"index, follow, max-snippet:-1, max-image-preview:large, max-video-preview:-1\" \/>\n<link rel=\"canonical\" href=\"https:\/\/www.cookascookies.com\/product\/chicken-dust-food-topper\/\" \/>\n<meta property=\"og:locale\" content=\"pt_PT\" \/>\n<meta property=\"og:type\" content=\"article\" \/>\n<meta property=\"og:title\" content=\"Chicken Dust - Meal Booster &#039;Chicken Dust&#039; by Cooka&#039;s\" \/>\n<meta property=\"og:description\" content=\"Magic Chicken Dust meal booster from Cooka&#039;s Cookies. 100% Natural &amp; Human-grade. Made from dehydrated chicken breast and heaps of LOVE\" \/>\n<meta property=\"og:url\" content=\"https:\/\/www.cookascookies.com\/product\/chicken-dust-food-topper\/\" \/>\n<meta property=\"og:site_name\" content=\"Cooka&#039;s Cookies\" \/>\n<meta property=\"article:publisher\" content=\"https:\/\/www.facebook.com\/cookascookies\/\" \/>\n<meta property=\"article:modified_time\" content=\"2026-01-09T19:25:56+00:00\" \/>\n<meta property=\"og:image\" content=\"https:\/\/cookas.wecodek.com\/wp-content\/uploads\/2021\/06\/Topper_Magic_Chicken_Dust_3-e1723417957833.png\" \/>\n\t<meta property=\"og:image:width\" content=\"971\" \/>\n\t<meta property=\"og:image:height\" content=\"836\" \/>\n<meta name=\"twitter:card\" content=\"summary_large_image\" \/>\n<meta name=\"twitter:creator\" content=\"@cookascookies\" \/>\n<meta name=\"twitter:site\" content=\"@cookascookies\" \/>\n<meta name=\"twitter:label1\" content=\"Written by\">\n\t<meta name=\"twitter:data1\" content=\"Aline Saup\u00e9\">\n\t<meta name=\"twitter:label2\" content=\"Est. reading time\">\n\t<meta name=\"twitter:data2\" content=\"0 minutos\">\n<script type=\"application\/ld+json\" class=\"yoast-schema-graph\">{\"@context\":\"https:\/\/schema.org\",\"@graph\":[{\"@type\":\"WebSite\",\"@id\":\"https:\/\/cookas.wecodek.com\/#website\",\"url\":\"https:\/\/cookas.wecodek.com\/\",\"name\":\"Cooka&#039;s Cookies\",\"description\":\"Real Food, Real Ingredients, Real Love.\",\"potentialAction\":[{\"@type\":\"SearchAction\",\"target\":\"https:\/\/cookas.wecodek.com\/?s={search_term_string}\",\"query-input\":\"required name=search_term_string\"}],\"inLanguage\":\"pt-PT\"},{\"@type\":\"ImageObject\",\"@id\":\"https:\/\/www.cookascookies.com\/product\/chicken-dust-food-topper\/#primaryimage\",\"inLanguage\":\"pt-PT\",\"url\":\"https:\/\/cookas.wecodek.com\/wp-content\/uploads\/2021\/06\/Topper_Magic_Chicken_Dust_3-e1723417957833.png\",\"width\":971,\"height\":836},{\"@type\":\"WebPage\",\"@id\":\"https:\/\/www.cookascookies.com\/product\/chicken-dust-food-topper\/#webpage\",\"url\":\"https:\/\/www.cookascookies.com\/product\/chicken-dust-food-topper\/\",\"name\":\"Chicken Dust - Meal Booster 'Chicken Dust' by Cooka's\",\"isPartOf\":{\"@id\":\"https:\/\/cookas.wecodek.com\/#website\"},\"primaryImageOfPage\":{\"@id\":\"https:\/\/www.cookascookies.com\/product\/chicken-dust-food-topper\/#primaryimage\"},\"datePublished\":\"2021-06-10T19:06:57+00:00\",\"dateModified\":\"2026-01-09T19:25:56+00:00\",\"description\":\"Magic Chicken Dust meal booster from Cooka's Cookies. 100% Natural & Human-grade. Made from dehydrated chicken breast and heaps of LOVE\",\"inLanguage\":\"pt-PT\",\"potentialAction\":[{\"@type\":\"ReadAction\",\"target\":[\"https:\/\/www.cookascookies.com\/product\/chicken-dust-food-topper\/\"]}]}]}<\/script>\n<!-- \/ Yoast SEO plugin. -->","_links":{"self":[{"href":"https:\/\/cookas.wecodek.com\/pt\/wp-json\/wp\/v2\/product\/6658"}],"collection":[{"href":"https:\/\/cookas.wecodek.com\/pt\/wp-json\/wp\/v2\/product"}],"about":[{"href":"https:\/\/cookas.wecodek.com\/pt\/wp-json\/wp\/v2\/types\/product"}],"replies":[{"embeddable":true,"href":"https:\/\/cookas.wecodek.com\/pt\/wp-json\/wp\/v2\/comments?post=6658"}],"wp:featuredmedia":[{"embeddable":true,"href":"https:\/\/cookas.wecodek.com\/pt\/wp-json\/wp\/v2\/media\/10416"}],"wp:attachment":[{"href":"https:\/\/cookas.wecodek.com\/pt\/wp-json\/wp\/v2\/media?parent=6658"}],"curies":[{"name":"wp","href":"https:\/\/api.w.org\/{rel}","templated":true}]}}