{"id":6066,"date":"2021-03-07T20:29:30","date_gmt":"2021-03-07T20:29:30","guid":{"rendered":"https:\/\/www.cookascookies.com\/?post_type=product&#038;p=6066"},"modified":"2026-02-13T11:51:29","modified_gmt":"2026-02-13T11:51:29","slug":"sardine-turkey-bonbons","status":"publish","type":"product","link":"https:\/\/cookas.wecodek.com\/pt\/produto\/sardine-turkey-bonbons\/","title":{"rendered":"HAPPY BONBONS"},"content":{"rendered":"<ul>\n<li><span style=\"color: #ffcc99;\"><b>100% aptas para consumo\nhumano<\/b><\/span><\/li>\n<li>More than 40% of fresh turkey<\/li>\n<li>Cont\u00eam mais de 8% de\nsardinhas<\/li>\n<li>Sardines are rich in Omega-3s &#8211; immune boosters<\/li>\n<li>As Cenouras s\u00e3o ricas em\nbetacaroteno<\/li>\n<li>Cont\u00e9m aveia que ajuda \u00e1\ndigest\u00e3o e \u00e9 ideal para c\u00e3es\nsens\u00edveis ao trigo<\/li>\n<li>A Linha\u00e7a contribui para a\nmanuten\u00e7\u00e3o de um p\u00ealo\nbonito e saud\u00e1vel<\/li>\n<li>Feitas diariamente \u201c\u00e1 pata\u201d<\/li>\n<li>Conservadas naturalmente\ncom alecrim<\/li>\n<li>E por fim, o ingrediente mais\nimportante de todos, cont\u00eam\nmuito<span style=\"color: #ffcc99;\"> AM\u2665R<\/span><\/li>\n<\/ul>","protected":false},"excerpt":{"rendered":"<p style=\"text-align: center;\">Sardine &amp; Turkey Crunchies<\/p>\n<p style=\"text-align: center;\"><em>Easter Snacks<\/em><\/p>","protected":false},"featured_media":13494,"comment_status":"closed","ping_status":"closed","template":"","meta":[],"acf":[],"yoast_head":"<!-- This site is optimized with the Yoast SEO plugin v15.3 - https:\/\/yoast.com\/wordpress\/plugins\/seo\/ -->\n<title>HAPPY BONBONS - Crunchy dog treats by Cooka&#039;s Cookies<\/title>\n<meta name=\"description\" content=\"Crunchy snacks for dogs inspired by the Portuguese love for nourishing sardines. Homemade dog treats by Cooka&#039;s Cookies\" \/>\n<meta name=\"robots\" content=\"index, follow, max-snippet:-1, max-image-preview:large, max-video-preview:-1\" \/>\n<link rel=\"canonical\" href=\"https:\/\/www.cookascookies.com\/product\/sardine-turkey-bonbons\/\" \/>\n<meta property=\"og:locale\" content=\"pt_PT\" \/>\n<meta property=\"og:type\" content=\"article\" \/>\n<meta property=\"og:title\" content=\"HAPPY BONBONS - Crunchy dog treats by Cooka&#039;s Cookies\" \/>\n<meta property=\"og:description\" content=\"Crunchy snacks for dogs inspired by the Portuguese love for nourishing sardines. Homemade dog treats by Cooka&#039;s Cookies\" \/>\n<meta property=\"og:url\" content=\"https:\/\/www.cookascookies.com\/product\/sardine-turkey-bonbons\/\" \/>\n<meta property=\"og:site_name\" content=\"Cooka&#039;s Cookies\" \/>\n<meta property=\"article:publisher\" content=\"https:\/\/www.facebook.com\/cookascookies\/\" \/>\n<meta property=\"article:modified_time\" content=\"2026-02-13T11:51:29+00:00\" \/>\n<meta property=\"og:image\" content=\"https:\/\/cookas.wecodek.com\/wp-content\/uploads\/2021\/03\/Happy-Bonbons-439x1024.png\" \/>\n\t<meta property=\"og:image:width\" content=\"439\" \/>\n\t<meta property=\"og:image:height\" content=\"1024\" \/>\n<meta name=\"twitter:card\" content=\"summary_large_image\" \/>\n<meta name=\"twitter:creator\" content=\"@cookascookies\" \/>\n<meta name=\"twitter:site\" content=\"@cookascookies\" \/>\n<meta name=\"twitter:label1\" content=\"Written by\">\n\t<meta name=\"twitter:data1\" content=\"Aline Saup\u00e9\">\n\t<meta name=\"twitter:label2\" content=\"Est. reading time\">\n\t<meta name=\"twitter:data2\" content=\"0 minutos\">\n<script type=\"application\/ld+json\" class=\"yoast-schema-graph\">{\"@context\":\"https:\/\/schema.org\",\"@graph\":[{\"@type\":\"WebSite\",\"@id\":\"https:\/\/cookas.wecodek.com\/#website\",\"url\":\"https:\/\/cookas.wecodek.com\/\",\"name\":\"Cooka&#039;s Cookies\",\"description\":\"Real Food, Real Ingredients, Real Love.\",\"potentialAction\":[{\"@type\":\"SearchAction\",\"target\":\"https:\/\/cookas.wecodek.com\/?s={search_term_string}\",\"query-input\":\"required name=search_term_string\"}],\"inLanguage\":\"pt-PT\"},{\"@type\":\"ImageObject\",\"@id\":\"https:\/\/www.cookascookies.com\/product\/sardine-turkey-bonbons\/#primaryimage\",\"inLanguage\":\"pt-PT\",\"url\":\"https:\/\/cookas.wecodek.com\/wp-content\/uploads\/2021\/03\/Happy-Bonbons.png\",\"width\":3000,\"height\":7000},{\"@type\":\"WebPage\",\"@id\":\"https:\/\/www.cookascookies.com\/product\/sardine-turkey-bonbons\/#webpage\",\"url\":\"https:\/\/www.cookascookies.com\/product\/sardine-turkey-bonbons\/\",\"name\":\"HAPPY BONBONS - Crunchy dog treats by Cooka's Cookies\",\"isPartOf\":{\"@id\":\"https:\/\/cookas.wecodek.com\/#website\"},\"primaryImageOfPage\":{\"@id\":\"https:\/\/www.cookascookies.com\/product\/sardine-turkey-bonbons\/#primaryimage\"},\"datePublished\":\"2021-03-07T20:29:30+00:00\",\"dateModified\":\"2026-02-13T11:51:29+00:00\",\"description\":\"Crunchy snacks for dogs inspired by the Portuguese love for nourishing sardines. Homemade dog treats by Cooka's Cookies\",\"inLanguage\":\"pt-PT\",\"potentialAction\":[{\"@type\":\"ReadAction\",\"target\":[\"https:\/\/www.cookascookies.com\/product\/sardine-turkey-bonbons\/\"]}]}]}<\/script>\n<!-- \/ Yoast SEO plugin. -->","_links":{"self":[{"href":"https:\/\/cookas.wecodek.com\/pt\/wp-json\/wp\/v2\/product\/6066"}],"collection":[{"href":"https:\/\/cookas.wecodek.com\/pt\/wp-json\/wp\/v2\/product"}],"about":[{"href":"https:\/\/cookas.wecodek.com\/pt\/wp-json\/wp\/v2\/types\/product"}],"replies":[{"embeddable":true,"href":"https:\/\/cookas.wecodek.com\/pt\/wp-json\/wp\/v2\/comments?post=6066"}],"wp:featuredmedia":[{"embeddable":true,"href":"https:\/\/cookas.wecodek.com\/pt\/wp-json\/wp\/v2\/media\/13494"}],"wp:attachment":[{"href":"https:\/\/cookas.wecodek.com\/pt\/wp-json\/wp\/v2\/media?parent=6066"}],"curies":[{"name":"wp","href":"https:\/\/api.w.org\/{rel}","templated":true}]}}