{"id":5661,"date":"2021-02-27T20:10:38","date_gmt":"2021-02-27T20:10:38","guid":{"rendered":"https:\/\/www.cookascookies.com\/?post_type=product&#038;p=5661"},"modified":"2026-01-08T23:26:32","modified_gmt":"2026-01-08T23:26:32","slug":"tuna-chicken-beijinhos","status":"publish","type":"product","link":"https:\/\/cookas.wecodek.com\/pt\/produto\/tuna-chicken-beijinhos\/","title":{"rendered":"Beijinhos de Atum e Frango"},"content":{"rendered":"<ul>\n<li><span style=\"color: #ccffff;\"><b>100% aptas para consumo\nhumano<\/b><\/span><\/li>\n<li>Feitos com mais de 40% de\nfrango fresco<\/li>\n<li>O frango \u00e9 uma carne magra\ne com pouca gordura<\/li>\n<li>Com mais de 10% de atum<\/li>\n<li>O atum \u00e9 rico em omega-3,\num excelente anti-inflamat\u00f3rio<\/li>\n<li>Cont\u00e9m aveia para c\u00e3es\nsens\u00edveis ao trigo<\/li>\n<li>A Linha\u00e7a contribui para a\nmanuten\u00e7\u00e3o de um p\u00ealo\nbonito e saud\u00e1vel<\/li>\n<li>Feitas diariamente \u201c\u00e1 pata\u201d<\/li>\n<li>Conservadas naturalmente\ncom alecrim<\/li>\n<li>E por fim, o ingrediente mais\nimportante de todos, cont\u00eam\nmuito<span style=\"color: #ccffff;\"> AM\u2665R<\/span><\/li>\n<\/ul>\n<p><span style=\"color: #ccffff;\"><strong>PS: Beijinhos is Portuguese and means &#8216;Little Kisses&#8217;<\/strong><\/span><\/p>","protected":false},"excerpt":{"rendered":"<p style=\"text-align: center;\">Snacks super crocantes de Atum e Frango<\/p>\n<p style=\"text-align: center;\"><em>Para amantes de peixe<\/em><\/p>\n<h6 style=\"text-align: center;\"><\/h6>","protected":false},"featured_media":4097,"comment_status":"closed","ping_status":"closed","template":"","meta":[],"acf":[],"yoast_head":"<!-- This site is optimized with the Yoast SEO plugin v15.3 - https:\/\/yoast.com\/wordpress\/plugins\/seo\/ -->\n<title>Tuna &amp; Chicken Beijinhos - Crunchy snacks for dogs by Cooka&#039;s Cookies<\/title>\n<meta name=\"description\" content=\"Crunchy power-snacks for dogs. Made from lean chicken meat and tuna. Homemade dog treats by Cooka&#039;s Cookies\" \/>\n<meta name=\"robots\" content=\"index, follow, max-snippet:-1, max-image-preview:large, max-video-preview:-1\" \/>\n<link rel=\"canonical\" href=\"https:\/\/www.cookascookies.com\/product\/tuna-chicken-beijinhos\/\" \/>\n<meta property=\"og:locale\" content=\"pt_PT\" \/>\n<meta property=\"og:type\" content=\"article\" \/>\n<meta property=\"og:title\" content=\"Tuna &amp; Chicken Beijinhos - Crunchy snacks for dogs by Cooka&#039;s Cookies\" \/>\n<meta property=\"og:description\" content=\"Crunchy power-snacks for dogs. Made from lean chicken meat and tuna. Homemade dog treats by Cooka&#039;s Cookies\" \/>\n<meta property=\"og:url\" content=\"https:\/\/www.cookascookies.com\/product\/tuna-chicken-beijinhos\/\" \/>\n<meta property=\"og:site_name\" content=\"Cooka&#039;s Cookies\" \/>\n<meta property=\"article:publisher\" content=\"https:\/\/www.facebook.com\/cookascookies\/\" \/>\n<meta property=\"article:modified_time\" content=\"2026-01-08T23:26:32+00:00\" \/>\n<meta property=\"og:image\" content=\"https:\/\/cookas.wecodek.com\/wp-content\/uploads\/2020\/06\/Cookas-Cookie-Individual-Atum-e-Frango-2-e1592388233923.png\" \/>\n\t<meta property=\"og:image:width\" content=\"600\" \/>\n\t<meta property=\"og:image:height\" content=\"1381\" \/>\n<meta name=\"twitter:card\" content=\"summary_large_image\" \/>\n<meta name=\"twitter:creator\" content=\"@cookascookies\" \/>\n<meta name=\"twitter:site\" content=\"@cookascookies\" \/>\n<meta name=\"twitter:label1\" content=\"Written by\">\n\t<meta name=\"twitter:data1\" content=\"Aline Saup\u00e9\">\n\t<meta name=\"twitter:label2\" content=\"Est. reading time\">\n\t<meta name=\"twitter:data2\" content=\"0 minutos\">\n<script type=\"application\/ld+json\" class=\"yoast-schema-graph\">{\"@context\":\"https:\/\/schema.org\",\"@graph\":[{\"@type\":\"WebSite\",\"@id\":\"https:\/\/cookas.wecodek.com\/#website\",\"url\":\"https:\/\/cookas.wecodek.com\/\",\"name\":\"Cooka&#039;s Cookies\",\"description\":\"Real Food, Real Ingredients, Real Love.\",\"potentialAction\":[{\"@type\":\"SearchAction\",\"target\":\"https:\/\/cookas.wecodek.com\/?s={search_term_string}\",\"query-input\":\"required name=search_term_string\"}],\"inLanguage\":\"pt-PT\"},{\"@type\":\"ImageObject\",\"@id\":\"https:\/\/www.cookascookies.com\/product\/tuna-chicken-beijinhos\/#primaryimage\",\"inLanguage\":\"pt-PT\",\"url\":\"https:\/\/cookas.wecodek.com\/wp-content\/uploads\/2020\/06\/Cookas-Cookie-Individual-Atum-e-Frango-2-e1592388233923.png\",\"width\":600,\"height\":1381,\"caption\":\"Homemade dog treats by Cooka's Cookies\"},{\"@type\":\"WebPage\",\"@id\":\"https:\/\/www.cookascookies.com\/product\/tuna-chicken-beijinhos\/#webpage\",\"url\":\"https:\/\/www.cookascookies.com\/product\/tuna-chicken-beijinhos\/\",\"name\":\"Tuna & Chicken Beijinhos - Crunchy snacks for dogs by Cooka's Cookies\",\"isPartOf\":{\"@id\":\"https:\/\/cookas.wecodek.com\/#website\"},\"primaryImageOfPage\":{\"@id\":\"https:\/\/www.cookascookies.com\/product\/tuna-chicken-beijinhos\/#primaryimage\"},\"datePublished\":\"2021-02-27T20:10:38+00:00\",\"dateModified\":\"2026-01-08T23:26:32+00:00\",\"description\":\"Crunchy power-snacks for dogs. Made from lean chicken meat and tuna. Homemade dog treats by Cooka's Cookies\",\"inLanguage\":\"pt-PT\",\"potentialAction\":[{\"@type\":\"ReadAction\",\"target\":[\"https:\/\/www.cookascookies.com\/product\/tuna-chicken-beijinhos\/\"]}]}]}<\/script>\n<!-- \/ Yoast SEO plugin. -->","_links":{"self":[{"href":"https:\/\/cookas.wecodek.com\/pt\/wp-json\/wp\/v2\/product\/5661"}],"collection":[{"href":"https:\/\/cookas.wecodek.com\/pt\/wp-json\/wp\/v2\/product"}],"about":[{"href":"https:\/\/cookas.wecodek.com\/pt\/wp-json\/wp\/v2\/types\/product"}],"replies":[{"embeddable":true,"href":"https:\/\/cookas.wecodek.com\/pt\/wp-json\/wp\/v2\/comments?post=5661"}],"wp:featuredmedia":[{"embeddable":true,"href":"https:\/\/cookas.wecodek.com\/pt\/wp-json\/wp\/v2\/media\/4097"}],"wp:attachment":[{"href":"https:\/\/cookas.wecodek.com\/pt\/wp-json\/wp\/v2\/media?parent=5661"}],"curies":[{"name":"wp","href":"https:\/\/api.w.org\/{rel}","templated":true}]}}