{"id":536,"date":"2018-12-14T14:30:23","date_gmt":"2018-12-14T14:30:23","guid":{"rendered":"http:\/\/www.cookascookies.com\/?post_type=product&#038;p=536"},"modified":"2026-01-08T23:16:12","modified_gmt":"2026-01-08T23:16:12","slug":"liver-pate","status":"publish","type":"product","link":"https:\/\/cookas.wecodek.com\/pt\/produto\/liver-pate\/","title":{"rendered":"Liver P\u00e2t\u00e9"},"content":{"rendered":"<ul>\n<li><span style=\"color: #ff99cc;\"><b>100% aptas para consumo\nhumano<\/b><\/span><\/li>\n<li>Mais de 30% de carne de\nvaca, frango e f\u00edgado de porco<\/li>\n<li>O f\u00edgado \u00e9 muito rico em\nnutrientes<\/li>\n<li>With wild berries, also known as &#8216;ANTIOXIDANT DIVAS&#8217;<\/li>\n<li>As sementes de linha\u00e7a\najudam a manter as\narticula\u00e7\u00f5es saud\u00e1veis<\/li>\n<li>As sementes de Chia, s\u00e3o\numa \u00f3ptima fonte de \u00f4mega-3<\/li>\n<li>Feitas diariamente \u201c\u00e1 pata\u201d<\/li>\n<li>Conservadas naturalmente\ncom alecrim<\/li>\n<li>E por fim, o ingrediente mais\nimportante de todos, cont\u00eam\nmuito <span style=\"color: #ff99cc;\">AM\u2665R<\/span><\/li>\n<\/ul>","protected":false},"excerpt":{"rendered":"<p style=\"text-align: center;\">Biscoitos nutritivos com f\u00edgado e bagas\nvermelhas<\/p>\n<p style=\"text-align: center;\"><em>Ideal para os\nmais esquisitos<\/em><\/p>","protected":false},"featured_media":44,"comment_status":"closed","ping_status":"closed","template":"","meta":[],"acf":[],"yoast_head":"<!-- This site is optimized with the Yoast SEO plugin v15.3 - https:\/\/yoast.com\/wordpress\/plugins\/seo\/ -->\n<title>Liver P\u00e2t\u00e9 - Irresistible liver dog treats by Cooka&#039;s Cookies<\/title>\n<meta name=\"description\" content=\"Nourishing dog treats with liver and mixed berries just perfect for picky eaters. Well-balanced dog treats by Cooka&#039;s Cookies\" \/>\n<meta name=\"robots\" content=\"index, follow, max-snippet:-1, max-image-preview:large, max-video-preview:-1\" \/>\n<link rel=\"canonical\" href=\"https:\/\/www.cookascookies.com\/product\/liver-pate\/\" \/>\n<meta property=\"og:locale\" content=\"pt_PT\" \/>\n<meta property=\"og:type\" content=\"article\" \/>\n<meta property=\"og:title\" content=\"Liver P\u00e2t\u00e9 - Irresistible liver dog treats by Cooka&#039;s Cookies\" \/>\n<meta property=\"og:description\" content=\"Nourishing dog treats with liver and mixed berries just perfect for picky eaters. Well-balanced dog treats by Cooka&#039;s Cookies\" \/>\n<meta property=\"og:url\" content=\"https:\/\/www.cookascookies.com\/product\/liver-pate\/\" \/>\n<meta property=\"og:site_name\" content=\"Cooka&#039;s Cookies\" \/>\n<meta property=\"article:publisher\" content=\"https:\/\/www.facebook.com\/cookascookies\/\" \/>\n<meta property=\"article:modified_time\" content=\"2026-01-08T23:16:12+00:00\" \/>\n<meta property=\"og:image\" content=\"https:\/\/cookas.wecodek.com\/wp-content\/uploads\/2018\/12\/Cookas-Cookies-Liver-Pate-3.png\" \/>\n\t<meta property=\"og:image:width\" content=\"326\" \/>\n\t<meta property=\"og:image:height\" content=\"699\" \/>\n<meta name=\"twitter:card\" content=\"summary_large_image\" \/>\n<meta name=\"twitter:creator\" content=\"@cookascookies\" \/>\n<meta name=\"twitter:site\" content=\"@cookascookies\" \/>\n<meta name=\"twitter:label1\" content=\"Written by\">\n\t<meta name=\"twitter:data1\" content=\"visix\">\n\t<meta name=\"twitter:label2\" content=\"Est. reading time\">\n\t<meta name=\"twitter:data2\" content=\"0 minutos\">\n<script type=\"application\/ld+json\" class=\"yoast-schema-graph\">{\"@context\":\"https:\/\/schema.org\",\"@graph\":[{\"@type\":\"WebSite\",\"@id\":\"https:\/\/cookas.wecodek.com\/#website\",\"url\":\"https:\/\/cookas.wecodek.com\/\",\"name\":\"Cooka&#039;s Cookies\",\"description\":\"Real Food, Real Ingredients, Real Love.\",\"potentialAction\":[{\"@type\":\"SearchAction\",\"target\":\"https:\/\/cookas.wecodek.com\/?s={search_term_string}\",\"query-input\":\"required name=search_term_string\"}],\"inLanguage\":\"pt-PT\"},{\"@type\":\"ImageObject\",\"@id\":\"https:\/\/www.cookascookies.com\/product\/liver-pate\/#primaryimage\",\"inLanguage\":\"pt-PT\",\"url\":\"https:\/\/cookas.wecodek.com\/wp-content\/uploads\/2018\/12\/Cookas-Cookies-Liver-Pate-3.png\",\"width\":326,\"height\":699,\"caption\":\"Liver P\\u00e2t\\u00e9 Biscuit Box\"},{\"@type\":\"WebPage\",\"@id\":\"https:\/\/www.cookascookies.com\/product\/liver-pate\/#webpage\",\"url\":\"https:\/\/www.cookascookies.com\/product\/liver-pate\/\",\"name\":\"Liver P\\u00e2t\\u00e9 - Irresistible liver dog treats by Cooka's Cookies\",\"isPartOf\":{\"@id\":\"https:\/\/cookas.wecodek.com\/#website\"},\"primaryImageOfPage\":{\"@id\":\"https:\/\/www.cookascookies.com\/product\/liver-pate\/#primaryimage\"},\"datePublished\":\"2018-12-14T14:30:23+00:00\",\"dateModified\":\"2026-01-08T23:16:12+00:00\",\"description\":\"Nourishing dog treats with liver and mixed berries just perfect for picky eaters. Well-balanced dog treats by Cooka's Cookies\",\"inLanguage\":\"pt-PT\",\"potentialAction\":[{\"@type\":\"ReadAction\",\"target\":[\"https:\/\/www.cookascookies.com\/product\/liver-pate\/\"]}]}]}<\/script>\n<!-- \/ Yoast SEO plugin. -->","_links":{"self":[{"href":"https:\/\/cookas.wecodek.com\/pt\/wp-json\/wp\/v2\/product\/536"}],"collection":[{"href":"https:\/\/cookas.wecodek.com\/pt\/wp-json\/wp\/v2\/product"}],"about":[{"href":"https:\/\/cookas.wecodek.com\/pt\/wp-json\/wp\/v2\/types\/product"}],"replies":[{"embeddable":true,"href":"https:\/\/cookas.wecodek.com\/pt\/wp-json\/wp\/v2\/comments?post=536"}],"wp:featuredmedia":[{"embeddable":true,"href":"https:\/\/cookas.wecodek.com\/pt\/wp-json\/wp\/v2\/media\/44"}],"wp:attachment":[{"href":"https:\/\/cookas.wecodek.com\/pt\/wp-json\/wp\/v2\/media?parent=536"}],"curies":[{"name":"wp","href":"https:\/\/api.w.org\/{rel}","templated":true}]}}