{"id":534,"date":"2018-12-14T14:29:49","date_gmt":"2018-12-14T14:29:49","guid":{"rendered":"http:\/\/www.cookascookies.com\/?post_type=product&#038;p=534"},"modified":"2026-01-08T23:17:47","modified_gmt":"2026-01-08T23:17:47","slug":"beef-bones","status":"publish","type":"product","link":"https:\/\/cookas.wecodek.com\/pt\/produto\/beef-bones\/","title":{"rendered":"Beef Bones"},"content":{"rendered":"<ul>\n<li><span style=\"color: #ffcc99;\"><b>100% aptas para consumo\nhumano<\/b><\/span><\/li>\n<li>Com mais de 30% de carne de\nvaca fresca.<\/li>\n<li>A carne de vaca ajuda a\nfortalecer a sa\u00fade geral<\/li>\n<li>Carrots\u00a0benefit\u00a0our dog&#8217;s vision and metabolism<\/li>\n<li>A beterraba \u00e9 uma \u00f3ptima\nfonte de ferro<\/li>\n<li>A Linha\u00e7a contribui para a\nmanuten\u00e7\u00e3o de um p\u00ealo\nbonito e saud\u00e1vel<\/li>\n<li>As Semente de c\u00e2nhamo t\u00eam\npropriedades que ajudam a\nreduzir inflama\u00e7\u00f5es<\/li>\n<li>Feitos diariamente \u201c\u00e1 pata\u201d<\/li>\n<li>Conservadas naturalmente\ncom alecrim<\/li>\n<li>E por fim, o ingrediente mais\nimportante de todos, cont\u00eam\nmuito<span style=\"color: #ffcc99;\"> AM\u2665R<\/span><\/li>\n<\/ul>","protected":false},"excerpt":{"rendered":"<p style=\"text-align: center;\">Biscoitos em forma de osso, com vaca e beterraba<\/p>\n<p style=\"text-align: center;\"><em>Para os mais Ativos<\/em><\/p>","protected":false},"featured_media":41,"comment_status":"closed","ping_status":"closed","template":"","meta":[],"acf":[],"yoast_head":"<!-- This site is optimized with the Yoast SEO plugin v15.3 - https:\/\/yoast.com\/wordpress\/plugins\/seo\/ -->\n<title>Beef Bones - Bone shaped treats for dogs by Cooka&#039;s Cookies<\/title>\n<meta name=\"description\" content=\"Delicious bone shaped treats for dogs made with beef and beetroot. Great for active dogs. Healthy dog treats by Cooka&#039;s Cookies\" \/>\n<meta name=\"robots\" content=\"index, follow, max-snippet:-1, max-image-preview:large, max-video-preview:-1\" \/>\n<link rel=\"canonical\" href=\"https:\/\/www.cookascookies.com\/product\/beef-bones\/\" \/>\n<meta property=\"og:locale\" content=\"pt_PT\" \/>\n<meta property=\"og:type\" content=\"article\" \/>\n<meta property=\"og:title\" content=\"Beef Bones - Bone shaped treats for dogs by Cooka&#039;s Cookies\" \/>\n<meta property=\"og:description\" content=\"Delicious bone shaped treats for dogs made with beef and beetroot. Great for active dogs. Healthy dog treats by Cooka&#039;s Cookies\" \/>\n<meta property=\"og:url\" content=\"https:\/\/www.cookascookies.com\/product\/beef-bones\/\" \/>\n<meta property=\"og:site_name\" content=\"Cooka&#039;s Cookies\" \/>\n<meta property=\"article:publisher\" content=\"https:\/\/www.facebook.com\/cookascookies\/\" \/>\n<meta property=\"article:modified_time\" content=\"2026-01-08T23:17:47+00:00\" \/>\n<meta property=\"og:image\" content=\"https:\/\/cookas.wecodek.com\/wp-content\/uploads\/2018\/12\/Cookas-Cookies-Beef-Bones-3.png\" \/>\n\t<meta property=\"og:image:width\" content=\"309\" \/>\n\t<meta property=\"og:image:height\" content=\"688\" \/>\n<meta name=\"twitter:card\" content=\"summary_large_image\" \/>\n<meta name=\"twitter:creator\" content=\"@cookascookies\" \/>\n<meta name=\"twitter:site\" content=\"@cookascookies\" \/>\n<meta name=\"twitter:label1\" content=\"Written by\">\n\t<meta name=\"twitter:data1\" content=\"visix\">\n\t<meta name=\"twitter:label2\" content=\"Est. reading time\">\n\t<meta name=\"twitter:data2\" content=\"0 minutos\">\n<script type=\"application\/ld+json\" class=\"yoast-schema-graph\">{\"@context\":\"https:\/\/schema.org\",\"@graph\":[{\"@type\":\"WebSite\",\"@id\":\"https:\/\/cookas.wecodek.com\/#website\",\"url\":\"https:\/\/cookas.wecodek.com\/\",\"name\":\"Cooka&#039;s Cookies\",\"description\":\"Real Food, Real Ingredients, Real Love.\",\"potentialAction\":[{\"@type\":\"SearchAction\",\"target\":\"https:\/\/cookas.wecodek.com\/?s={search_term_string}\",\"query-input\":\"required name=search_term_string\"}],\"inLanguage\":\"pt-PT\"},{\"@type\":\"ImageObject\",\"@id\":\"https:\/\/www.cookascookies.com\/product\/beef-bones\/#primaryimage\",\"inLanguage\":\"pt-PT\",\"url\":\"https:\/\/cookas.wecodek.com\/wp-content\/uploads\/2018\/12\/Cookas-Cookies-Beef-Bones-3.png\",\"width\":309,\"height\":688,\"caption\":\"Beef Bones Biscuit Box\"},{\"@type\":\"WebPage\",\"@id\":\"https:\/\/www.cookascookies.com\/product\/beef-bones\/#webpage\",\"url\":\"https:\/\/www.cookascookies.com\/product\/beef-bones\/\",\"name\":\"Beef Bones - Bone shaped treats for dogs by Cooka's Cookies\",\"isPartOf\":{\"@id\":\"https:\/\/cookas.wecodek.com\/#website\"},\"primaryImageOfPage\":{\"@id\":\"https:\/\/www.cookascookies.com\/product\/beef-bones\/#primaryimage\"},\"datePublished\":\"2018-12-14T14:29:49+00:00\",\"dateModified\":\"2026-01-08T23:17:47+00:00\",\"description\":\"Delicious bone shaped treats for dogs made with beef and beetroot. Great for active dogs. Healthy dog treats by Cooka's Cookies\",\"inLanguage\":\"pt-PT\",\"potentialAction\":[{\"@type\":\"ReadAction\",\"target\":[\"https:\/\/www.cookascookies.com\/product\/beef-bones\/\"]}]}]}<\/script>\n<!-- \/ Yoast SEO plugin. -->","_links":{"self":[{"href":"https:\/\/cookas.wecodek.com\/pt\/wp-json\/wp\/v2\/product\/534"}],"collection":[{"href":"https:\/\/cookas.wecodek.com\/pt\/wp-json\/wp\/v2\/product"}],"about":[{"href":"https:\/\/cookas.wecodek.com\/pt\/wp-json\/wp\/v2\/types\/product"}],"replies":[{"embeddable":true,"href":"https:\/\/cookas.wecodek.com\/pt\/wp-json\/wp\/v2\/comments?post=534"}],"wp:featuredmedia":[{"embeddable":true,"href":"https:\/\/cookas.wecodek.com\/pt\/wp-json\/wp\/v2\/media\/41"}],"wp:attachment":[{"href":"https:\/\/cookas.wecodek.com\/pt\/wp-json\/wp\/v2\/media?parent=534"}],"curies":[{"name":"wp","href":"https:\/\/api.w.org\/{rel}","templated":true}]}}