{"id":533,"date":"2018-12-14T14:13:53","date_gmt":"2018-12-14T14:13:53","guid":{"rendered":"http:\/\/www.cookascookies.com\/?post_type=product&#038;p=533"},"modified":"2026-01-08T23:18:43","modified_gmt":"2026-01-08T23:18:43","slug":"gourmet-burger","status":"publish","type":"product","link":"https:\/\/cookas.wecodek.com\/pt\/produto\/gourmet-burger\/","title":{"rendered":"Gourmet Burger"},"content":{"rendered":"<ul>\n<li><span style=\"color: #ffcc00;\"><b>100% aptas para consumo\nhumano<\/b><\/span><\/li>\n<li>Mais de 27% de carne de\nporco fresca<\/li>\n<li>A carne de porco \u00e9 uma\nprote\u00edna de f\u00e1cil digest\u00e3o<\/li>\n<li>O queijo dos A\u00e7ores, ajuda a\nrefor\u00e7ar a sa\u00fade dos ossos<\/li>\n<li>As Ma\u00e7\u00e3s fornecem vitamina\nA, C e fibra diet\u00e9tica<\/li>\n<li>A Linha\u00e7a contribui para a\nmanuten\u00e7\u00e3o de um p\u00ealo\nbonito e saud\u00e1vel<\/li>\n<li>As Sementes de Chia ajudam\na melhorar a digest\u00e3o<\/li>\n<li>Feitos diariamente \u201c\u00e1 pata\u201d<\/li>\n<li>Conservadas naturalmente\ncom alecrim<\/li>\n<li>E por fim, o ingrediente mais\nimportante de todos, cont\u00eam\nmuito <span style=\"color: #ffcc00;\">AM\u2665R<\/span><\/li>\n<\/ul>\n<h4><\/h4>","protected":false},"excerpt":{"rendered":"<p style=\"text-align: center;\">Biscoitos gourmet\ncom porco e\nqueijo<\/p>\n<p style=\"text-align: center;\"><em>Para os mais gulosos<\/em><\/p>","protected":false},"featured_media":43,"comment_status":"closed","ping_status":"closed","template":"","meta":[],"acf":[],"yoast_head":"<!-- This site is optimized with the Yoast SEO plugin v15.3 - https:\/\/yoast.com\/wordpress\/plugins\/seo\/ -->\n<title>Gourmet Burger - Healthy dog cookies by Cooka&#039;s Cookies<\/title>\n<meta name=\"description\" content=\"Cooka\u2019s ultra-yummy and healthy treats, Gourmet Burgers are rich in protein and full of nourishment. Homemade dog cookies by Cooka&#039;s Cookies\" \/>\n<meta name=\"robots\" content=\"index, follow, max-snippet:-1, max-image-preview:large, max-video-preview:-1\" \/>\n<link rel=\"canonical\" href=\"https:\/\/www.cookascookies.com\/product\/gourmet-burger\/\" \/>\n<meta property=\"og:locale\" content=\"pt_PT\" \/>\n<meta property=\"og:type\" content=\"article\" \/>\n<meta property=\"og:title\" content=\"Gourmet Burger - Healthy dog cookies by Cooka&#039;s Cookies\" \/>\n<meta property=\"og:description\" content=\"Cooka\u2019s ultra-yummy and healthy treats, Gourmet Burgers are rich in protein and full of nourishment. Homemade dog cookies by Cooka&#039;s Cookies\" \/>\n<meta property=\"og:url\" content=\"https:\/\/www.cookascookies.com\/product\/gourmet-burger\/\" \/>\n<meta property=\"og:site_name\" content=\"Cooka&#039;s Cookies\" \/>\n<meta property=\"article:publisher\" content=\"https:\/\/www.facebook.com\/cookascookies\/\" \/>\n<meta property=\"article:modified_time\" content=\"2026-01-08T23:18:43+00:00\" \/>\n<meta property=\"og:image\" content=\"https:\/\/cookas.wecodek.com\/wp-content\/uploads\/2018\/12\/Cookas-Cookies-Gourmet-Burger-2.png\" \/>\n\t<meta property=\"og:image:width\" content=\"328\" \/>\n\t<meta property=\"og:image:height\" content=\"703\" \/>\n<meta name=\"twitter:card\" content=\"summary_large_image\" \/>\n<meta name=\"twitter:creator\" content=\"@cookascookies\" \/>\n<meta name=\"twitter:site\" content=\"@cookascookies\" \/>\n<meta name=\"twitter:label1\" content=\"Written by\">\n\t<meta name=\"twitter:data1\" content=\"visix\">\n\t<meta name=\"twitter:label2\" content=\"Est. reading time\">\n\t<meta name=\"twitter:data2\" content=\"0 minutos\">\n<script type=\"application\/ld+json\" class=\"yoast-schema-graph\">{\"@context\":\"https:\/\/schema.org\",\"@graph\":[{\"@type\":\"WebSite\",\"@id\":\"https:\/\/cookas.wecodek.com\/#website\",\"url\":\"https:\/\/cookas.wecodek.com\/\",\"name\":\"Cooka&#039;s Cookies\",\"description\":\"Real Food, Real Ingredients, Real Love.\",\"potentialAction\":[{\"@type\":\"SearchAction\",\"target\":\"https:\/\/cookas.wecodek.com\/?s={search_term_string}\",\"query-input\":\"required name=search_term_string\"}],\"inLanguage\":\"pt-PT\"},{\"@type\":\"ImageObject\",\"@id\":\"https:\/\/www.cookascookies.com\/product\/gourmet-burger\/#primaryimage\",\"inLanguage\":\"pt-PT\",\"url\":\"https:\/\/cookas.wecodek.com\/wp-content\/uploads\/2018\/12\/Cookas-Cookies-Gourmet-Burger-2.png\",\"width\":328,\"height\":703,\"caption\":\"Gourmet Burger Biscuit Box\"},{\"@type\":\"WebPage\",\"@id\":\"https:\/\/www.cookascookies.com\/product\/gourmet-burger\/#webpage\",\"url\":\"https:\/\/www.cookascookies.com\/product\/gourmet-burger\/\",\"name\":\"Gourmet Burger - Healthy dog cookies by Cooka's Cookies\",\"isPartOf\":{\"@id\":\"https:\/\/cookas.wecodek.com\/#website\"},\"primaryImageOfPage\":{\"@id\":\"https:\/\/www.cookascookies.com\/product\/gourmet-burger\/#primaryimage\"},\"datePublished\":\"2018-12-14T14:13:53+00:00\",\"dateModified\":\"2026-01-08T23:18:43+00:00\",\"description\":\"Cooka\\u2019s ultra-yummy and healthy treats, Gourmet Burgers are rich in protein and full of nourishment. Homemade dog cookies by Cooka's Cookies\",\"inLanguage\":\"pt-PT\",\"potentialAction\":[{\"@type\":\"ReadAction\",\"target\":[\"https:\/\/www.cookascookies.com\/product\/gourmet-burger\/\"]}]}]}<\/script>\n<!-- \/ Yoast SEO plugin. -->","_links":{"self":[{"href":"https:\/\/cookas.wecodek.com\/pt\/wp-json\/wp\/v2\/product\/533"}],"collection":[{"href":"https:\/\/cookas.wecodek.com\/pt\/wp-json\/wp\/v2\/product"}],"about":[{"href":"https:\/\/cookas.wecodek.com\/pt\/wp-json\/wp\/v2\/types\/product"}],"replies":[{"embeddable":true,"href":"https:\/\/cookas.wecodek.com\/pt\/wp-json\/wp\/v2\/comments?post=533"}],"wp:featuredmedia":[{"embeddable":true,"href":"https:\/\/cookas.wecodek.com\/pt\/wp-json\/wp\/v2\/media\/43"}],"wp:attachment":[{"href":"https:\/\/cookas.wecodek.com\/pt\/wp-json\/wp\/v2\/media?parent=533"}],"curies":[{"name":"wp","href":"https:\/\/api.w.org\/{rel}","templated":true}]}}