{"id":5215,"date":"2021-02-22T20:31:55","date_gmt":"2021-02-22T20:31:55","guid":{"rendered":"https:\/\/www.cookascookies.com\/?post_type=product&#038;p=5215"},"modified":"2026-01-14T20:41:17","modified_gmt":"2026-01-14T20:41:17","slug":"multipack-originals","status":"publish","type":"product","link":"https:\/\/cookas.wecodek.com\/pt\/produto\/multipack-originals\/","title":{"rendered":"Multipack \u2018Classics\u2019"},"content":{"rendered":"<p>Treat your dog to a meaty &#8216;Cookie tasting&#8217;.<\/p>\n<ul>\n<li><span style=\"color: #ccffff;\"><strong>100% aptas para consumo\nhumano<\/strong><\/span><\/li>\n<li>Uma selec\u00e7\u00e3o de biscoitos\nricos em prote\u00edna<\/li>\n<li>Feitos com carnes frescas,\nfrutas e vegetais<\/li>\n<li>Os patudos ADORAM o seu\nefeito crocante<\/li>\n<li>Feitas diariamente \u201c\u00e1 pata\u201d<\/li>\n<li>Conservadas naturalmente\ncom alecrim<\/li>\n<li>Cada guloseima \u00e9 preenchida com montes de AM\u2665R<\/li>\n<\/ul>\n<p>&nbsp;<\/p>\n<p style=\"text-align: center;\"><span style=\"color: #ccffff;\">\u2665\u2665\u2665<\/span><\/p>\n<p>&nbsp;<\/p>\n<p style=\"text-align: left;\">O Nosso multi-pack cont\u00e9m uma\nsele\u00e7\u00e3o de 4 sabores cl\u00e1ssicos:<\/p>\n<ul style=\"text-align: left;\">\n<li>1 x Beef Bones (100g)<\/li>\n<li>1x Chicken Love (100g)<\/li>\n<li>1 x Liver P\u00e2t\u00e9 (100g)<\/li>\n<li>1 x Gourmet Burger (100g)<\/li>\n<\/ul>\n<h6><\/h6>\n<p>&nbsp;<\/p>","protected":false},"excerpt":{"rendered":"<p style=\"text-align: center;\">Meaty &#8216;Originals&#8217; Taster Set<\/p>\n<p style=\"text-align: center;\">400g (poupa 0,66\u20ac)<\/p>\n<p>&nbsp;<\/p>\n<p>&nbsp;<\/p>\n<h6 style=\"text-align: center;\"><\/h6>","protected":false},"featured_media":5216,"comment_status":"closed","ping_status":"closed","template":"","meta":[],"acf":[],"yoast_head":"<!-- This site is optimized with the Yoast SEO plugin v15.3 - https:\/\/yoast.com\/wordpress\/plugins\/seo\/ -->\n<title>Multipack &#039;Classics&#039; - Crunchy snacks for dogs by Cooka&#039;s Cookies<\/title>\n<meta name=\"description\" content=\"Crunchy treats from the classic meat-line. Multi-pack to discover the favourite taste of you dog. Handbaked by Cooka&#039;s Cookies\" \/>\n<meta name=\"robots\" content=\"index, follow, max-snippet:-1, max-image-preview:large, max-video-preview:-1\" \/>\n<link rel=\"canonical\" href=\"https:\/\/www.cookascookies.com\/product\/multipack-originals\/\" \/>\n<meta property=\"og:locale\" content=\"pt_PT\" \/>\n<meta property=\"og:type\" content=\"article\" \/>\n<meta property=\"og:title\" content=\"Multipack &#039;Classics&#039; - Crunchy snacks for dogs by Cooka&#039;s Cookies\" \/>\n<meta property=\"og:description\" content=\"Crunchy treats from the classic meat-line. Multi-pack to discover the favourite taste of you dog. Handbaked by Cooka&#039;s Cookies\" \/>\n<meta property=\"og:url\" content=\"https:\/\/www.cookascookies.com\/product\/multipack-originals\/\" \/>\n<meta property=\"og:site_name\" content=\"Cooka&#039;s Cookies\" \/>\n<meta property=\"article:publisher\" content=\"https:\/\/www.facebook.com\/cookascookies\/\" \/>\n<meta property=\"article:modified_time\" content=\"2026-01-14T20:41:17+00:00\" \/>\n<meta property=\"og:image\" content=\"https:\/\/cookas.wecodek.com\/wp-content\/uploads\/2021\/02\/Cookas-Cookie-Versao-1_-e1614026789406.png\" \/>\n\t<meta property=\"og:image:width\" content=\"490\" \/>\n\t<meta property=\"og:image:height\" content=\"1072\" \/>\n<meta name=\"twitter:card\" content=\"summary_large_image\" \/>\n<meta name=\"twitter:creator\" content=\"@cookascookies\" \/>\n<meta name=\"twitter:site\" content=\"@cookascookies\" \/>\n<meta name=\"twitter:label1\" content=\"Written by\">\n\t<meta name=\"twitter:data1\" content=\"Aline Saup\u00e9\">\n\t<meta name=\"twitter:label2\" content=\"Est. reading time\">\n\t<meta name=\"twitter:data2\" content=\"0 minutos\">\n<script type=\"application\/ld+json\" class=\"yoast-schema-graph\">{\"@context\":\"https:\/\/schema.org\",\"@graph\":[{\"@type\":\"WebSite\",\"@id\":\"https:\/\/cookas.wecodek.com\/#website\",\"url\":\"https:\/\/cookas.wecodek.com\/\",\"name\":\"Cooka&#039;s Cookies\",\"description\":\"Real Food, Real Ingredients, Real Love.\",\"potentialAction\":[{\"@type\":\"SearchAction\",\"target\":\"https:\/\/cookas.wecodek.com\/?s={search_term_string}\",\"query-input\":\"required name=search_term_string\"}],\"inLanguage\":\"pt-PT\"},{\"@type\":\"ImageObject\",\"@id\":\"https:\/\/www.cookascookies.com\/product\/multipack-originals\/#primaryimage\",\"inLanguage\":\"pt-PT\",\"url\":\"https:\/\/cookas.wecodek.com\/wp-content\/uploads\/2021\/02\/Cookas-Cookie-Versao-1_-e1614026789406.png\",\"width\":490,\"height\":1072},{\"@type\":\"WebPage\",\"@id\":\"https:\/\/www.cookascookies.com\/product\/multipack-originals\/#webpage\",\"url\":\"https:\/\/www.cookascookies.com\/product\/multipack-originals\/\",\"name\":\"Multipack 'Classics' - Crunchy snacks for dogs by Cooka's Cookies\",\"isPartOf\":{\"@id\":\"https:\/\/cookas.wecodek.com\/#website\"},\"primaryImageOfPage\":{\"@id\":\"https:\/\/www.cookascookies.com\/product\/multipack-originals\/#primaryimage\"},\"datePublished\":\"2021-02-22T20:31:55+00:00\",\"dateModified\":\"2026-01-14T20:41:17+00:00\",\"description\":\"Crunchy treats from the classic meat-line. Multi-pack to discover the favourite taste of you dog. Handbaked by Cooka's Cookies\",\"inLanguage\":\"pt-PT\",\"potentialAction\":[{\"@type\":\"ReadAction\",\"target\":[\"https:\/\/www.cookascookies.com\/product\/multipack-originals\/\"]}]}]}<\/script>\n<!-- \/ Yoast SEO plugin. -->","_links":{"self":[{"href":"https:\/\/cookas.wecodek.com\/pt\/wp-json\/wp\/v2\/product\/5215"}],"collection":[{"href":"https:\/\/cookas.wecodek.com\/pt\/wp-json\/wp\/v2\/product"}],"about":[{"href":"https:\/\/cookas.wecodek.com\/pt\/wp-json\/wp\/v2\/types\/product"}],"replies":[{"embeddable":true,"href":"https:\/\/cookas.wecodek.com\/pt\/wp-json\/wp\/v2\/comments?post=5215"}],"wp:featuredmedia":[{"embeddable":true,"href":"https:\/\/cookas.wecodek.com\/pt\/wp-json\/wp\/v2\/media\/5216"}],"wp:attachment":[{"href":"https:\/\/cookas.wecodek.com\/pt\/wp-json\/wp\/v2\/media?parent=5215"}],"curies":[{"name":"wp","href":"https:\/\/api.w.org\/{rel}","templated":true}]}}