{"id":4079,"date":"2020-06-14T11:59:44","date_gmt":"2020-06-14T11:59:44","guid":{"rendered":"https:\/\/www.cookascookies.com\/?post_type=product&#038;p=4079"},"modified":"2026-02-13T12:01:19","modified_gmt":"2026-02-13T12:01:19","slug":"sardine-pork-beijinhos","status":"publish","type":"product","link":"https:\/\/cookas.wecodek.com\/pt\/produto\/sardine-pork-beijinhos\/","title":{"rendered":"Beijinhos de sardinha e porco"},"content":{"rendered":"<ul>\n<li><span style=\"color: #ccffcc;\"><b>100% aptas para consumo\nhumano<\/b><\/span><\/li>\n<li>Feitos com mais de 40% de\ncarne de porco fresca<\/li>\n<li>A carne de porco \u00e9 uma\nexcelente fonte de\namino\u00e1cidos<\/li>\n<li>Cont\u00eam mais de 10% de\nsardinhas<\/li>\n<li>Ricas em \u00e1cidos\ngordos omega-3<\/li>\n<li>As Sardinhas ajudam ainda a\nrefor\u00e7ar o sistema imunit\u00e1rio<\/li>\n<li>A aveia contribui para uma\nboa digest\u00e3o<\/li>\n<li>A Linha\u00e7a contribui para a\nmanuten\u00e7\u00e3o de um p\u00ealo\nbonito e saud\u00e1vel<\/li>\n<li>\u00d3timas guloseimas para treinos<\/li>\n<li>Feitas diariamente \u201c\u00e1 pata\u201d<\/li>\n<li>Conservadas naturalmente\ncom alecrim<\/li>\n<li>E por fim, o ingrediente mais\nimportante de todos, cont\u00eam\nmuito <span style=\"color: #ccffcc;\">AM\u2665R<\/span><\/li>\n<\/ul>\n<p><span style=\"color: #ccffcc;\">PS: Beijinhos is Portuguese and means &#8216;Little Kisses&#8217;<\/span><\/p>\n<h5><\/h5>","protected":false},"excerpt":{"rendered":"<p style=\"text-align: center;\">Snacks super crocantes de Sardinha e Porco<\/p>\n<p style=\"text-align: center;\"><em>Inspirado no Ver\u00e3o Portugu\u00eas<\/em><\/p>","protected":false},"featured_media":4107,"comment_status":"closed","ping_status":"closed","template":"","meta":[],"acf":[],"yoast_head":"<!-- This site is optimized with the Yoast SEO plugin v15.3 - https:\/\/yoast.com\/wordpress\/plugins\/seo\/ -->\n<title>Sardine &amp; Pork Beijinhos - Crunchy snacks for dogs by Cooka&#039;s Cookies<\/title>\n<meta name=\"description\" content=\"Crunchy snacks for dogs inspired by the Portuguese love for nourishing sardines. Homemade dog treats by Cooka&#039;s Cookies\" \/>\n<meta name=\"robots\" content=\"index, follow, max-snippet:-1, max-image-preview:large, max-video-preview:-1\" \/>\n<link rel=\"canonical\" href=\"https:\/\/www.cookascookies.com\/product\/sardine-pork-beijinhos\/\" \/>\n<meta property=\"og:locale\" content=\"pt_PT\" \/>\n<meta property=\"og:type\" content=\"article\" \/>\n<meta property=\"og:title\" content=\"Sardine &amp; Pork Beijinhos - Crunchy snacks for dogs by Cooka&#039;s Cookies\" \/>\n<meta property=\"og:description\" content=\"Crunchy snacks for dogs inspired by the Portuguese love for nourishing sardines. Homemade dog treats by Cooka&#039;s Cookies\" \/>\n<meta property=\"og:url\" content=\"https:\/\/www.cookascookies.com\/product\/sardine-pork-beijinhos\/\" \/>\n<meta property=\"og:site_name\" content=\"Cooka&#039;s Cookies\" \/>\n<meta property=\"article:publisher\" content=\"https:\/\/www.facebook.com\/cookascookies\/\" \/>\n<meta property=\"article:modified_time\" content=\"2026-02-13T12:01:19+00:00\" \/>\n<meta property=\"og:image\" content=\"https:\/\/cookas.wecodek.com\/wp-content\/uploads\/2020\/06\/Cookas-Cookie-Individual-Sardinha-e-Porco-4-e1592388605599.png\" \/>\n\t<meta property=\"og:image:width\" content=\"600\" \/>\n\t<meta property=\"og:image:height\" content=\"1337\" \/>\n<meta name=\"twitter:card\" content=\"summary_large_image\" \/>\n<meta name=\"twitter:creator\" content=\"@cookascookies\" \/>\n<meta name=\"twitter:site\" content=\"@cookascookies\" \/>\n<meta name=\"twitter:label1\" content=\"Written by\">\n\t<meta name=\"twitter:data1\" content=\"Aline Saup\u00e9\">\n\t<meta name=\"twitter:label2\" content=\"Est. reading time\">\n\t<meta name=\"twitter:data2\" content=\"0 minutos\">\n<script type=\"application\/ld+json\" class=\"yoast-schema-graph\">{\"@context\":\"https:\/\/schema.org\",\"@graph\":[{\"@type\":\"WebSite\",\"@id\":\"https:\/\/cookas.wecodek.com\/#website\",\"url\":\"https:\/\/cookas.wecodek.com\/\",\"name\":\"Cooka&#039;s Cookies\",\"description\":\"Real Food, Real Ingredients, Real Love.\",\"potentialAction\":[{\"@type\":\"SearchAction\",\"target\":\"https:\/\/cookas.wecodek.com\/?s={search_term_string}\",\"query-input\":\"required name=search_term_string\"}],\"inLanguage\":\"pt-PT\"},{\"@type\":\"ImageObject\",\"@id\":\"https:\/\/www.cookascookies.com\/product\/sardine-pork-beijinhos\/#primaryimage\",\"inLanguage\":\"pt-PT\",\"url\":\"https:\/\/cookas.wecodek.com\/wp-content\/uploads\/2020\/06\/Cookas-Cookie-Individual-Sardinha-e-Porco-4-e1592388605599.png\",\"width\":600,\"height\":1337,\"caption\":\"Crunchy snacks for dogs by Cooka's Cookies\"},{\"@type\":\"WebPage\",\"@id\":\"https:\/\/www.cookascookies.com\/product\/sardine-pork-beijinhos\/#webpage\",\"url\":\"https:\/\/www.cookascookies.com\/product\/sardine-pork-beijinhos\/\",\"name\":\"Sardine & Pork Beijinhos - Crunchy snacks for dogs by Cooka's Cookies\",\"isPartOf\":{\"@id\":\"https:\/\/cookas.wecodek.com\/#website\"},\"primaryImageOfPage\":{\"@id\":\"https:\/\/www.cookascookies.com\/product\/sardine-pork-beijinhos\/#primaryimage\"},\"datePublished\":\"2020-06-14T11:59:44+00:00\",\"dateModified\":\"2026-02-13T12:01:19+00:00\",\"description\":\"Crunchy snacks for dogs inspired by the Portuguese love for nourishing sardines. Homemade dog treats by Cooka's Cookies\",\"inLanguage\":\"pt-PT\",\"potentialAction\":[{\"@type\":\"ReadAction\",\"target\":[\"https:\/\/www.cookascookies.com\/product\/sardine-pork-beijinhos\/\"]}]}]}<\/script>\n<!-- \/ Yoast SEO plugin. -->","_links":{"self":[{"href":"https:\/\/cookas.wecodek.com\/pt\/wp-json\/wp\/v2\/product\/4079"}],"collection":[{"href":"https:\/\/cookas.wecodek.com\/pt\/wp-json\/wp\/v2\/product"}],"about":[{"href":"https:\/\/cookas.wecodek.com\/pt\/wp-json\/wp\/v2\/types\/product"}],"replies":[{"embeddable":true,"href":"https:\/\/cookas.wecodek.com\/pt\/wp-json\/wp\/v2\/comments?post=4079"}],"wp:featuredmedia":[{"embeddable":true,"href":"https:\/\/cookas.wecodek.com\/pt\/wp-json\/wp\/v2\/media\/4107"}],"wp:attachment":[{"href":"https:\/\/cookas.wecodek.com\/pt\/wp-json\/wp\/v2\/media?parent=4079"}],"curies":[{"name":"wp","href":"https:\/\/api.w.org\/{rel}","templated":true}]}}