{"id":4063,"date":"2020-06-14T10:50:59","date_gmt":"2020-06-14T10:50:59","guid":{"rendered":"https:\/\/www.cookascookies.com\/?post_type=product&#038;p=4063"},"modified":"2026-01-08T23:26:59","modified_gmt":"2026-01-08T23:26:59","slug":"turkey-beijinhos","status":"publish","type":"product","link":"https:\/\/cookas.wecodek.com\/pt\/produto\/turkey-beijinhos\/","title":{"rendered":"Beijinhos de Peru"},"content":{"rendered":"<ul>\n<li><span style=\"color: #ffcc99;\"><b>100% aptas para consumo\nhumano<\/b><\/span><\/li>\n<li>Feitos com mais de 50%\nde carne fresca de peru<\/li>\n<li>O peru \u00e9 uma carne magra\ne baixa em calorias<\/li>\n<li>O peru \u00e9 considerado\nhipoalerg\u00eanico<\/li>\n<li>Cont\u00eam aveia que \u00e9 ideal\npara a melhorar a digest\u00e3o<\/li>\n<li>A Linha\u00e7a contribui para a\nmanuten\u00e7\u00e3o de um p\u00ealo\nbonito e saud\u00e1vel<\/li>\n<li>\u00d3timas guloseimas para treinos<\/li>\n<li>Feitas diariamente \u201c\u00e1 pata\u201d<\/li>\n<li>Conservadas naturalmente\ncom alecrim<\/li>\n<li>E por fim, o ingrediente mais\nimportante de todos, cont\u00eam\nmuito <span style=\"color: #ffcc99;\">AM\u2665R<\/span><\/li>\n<\/ul>\n<p><span style=\"color: #ffcc99;\">PS: Beijinhos is Portuguese and means &#8216;Little Kisses&#8217;<\/span><\/p>\n<p>&nbsp;<\/p>\n<p>&nbsp;<\/p>\n<p>&nbsp;<\/p>\n<p>&nbsp;<\/p>","protected":false},"excerpt":{"rendered":"<p style=\"text-align: center;\">Snacks super crocantes de peru<\/p>\n<p style=\"text-align: center;\"><em>Hipoalerg\u00e9nico<\/em><\/p>","protected":false},"featured_media":4104,"comment_status":"closed","ping_status":"closed","template":"","meta":[],"acf":[],"yoast_head":"<!-- This site is optimized with the Yoast SEO plugin v15.3 - https:\/\/yoast.com\/wordpress\/plugins\/seo\/ -->\n<title>Turkey Beijinhos - Healthy crunchy dog treats by Cooka&#039;s Cookies<\/title>\n<meta name=\"description\" content=\"Crunchy turkey treats for dogs. Great for training and on the go. Made with more than 50% of freshly prepared turkey meat by Cooka&#039;s Cookies\" \/>\n<meta name=\"robots\" content=\"index, follow, max-snippet:-1, max-image-preview:large, max-video-preview:-1\" \/>\n<link rel=\"canonical\" href=\"https:\/\/www.cookascookies.com\/product\/turkey-beijinhos\/\" \/>\n<meta property=\"og:locale\" content=\"pt_PT\" \/>\n<meta property=\"og:type\" content=\"article\" \/>\n<meta property=\"og:title\" content=\"Turkey Beijinhos - Healthy crunchy dog treats by Cooka&#039;s Cookies\" \/>\n<meta property=\"og:description\" content=\"Crunchy turkey treats for dogs. Great for training and on the go. Made with more than 50% of freshly prepared turkey meat by Cooka&#039;s Cookies\" \/>\n<meta property=\"og:url\" content=\"https:\/\/www.cookascookies.com\/product\/turkey-beijinhos\/\" \/>\n<meta property=\"og:site_name\" content=\"Cooka&#039;s Cookies\" \/>\n<meta property=\"article:publisher\" content=\"https:\/\/www.facebook.com\/cookascookies\/\" \/>\n<meta property=\"article:modified_time\" content=\"2026-01-08T23:26:59+00:00\" \/>\n<meta property=\"og:image\" content=\"https:\/\/cookas.wecodek.com\/wp-content\/uploads\/2020\/06\/Cookas-Cookie-Individual-Peru-e1593209023642.png\" \/>\n\t<meta property=\"og:image:width\" content=\"900\" \/>\n\t<meta property=\"og:image:height\" content=\"1879\" \/>\n<meta name=\"twitter:card\" content=\"summary_large_image\" \/>\n<meta name=\"twitter:creator\" content=\"@cookascookies\" \/>\n<meta name=\"twitter:site\" content=\"@cookascookies\" \/>\n<meta name=\"twitter:label1\" content=\"Written by\">\n\t<meta name=\"twitter:data1\" content=\"Aline Saup\u00e9\">\n\t<meta name=\"twitter:label2\" content=\"Est. reading time\">\n\t<meta name=\"twitter:data2\" content=\"0 minutos\">\n<script type=\"application\/ld+json\" class=\"yoast-schema-graph\">{\"@context\":\"https:\/\/schema.org\",\"@graph\":[{\"@type\":\"WebSite\",\"@id\":\"https:\/\/cookas.wecodek.com\/#website\",\"url\":\"https:\/\/cookas.wecodek.com\/\",\"name\":\"Cooka&#039;s Cookies\",\"description\":\"Real Food, Real Ingredients, Real Love.\",\"potentialAction\":[{\"@type\":\"SearchAction\",\"target\":\"https:\/\/cookas.wecodek.com\/?s={search_term_string}\",\"query-input\":\"required name=search_term_string\"}],\"inLanguage\":\"pt-PT\"},{\"@type\":\"ImageObject\",\"@id\":\"https:\/\/www.cookascookies.com\/product\/turkey-beijinhos\/#primaryimage\",\"inLanguage\":\"pt-PT\",\"url\":\"https:\/\/cookas.wecodek.com\/wp-content\/uploads\/2020\/06\/Cookas-Cookie-Individual-Peru-e1593209023642.png\",\"width\":900,\"height\":1879,\"caption\":\"Homemade dog treats by Cooka's Cookies\"},{\"@type\":\"WebPage\",\"@id\":\"https:\/\/www.cookascookies.com\/product\/turkey-beijinhos\/#webpage\",\"url\":\"https:\/\/www.cookascookies.com\/product\/turkey-beijinhos\/\",\"name\":\"Turkey Beijinhos - Healthy crunchy dog treats by Cooka's Cookies\",\"isPartOf\":{\"@id\":\"https:\/\/cookas.wecodek.com\/#website\"},\"primaryImageOfPage\":{\"@id\":\"https:\/\/www.cookascookies.com\/product\/turkey-beijinhos\/#primaryimage\"},\"datePublished\":\"2020-06-14T10:50:59+00:00\",\"dateModified\":\"2026-01-08T23:26:59+00:00\",\"description\":\"Crunchy turkey treats for dogs. Great for training and on the go. Made with more than 50% of freshly prepared turkey meat by Cooka's Cookies\",\"inLanguage\":\"pt-PT\",\"potentialAction\":[{\"@type\":\"ReadAction\",\"target\":[\"https:\/\/www.cookascookies.com\/product\/turkey-beijinhos\/\"]}]}]}<\/script>\n<!-- \/ Yoast SEO plugin. -->","_links":{"self":[{"href":"https:\/\/cookas.wecodek.com\/pt\/wp-json\/wp\/v2\/product\/4063"}],"collection":[{"href":"https:\/\/cookas.wecodek.com\/pt\/wp-json\/wp\/v2\/product"}],"about":[{"href":"https:\/\/cookas.wecodek.com\/pt\/wp-json\/wp\/v2\/types\/product"}],"replies":[{"embeddable":true,"href":"https:\/\/cookas.wecodek.com\/pt\/wp-json\/wp\/v2\/comments?post=4063"}],"wp:featuredmedia":[{"embeddable":true,"href":"https:\/\/cookas.wecodek.com\/pt\/wp-json\/wp\/v2\/media\/4104"}],"wp:attachment":[{"href":"https:\/\/cookas.wecodek.com\/pt\/wp-json\/wp\/v2\/media?parent=4063"}],"curies":[{"name":"wp","href":"https:\/\/api.w.org\/{rel}","templated":true}]}}