{"id":2071,"date":"2019-08-01T12:39:47","date_gmt":"2019-08-01T12:39:47","guid":{"rendered":"https:\/\/www.cookascookies.com\/?post_type=product&#038;p=2071"},"modified":"2026-01-08T23:24:26","modified_gmt":"2026-01-08T23:24:26","slug":"acores-emerald","status":"publish","type":"product","link":"https:\/\/cookas.wecodek.com\/pt\/produto\/acores-emerald\/","title":{"rendered":"Porto Spirit"},"content":{"rendered":"<ul>\n<li><span style=\"color: #99cc00;\"><b>100% aptas para consumo\nhumano<\/b><\/span><\/li>\n<li>Spirulina is a &#8216;potent&#8217; source of nutrients<\/li>\n<li><i>A<\/i> \u201calga\u201d natural \u00e9\nincrivelmente rica em\nprote\u00edna<\/li>\n<li>A clorofila ajuda a eliminar\ntoxinas<\/li>\n<li>As ma\u00e7\u00e3s contribuem para\num sistema digestivo\nsaud\u00e1vel<\/li>\n<li><em>Linha\u00e7a<\/em>\u00a0refor\u00e7a o sistema\nimunit\u00e1rio<\/li>\n<li><em>Semente de c\u00e2nhamo <\/em>contribuem para a\nmanuten\u00e7\u00e3o de um p\u00ealo\nbonito e saud\u00e1vel<\/li>\n<li>Feitos diariamente \u201c\u00e1 pata\u201d<\/li>\n<li>Conservados naturalmente com <em>alecrim<\/em><\/li>\n<li>E por fim, o ingrediente mais\nimportante de todos, cont\u00eam\nmuito<span style=\"color: #99cc00;\"> <strong>AM\u2665R<\/strong><\/span><\/li>\n<\/ul>\n<p>&nbsp;<\/p>\n<h4><\/h4>","protected":false},"excerpt":{"rendered":"<p style=\"text-align: center;\">Biscoitos super nutritivos enriquecidos com Spirulina<\/p>\n<p style=\"text-align: center;\"><em>Para Refor\u00e7o de Energia<\/em><\/p>\n<h6><\/h6>\n<h6><\/h6>\n<p>&nbsp;<\/p>\n<h6><\/h6>","protected":false},"featured_media":12408,"comment_status":"closed","ping_status":"closed","template":"","meta":[],"acf":[],"yoast_head":"<!-- This site is optimized with the Yoast SEO plugin v15.3 - https:\/\/yoast.com\/wordpress\/plugins\/seo\/ -->\n<title>Acores Emerald - A super snack for dogs by Cooka&#039;s Cookies<\/title>\n<meta name=\"description\" content=\"Acore Emerald A true super snack perfect for dogs that need more energy - Well-balanced dog treats by Cooka&#039;s Cookies\" \/>\n<meta name=\"robots\" content=\"index, follow, max-snippet:-1, max-image-preview:large, max-video-preview:-1\" \/>\n<link rel=\"canonical\" href=\"https:\/\/www.cookascookies.com\/product\/acores-emerald\/\" \/>\n<meta property=\"og:locale\" content=\"pt_PT\" \/>\n<meta property=\"og:type\" content=\"article\" \/>\n<meta property=\"og:title\" content=\"Acores Emerald - A super snack for dogs by Cooka&#039;s Cookies\" \/>\n<meta property=\"og:description\" content=\"Acore Emerald A true super snack perfect for dogs that need more energy - Well-balanced dog treats by Cooka&#039;s Cookies\" \/>\n<meta property=\"og:url\" content=\"https:\/\/www.cookascookies.com\/product\/acores-emerald\/\" \/>\n<meta property=\"og:site_name\" content=\"Cooka&#039;s Cookies\" \/>\n<meta property=\"article:publisher\" content=\"https:\/\/www.facebook.com\/cookascookies\/\" \/>\n<meta property=\"article:modified_time\" content=\"2026-01-08T23:24:26+00:00\" \/>\n<meta property=\"og:image\" content=\"https:\/\/cookas.wecodek.com\/wp-content\/uploads\/2022\/10\/Halloween-logo-e1726424454823.png\" \/>\n\t<meta property=\"og:image:width\" content=\"231\" \/>\n\t<meta property=\"og:image:height\" content=\"526\" \/>\n<meta name=\"twitter:card\" content=\"summary_large_image\" \/>\n<meta name=\"twitter:creator\" content=\"@cookascookies\" \/>\n<meta name=\"twitter:site\" content=\"@cookascookies\" \/>\n<meta name=\"twitter:label1\" content=\"Written by\">\n\t<meta name=\"twitter:data1\" content=\"Aline Saup\u00e9\">\n\t<meta name=\"twitter:label2\" content=\"Est. reading time\">\n\t<meta name=\"twitter:data2\" content=\"0 minutos\">\n<script type=\"application\/ld+json\" class=\"yoast-schema-graph\">{\"@context\":\"https:\/\/schema.org\",\"@graph\":[{\"@type\":\"WebSite\",\"@id\":\"https:\/\/cookas.wecodek.com\/#website\",\"url\":\"https:\/\/cookas.wecodek.com\/\",\"name\":\"Cooka&#039;s Cookies\",\"description\":\"Real Food, Real Ingredients, Real Love.\",\"potentialAction\":[{\"@type\":\"SearchAction\",\"target\":\"https:\/\/cookas.wecodek.com\/?s={search_term_string}\",\"query-input\":\"required name=search_term_string\"}],\"inLanguage\":\"pt-PT\"},{\"@type\":\"ImageObject\",\"@id\":\"https:\/\/www.cookascookies.com\/product\/acores-emerald\/#primaryimage\",\"inLanguage\":\"pt-PT\",\"url\":\"https:\/\/cookas.wecodek.com\/wp-content\/uploads\/2022\/10\/Halloween-logo-e1726424454823.png\",\"width\":231,\"height\":526},{\"@type\":\"WebPage\",\"@id\":\"https:\/\/www.cookascookies.com\/product\/acores-emerald\/#webpage\",\"url\":\"https:\/\/www.cookascookies.com\/product\/acores-emerald\/\",\"name\":\"Acores Emerald - A super snack for dogs by Cooka's Cookies\",\"isPartOf\":{\"@id\":\"https:\/\/cookas.wecodek.com\/#website\"},\"primaryImageOfPage\":{\"@id\":\"https:\/\/www.cookascookies.com\/product\/acores-emerald\/#primaryimage\"},\"datePublished\":\"2019-08-01T12:39:47+00:00\",\"dateModified\":\"2026-01-08T23:24:26+00:00\",\"description\":\"Acore Emerald A true super snack perfect for dogs that need more energy - Well-balanced dog treats by Cooka's Cookies\",\"inLanguage\":\"pt-PT\",\"potentialAction\":[{\"@type\":\"ReadAction\",\"target\":[\"https:\/\/www.cookascookies.com\/product\/acores-emerald\/\"]}]}]}<\/script>\n<!-- \/ Yoast SEO plugin. -->","_links":{"self":[{"href":"https:\/\/cookas.wecodek.com\/pt\/wp-json\/wp\/v2\/product\/2071"}],"collection":[{"href":"https:\/\/cookas.wecodek.com\/pt\/wp-json\/wp\/v2\/product"}],"about":[{"href":"https:\/\/cookas.wecodek.com\/pt\/wp-json\/wp\/v2\/types\/product"}],"replies":[{"embeddable":true,"href":"https:\/\/cookas.wecodek.com\/pt\/wp-json\/wp\/v2\/comments?post=2071"}],"wp:featuredmedia":[{"embeddable":true,"href":"https:\/\/cookas.wecodek.com\/pt\/wp-json\/wp\/v2\/media\/12408"}],"wp:attachment":[{"href":"https:\/\/cookas.wecodek.com\/pt\/wp-json\/wp\/v2\/media?parent=2071"}],"curies":[{"name":"wp","href":"https:\/\/api.w.org\/{rel}","templated":true}]}}