{"id":2010,"date":"2019-07-27T23:11:59","date_gmt":"2019-07-27T23:11:59","guid":{"rendered":"https:\/\/www.cookascookies.com\/?post_type=product&#038;p=2010"},"modified":"2026-01-08T23:25:23","modified_gmt":"2026-01-08T23:25:23","slug":"lisboa-beet","status":"publish","type":"product","link":"https:\/\/cookas.wecodek.com\/pt\/produto\/lisboa-beet\/","title":{"rendered":"Lisboa Beet"},"content":{"rendered":"<ul>\n<li><span style=\"color: #ff99cc;\"><b>100% aptas para consumo\nhumano<\/b><\/span><\/li>\n<li>Com mais de 28% de\nbeterraba, que tem um efeito\nalcalinizante<\/li>\n<li>A Beterraba ajuda ainda a\ndesintoxicar o organismo<\/li>\n<li>Cont\u00eam quinoa que \u00e9 rica em\namino\u00e1cidos essenciais<\/li>\n<li>As sementes de chia\npromovem uma pelagem\nsaud\u00e1vel e brilhante<\/li>\n<li>A linha\u00e7a tem uma ac\u00e7\u00e3o\nanti-inflamat\u00f3ria<\/li>\n<li>Feitas diariamente \u201c\u00e1 pata\u201d<\/li>\n<li>Conservadas naturalmente\ncom alecrim<\/li>\n<li>E por fim, o ingrediente mais\nimportante de todos, cont\u00eam\nmuito <span style=\"color: #ff99cc;\">AM\u2665R<\/span><\/li>\n<\/ul>\n<p>&nbsp;<\/p>\n<h4><\/h4>\n<h4><\/h4>\n<p>&nbsp;<\/p>","protected":false},"excerpt":{"rendered":"<p style=\"text-align: center;\">Biscoitos super nutritivos com beterraba e quinoa<\/p>\n<p style=\"text-align: center;\"><em>Desintoxicante<\/em><\/p>\n<p>&nbsp;<\/p>\n<h6><\/h6>\n<h6><\/h6>\n<h6><\/h6>","protected":false},"featured_media":2841,"comment_status":"closed","ping_status":"closed","template":"","meta":[],"acf":[],"yoast_head":"<!-- This site is optimized with the Yoast SEO plugin v15.3 - https:\/\/yoast.com\/wordpress\/plugins\/seo\/ -->\n<title>Lisboa Beet - Nourishing dog treats by Cooka&#039;s Cookies<\/title>\n<meta name=\"description\" content=\"Cooka&#039;s Lisboa Beet barkissinis with beetroot and quinoa. Suitable for dogs with itchy skin. Nourishing super dog treats by Cooka&#039;s Cookies\" \/>\n<meta name=\"robots\" content=\"index, follow, max-snippet:-1, max-image-preview:large, max-video-preview:-1\" \/>\n<link rel=\"canonical\" href=\"https:\/\/www.cookascookies.com\/product\/lisboa-beet\/\" \/>\n<meta property=\"og:locale\" content=\"pt_PT\" \/>\n<meta property=\"og:type\" content=\"article\" \/>\n<meta property=\"og:title\" content=\"Lisboa Beet - Nourishing dog treats by Cooka&#039;s Cookies\" \/>\n<meta property=\"og:description\" content=\"Cooka&#039;s Lisboa Beet barkissinis with beetroot and quinoa. Suitable for dogs with itchy skin. Nourishing super dog treats by Cooka&#039;s Cookies\" \/>\n<meta property=\"og:url\" content=\"https:\/\/www.cookascookies.com\/product\/lisboa-beet\/\" \/>\n<meta property=\"og:site_name\" content=\"Cooka&#039;s Cookies\" \/>\n<meta property=\"article:publisher\" content=\"https:\/\/www.facebook.com\/cookascookies\/\" \/>\n<meta property=\"article:modified_time\" content=\"2026-01-08T23:25:23+00:00\" \/>\n<meta property=\"og:image\" content=\"https:\/\/cookas.wecodek.com\/wp-content\/uploads\/2019\/08\/Cookas-Cookies-Lisboa-Beet-1-e1576881533357.png\" \/>\n\t<meta property=\"og:image:width\" content=\"200\" \/>\n\t<meta property=\"og:image:height\" content=\"413\" \/>\n<meta name=\"twitter:card\" content=\"summary_large_image\" \/>\n<meta name=\"twitter:creator\" content=\"@cookascookies\" \/>\n<meta name=\"twitter:site\" content=\"@cookascookies\" \/>\n<meta name=\"twitter:label1\" content=\"Written by\">\n\t<meta name=\"twitter:data1\" content=\"Aline Saup\u00e9\">\n\t<meta name=\"twitter:label2\" content=\"Est. reading time\">\n\t<meta name=\"twitter:data2\" content=\"0 minutos\">\n<script type=\"application\/ld+json\" class=\"yoast-schema-graph\">{\"@context\":\"https:\/\/schema.org\",\"@graph\":[{\"@type\":\"WebSite\",\"@id\":\"https:\/\/cookas.wecodek.com\/#website\",\"url\":\"https:\/\/cookas.wecodek.com\/\",\"name\":\"Cooka&#039;s Cookies\",\"description\":\"Real Food, Real Ingredients, Real Love.\",\"potentialAction\":[{\"@type\":\"SearchAction\",\"target\":\"https:\/\/cookas.wecodek.com\/?s={search_term_string}\",\"query-input\":\"required name=search_term_string\"}],\"inLanguage\":\"pt-PT\"},{\"@type\":\"ImageObject\",\"@id\":\"https:\/\/www.cookascookies.com\/product\/lisboa-beet\/#primaryimage\",\"inLanguage\":\"pt-PT\",\"url\":\"https:\/\/cookas.wecodek.com\/wp-content\/uploads\/2019\/08\/Cookas-Cookies-Lisboa-Beet-1-e1576881533357.png\",\"width\":200,\"height\":413,\"caption\":\"Lisboa Beet - Dog treats\"},{\"@type\":\"WebPage\",\"@id\":\"https:\/\/www.cookascookies.com\/product\/lisboa-beet\/#webpage\",\"url\":\"https:\/\/www.cookascookies.com\/product\/lisboa-beet\/\",\"name\":\"Lisboa Beet - Nourishing dog treats by Cooka's Cookies\",\"isPartOf\":{\"@id\":\"https:\/\/cookas.wecodek.com\/#website\"},\"primaryImageOfPage\":{\"@id\":\"https:\/\/www.cookascookies.com\/product\/lisboa-beet\/#primaryimage\"},\"datePublished\":\"2019-07-27T23:11:59+00:00\",\"dateModified\":\"2026-01-08T23:25:23+00:00\",\"description\":\"Cooka's Lisboa Beet barkissinis with beetroot and quinoa. Suitable for dogs with itchy skin. Nourishing super dog treats by Cooka's Cookies\",\"inLanguage\":\"pt-PT\",\"potentialAction\":[{\"@type\":\"ReadAction\",\"target\":[\"https:\/\/www.cookascookies.com\/product\/lisboa-beet\/\"]}]}]}<\/script>\n<!-- \/ Yoast SEO plugin. -->","_links":{"self":[{"href":"https:\/\/cookas.wecodek.com\/pt\/wp-json\/wp\/v2\/product\/2010"}],"collection":[{"href":"https:\/\/cookas.wecodek.com\/pt\/wp-json\/wp\/v2\/product"}],"about":[{"href":"https:\/\/cookas.wecodek.com\/pt\/wp-json\/wp\/v2\/types\/product"}],"replies":[{"embeddable":true,"href":"https:\/\/cookas.wecodek.com\/pt\/wp-json\/wp\/v2\/comments?post=2010"}],"wp:featuredmedia":[{"embeddable":true,"href":"https:\/\/cookas.wecodek.com\/pt\/wp-json\/wp\/v2\/media\/2841"}],"wp:attachment":[{"href":"https:\/\/cookas.wecodek.com\/pt\/wp-json\/wp\/v2\/media?parent=2010"}],"curies":[{"name":"wp","href":"https:\/\/api.w.org\/{rel}","templated":true}]}}