{"id":13793,"date":"2025-06-03T11:32:46","date_gmt":"2025-06-03T11:32:46","guid":{"rendered":"https:\/\/www.cookascookies.com\/?post_type=product&#038;p=13793"},"modified":"2026-01-09T16:12:56","modified_gmt":"2026-01-09T16:12:56","slug":"purple-rain","status":"publish","type":"product","link":"https:\/\/cookas.wecodek.com\/pt\/produto\/purple-rain\/","title":{"rendered":"Purple Rain"},"content":{"rendered":"<p>Purple Rain &#8211; Meal Topper<\/p>\n<ul>\n<li><span style=\"color: #99cc00;\"><b>100% apto para consumo\nhumano<\/b><\/span><\/li>\n<li>Made from coconut and and purple sweet potato;<\/li>\n<li><span class=\"a-list-item\">Easy use &#8211; just sprinkle over meals or mix with water for a paste;<\/span><\/li>\n<li class=\"TrT0Xe\">Purple sweet potatoes are packed with fiber, which aids digestion;<\/li>\n<li class=\"TrT0Xe\">Rich in antioxidants like beta-carotene and anthocyanins, which support the immune system;<\/li>\n<li class=\"TrT0Xe\">Packed with vitamins, along with calcium, potassium, and iron, all of which contribute to overall health.<\/li>\n<\/ul>\n<p>&nbsp;<\/p>\n<p>&nbsp;<\/p>","protected":false},"excerpt":{"rendered":"<p style=\"text-align: center;\">Purple Superfood<\/p>\n<p style=\"text-align: center;\"><em>Para adicionar\n\u00e1s refei\u00e7\u00f5es e\nrefor\u00e7ar a\nnutri\u00e7\u00e3o e\nsabor<\/em><\/p>\n<p>&nbsp;<\/p>","protected":false},"featured_media":13800,"comment_status":"closed","ping_status":"closed","template":"","meta":[],"acf":[],"yoast_head":"<!-- This site is optimized with the Yoast SEO plugin v15.3 - https:\/\/yoast.com\/wordpress\/plugins\/seo\/ -->\n<title>Food Toppers Mermaid Dust by Cooka&#039;s Cooka&#039;s Cookies<\/title>\n<meta name=\"description\" content=\"Purple food topper from Cooka&#039;s Cookies. 100% Natural &amp; Human-grade. Made from coconut, purple sweet potato and heaps of LOVE\" \/>\n<meta name=\"robots\" content=\"index, follow, max-snippet:-1, max-image-preview:large, max-video-preview:-1\" \/>\n<link rel=\"canonical\" href=\"https:\/\/www.cookascookies.com\/product\/purple-rain\/\" \/>\n<meta property=\"og:locale\" content=\"pt_PT\" \/>\n<meta property=\"og:type\" content=\"article\" \/>\n<meta property=\"og:title\" content=\"Food Toppers Mermaid Dust by Cooka&#039;s Cooka&#039;s Cookies\" \/>\n<meta property=\"og:description\" content=\"Purple food topper from Cooka&#039;s Cookies. 100% Natural &amp; Human-grade. Made from coconut, purple sweet potato and heaps of LOVE\" \/>\n<meta property=\"og:url\" content=\"https:\/\/www.cookascookies.com\/product\/purple-rain\/\" \/>\n<meta property=\"og:site_name\" content=\"Cooka&#039;s Cookies\" \/>\n<meta property=\"article:publisher\" content=\"https:\/\/www.facebook.com\/cookascookies\/\" \/>\n<meta property=\"article:modified_time\" content=\"2026-01-09T16:12:56+00:00\" \/>\n<meta property=\"og:image\" content=\"https:\/\/cookas.wecodek.com\/wp-content\/uploads\/2025\/06\/purple-rain-topper.jpg.png\" \/>\n\t<meta property=\"og:image:width\" content=\"1080\" \/>\n\t<meta property=\"og:image:height\" content=\"1350\" \/>\n<meta name=\"twitter:card\" content=\"summary_large_image\" \/>\n<meta name=\"twitter:creator\" content=\"@cookascookies\" \/>\n<meta name=\"twitter:site\" content=\"@cookascookies\" \/>\n<meta name=\"twitter:label1\" content=\"Written by\">\n\t<meta name=\"twitter:data1\" content=\"Aline Saup\u00e9\">\n\t<meta name=\"twitter:label2\" content=\"Est. reading time\">\n\t<meta name=\"twitter:data2\" content=\"0 minutos\">\n<script type=\"application\/ld+json\" class=\"yoast-schema-graph\">{\"@context\":\"https:\/\/schema.org\",\"@graph\":[{\"@type\":\"WebSite\",\"@id\":\"https:\/\/cookas.wecodek.com\/#website\",\"url\":\"https:\/\/cookas.wecodek.com\/\",\"name\":\"Cooka&#039;s Cookies\",\"description\":\"Real Food, Real Ingredients, Real Love.\",\"potentialAction\":[{\"@type\":\"SearchAction\",\"target\":\"https:\/\/cookas.wecodek.com\/?s={search_term_string}\",\"query-input\":\"required name=search_term_string\"}],\"inLanguage\":\"pt-PT\"},{\"@type\":\"ImageObject\",\"@id\":\"https:\/\/www.cookascookies.com\/product\/purple-rain\/#primaryimage\",\"inLanguage\":\"pt-PT\",\"url\":\"https:\/\/cookas.wecodek.com\/wp-content\/uploads\/2025\/06\/purple-rain-topper.jpg.png\",\"width\":1080,\"height\":1350},{\"@type\":\"WebPage\",\"@id\":\"https:\/\/www.cookascookies.com\/product\/purple-rain\/#webpage\",\"url\":\"https:\/\/www.cookascookies.com\/product\/purple-rain\/\",\"name\":\"Food Toppers Mermaid Dust by Cooka's Cooka&#039;s Cookies\",\"isPartOf\":{\"@id\":\"https:\/\/cookas.wecodek.com\/#website\"},\"primaryImageOfPage\":{\"@id\":\"https:\/\/www.cookascookies.com\/product\/purple-rain\/#primaryimage\"},\"datePublished\":\"2025-06-03T11:32:46+00:00\",\"dateModified\":\"2026-01-09T16:12:56+00:00\",\"description\":\"Purple food topper from Cooka's Cookies. 100% Natural & Human-grade. Made from coconut, purple sweet potato and heaps of LOVE\",\"inLanguage\":\"pt-PT\",\"potentialAction\":[{\"@type\":\"ReadAction\",\"target\":[\"https:\/\/www.cookascookies.com\/product\/purple-rain\/\"]}]}]}<\/script>\n<!-- \/ Yoast SEO plugin. -->","_links":{"self":[{"href":"https:\/\/cookas.wecodek.com\/pt\/wp-json\/wp\/v2\/product\/13793"}],"collection":[{"href":"https:\/\/cookas.wecodek.com\/pt\/wp-json\/wp\/v2\/product"}],"about":[{"href":"https:\/\/cookas.wecodek.com\/pt\/wp-json\/wp\/v2\/types\/product"}],"replies":[{"embeddable":true,"href":"https:\/\/cookas.wecodek.com\/pt\/wp-json\/wp\/v2\/comments?post=13793"}],"wp:featuredmedia":[{"embeddable":true,"href":"https:\/\/cookas.wecodek.com\/pt\/wp-json\/wp\/v2\/media\/13800"}],"wp:attachment":[{"href":"https:\/\/cookas.wecodek.com\/pt\/wp-json\/wp\/v2\/media?parent=13793"}],"curies":[{"name":"wp","href":"https:\/\/api.w.org\/{rel}","templated":true}]}}