{"id":12981,"date":"2024-12-03T17:18:07","date_gmt":"2024-12-03T17:18:07","guid":{"rendered":"https:\/\/www.cookascookies.com\/?post_type=product&#038;p=12981"},"modified":"2026-01-09T16:08:31","modified_gmt":"2026-01-09T16:08:31","slug":"poo-fec-pumpkin","status":"publish","type":"product","link":"https:\/\/cookas.wecodek.com\/pt\/produto\/poo-fec-pumpkin\/","title":{"rendered":"Poo-fec Pumpkin"},"content":{"rendered":"<p>Pumpkin &#8211; Meal Topper Meal Topper<\/p>\n<ul>\n<li><span style=\"color: #33cccc;\"><b>40% Pumpkin fruit powder and 10% pumpkin seeds &#8211; 100% Natural<\/b><\/span><\/li>\n<li>rich in vitamins A, C &amp; E, minerals and antioxidants, ensuring daily wellness beyond perfect poos;<\/li>\n<li>Diarrhoea &amp; Scooting Support: High in fibre, natural stool firmer regulates every day bowel movements, minimising the risk of diarrhoea and constipation;<\/li>\n<li>Natural Dewormer: pumpkin seeds contain cucurbitacin, an amino acid that helps paralyze and eliminate certain types of parasites.<\/li>\n<li>Every jar is filled with heaps of<span style=\"color: #33cccc;\"> AM\u2665R<\/span><\/li>\n<\/ul>\n<p>&nbsp;<\/p>\n<p>&nbsp;<\/p>\n<p>&nbsp;<\/p>\n<p>&nbsp;<\/p>","protected":false},"excerpt":{"rendered":"<p style=\"text-align: center;\">Healthy Gut Superfood<\/p>\n<p style=\"text-align: center;\"><em>Para adicionar\n\u00e1s refei\u00e7\u00f5es e\nrefor\u00e7ar a\nnutri\u00e7\u00e3o e\nsabor<\/em><\/p>\n<p>&nbsp;<\/p>","protected":false},"featured_media":12983,"comment_status":"closed","ping_status":"closed","template":"","meta":[],"acf":[],"yoast_head":"<!-- This site is optimized with the Yoast SEO plugin v15.3 - https:\/\/yoast.com\/wordpress\/plugins\/seo\/ -->\n<title>Food Toppers Pumpkin Topper by Cooka&#039;s Cooka&#039;s Cookies<\/title>\n<meta name=\"description\" content=\"Pumpkin Topper food topper from Cooka&#039;s Cookies. 100% Natural - 100% beef tripe.Made from air-dried green tripe, ground into a powder.\" \/>\n<meta name=\"robots\" content=\"index, follow, max-snippet:-1, max-image-preview:large, max-video-preview:-1\" \/>\n<link rel=\"canonical\" href=\"https:\/\/www.cookascookies.com\/product\/poo-fec-pumpkin\/\" \/>\n<meta property=\"og:locale\" content=\"pt_PT\" \/>\n<meta property=\"og:type\" content=\"article\" \/>\n<meta property=\"og:title\" content=\"Food Toppers Pumpkin Topper by Cooka&#039;s Cooka&#039;s Cookies\" \/>\n<meta property=\"og:description\" content=\"Pumpkin Topper food topper from Cooka&#039;s Cookies. 100% Natural - 100% beef tripe.Made from air-dried green tripe, ground into a powder.\" \/>\n<meta property=\"og:url\" content=\"https:\/\/www.cookascookies.com\/product\/poo-fec-pumpkin\/\" \/>\n<meta property=\"og:site_name\" content=\"Cooka&#039;s Cookies\" \/>\n<meta property=\"article:publisher\" content=\"https:\/\/www.facebook.com\/cookascookies\/\" \/>\n<meta property=\"article:modified_time\" content=\"2026-01-09T16:08:31+00:00\" \/>\n<meta property=\"og:image\" content=\"https:\/\/cookas.wecodek.com\/wp-content\/uploads\/2024\/12\/pumkin-topper-.png\" \/>\n\t<meta property=\"og:image:width\" content=\"1080\" \/>\n\t<meta property=\"og:image:height\" content=\"1080\" \/>\n<meta name=\"twitter:card\" content=\"summary_large_image\" \/>\n<meta name=\"twitter:creator\" content=\"@cookascookies\" \/>\n<meta name=\"twitter:site\" content=\"@cookascookies\" \/>\n<meta name=\"twitter:label1\" content=\"Written by\">\n\t<meta name=\"twitter:data1\" content=\"Aline Saup\u00e9\">\n\t<meta name=\"twitter:label2\" content=\"Est. reading time\">\n\t<meta name=\"twitter:data2\" content=\"0 minutos\">\n<script type=\"application\/ld+json\" class=\"yoast-schema-graph\">{\"@context\":\"https:\/\/schema.org\",\"@graph\":[{\"@type\":\"WebSite\",\"@id\":\"https:\/\/cookas.wecodek.com\/#website\",\"url\":\"https:\/\/cookas.wecodek.com\/\",\"name\":\"Cooka&#039;s Cookies\",\"description\":\"Real Food, Real Ingredients, Real Love.\",\"potentialAction\":[{\"@type\":\"SearchAction\",\"target\":\"https:\/\/cookas.wecodek.com\/?s={search_term_string}\",\"query-input\":\"required name=search_term_string\"}],\"inLanguage\":\"pt-PT\"},{\"@type\":\"ImageObject\",\"@id\":\"https:\/\/www.cookascookies.com\/product\/poo-fec-pumpkin\/#primaryimage\",\"inLanguage\":\"pt-PT\",\"url\":\"https:\/\/cookas.wecodek.com\/wp-content\/uploads\/2024\/12\/pumkin-topper-.png\",\"width\":1080,\"height\":1080},{\"@type\":\"WebPage\",\"@id\":\"https:\/\/www.cookascookies.com\/product\/poo-fec-pumpkin\/#webpage\",\"url\":\"https:\/\/www.cookascookies.com\/product\/poo-fec-pumpkin\/\",\"name\":\"Food Toppers Pumpkin Topper by Cooka's Cooka&#039;s Cookies\",\"isPartOf\":{\"@id\":\"https:\/\/cookas.wecodek.com\/#website\"},\"primaryImageOfPage\":{\"@id\":\"https:\/\/www.cookascookies.com\/product\/poo-fec-pumpkin\/#primaryimage\"},\"datePublished\":\"2024-12-03T17:18:07+00:00\",\"dateModified\":\"2026-01-09T16:08:31+00:00\",\"description\":\"Pumpkin Topper food topper from Cooka's Cookies. 100% Natural - 100% beef tripe.Made from air-dried green tripe, ground into a powder.\",\"inLanguage\":\"pt-PT\",\"potentialAction\":[{\"@type\":\"ReadAction\",\"target\":[\"https:\/\/www.cookascookies.com\/product\/poo-fec-pumpkin\/\"]}]}]}<\/script>\n<!-- \/ Yoast SEO plugin. -->","_links":{"self":[{"href":"https:\/\/cookas.wecodek.com\/pt\/wp-json\/wp\/v2\/product\/12981"}],"collection":[{"href":"https:\/\/cookas.wecodek.com\/pt\/wp-json\/wp\/v2\/product"}],"about":[{"href":"https:\/\/cookas.wecodek.com\/pt\/wp-json\/wp\/v2\/types\/product"}],"replies":[{"embeddable":true,"href":"https:\/\/cookas.wecodek.com\/pt\/wp-json\/wp\/v2\/comments?post=12981"}],"wp:featuredmedia":[{"embeddable":true,"href":"https:\/\/cookas.wecodek.com\/pt\/wp-json\/wp\/v2\/media\/12983"}],"wp:attachment":[{"href":"https:\/\/cookas.wecodek.com\/pt\/wp-json\/wp\/v2\/media?parent=12981"}],"curies":[{"name":"wp","href":"https:\/\/api.w.org\/{rel}","templated":true}]}}