{"id":12971,"date":"2024-12-03T12:24:15","date_gmt":"2024-12-03T12:24:15","guid":{"rendered":"https:\/\/www.cookascookies.com\/?post_type=product&#038;p=12971"},"modified":"2026-01-09T16:03:37","modified_gmt":"2026-01-09T16:03:37","slug":"magic-liver-dust","status":"publish","type":"product","link":"https:\/\/cookas.wecodek.com\/pt\/produto\/magic-liver-dust\/","title":{"rendered":"Magic Liver Dust"},"content":{"rendered":"<p>Ground Beef-Tripe Meal Topper<\/p>\n<ul>\n<li><span style=\"color: #33cccc;\"><b>100% Beef liver- 100% Natural<\/b><\/span><\/li>\n<li>Great Protein Source<\/li>\n<li>Supports muscle growth, repair, and overall health.<\/li>\n<li>Contains high levels of vitamin A -important for vision, immune function, and skin health.<\/li>\n<li>Rich in iron<\/li>\n<li>with B vitamins such as B12 important for energy production and nervous system health.<\/li>\n<li>Meaty flavor of liver powder, making it a great topper to improve the appeal of meals for picky eater<\/li>\n<li>Just sprinkle over daily meals<\/li>\n<li>Every jar is filled with heaps of<span style=\"color: #33cccc;\"> AM\u2665R<\/span><\/li>\n<\/ul>\n<p>&nbsp;<\/p>\n<p>&nbsp;<\/p>\n<p>&nbsp;<\/p>\n<p>&nbsp;<\/p>","protected":false},"excerpt":{"rendered":"<p style=\"text-align: center;\">Protein Source<\/p>\n<p style=\"text-align: center;\"><em>Para adicionar\n\u00e1s refei\u00e7\u00f5es e\nrefor\u00e7ar a\nnutri\u00e7\u00e3o e\nsabor<\/em><\/p>\n<p>&nbsp;<\/p>","protected":false},"featured_media":12976,"comment_status":"closed","ping_status":"closed","template":"","meta":[],"acf":[],"yoast_head":"<!-- This site is optimized with the Yoast SEO plugin v15.3 - https:\/\/yoast.com\/wordpress\/plugins\/seo\/ -->\n<title>Food Toppers Magic Liver Dust by Cooka&#039;s Cooka&#039;s Cookies<\/title>\n<meta name=\"description\" content=\"Magic Liver Dust food topper from Cooka&#039;s Cookies. 100% Natural - 100% beef tripe.Made from air-dried green tripe, ground into a powder.\" \/>\n<meta name=\"robots\" content=\"index, follow, max-snippet:-1, max-image-preview:large, max-video-preview:-1\" \/>\n<link rel=\"canonical\" href=\"https:\/\/www.cookascookies.com\/product\/magic-liver-dust\/\" \/>\n<meta property=\"og:locale\" content=\"pt_PT\" \/>\n<meta property=\"og:type\" content=\"article\" \/>\n<meta property=\"og:title\" content=\"Food Toppers Magic Liver Dust by Cooka&#039;s Cooka&#039;s Cookies\" \/>\n<meta property=\"og:description\" content=\"Magic Liver Dust food topper from Cooka&#039;s Cookies. 100% Natural - 100% beef tripe.Made from air-dried green tripe, ground into a powder.\" \/>\n<meta property=\"og:url\" content=\"https:\/\/www.cookascookies.com\/product\/magic-liver-dust\/\" \/>\n<meta property=\"og:site_name\" content=\"Cooka&#039;s Cookies\" \/>\n<meta property=\"article:publisher\" content=\"https:\/\/www.facebook.com\/cookascookies\/\" \/>\n<meta property=\"article:modified_time\" content=\"2026-01-09T16:03:37+00:00\" \/>\n<meta property=\"og:image\" content=\"https:\/\/cookas.wecodek.com\/wp-content\/uploads\/2024\/12\/beef-liver-topper-1.png\" \/>\n\t<meta property=\"og:image:width\" content=\"1080\" \/>\n\t<meta property=\"og:image:height\" content=\"1080\" \/>\n<meta name=\"twitter:card\" content=\"summary_large_image\" \/>\n<meta name=\"twitter:creator\" content=\"@cookascookies\" \/>\n<meta name=\"twitter:site\" content=\"@cookascookies\" \/>\n<meta name=\"twitter:label1\" content=\"Written by\">\n\t<meta name=\"twitter:data1\" content=\"Aline Saup\u00e9\">\n\t<meta name=\"twitter:label2\" content=\"Est. reading time\">\n\t<meta name=\"twitter:data2\" content=\"0 minutos\">\n<script type=\"application\/ld+json\" class=\"yoast-schema-graph\">{\"@context\":\"https:\/\/schema.org\",\"@graph\":[{\"@type\":\"WebSite\",\"@id\":\"https:\/\/cookas.wecodek.com\/#website\",\"url\":\"https:\/\/cookas.wecodek.com\/\",\"name\":\"Cooka&#039;s Cookies\",\"description\":\"Real Food, Real Ingredients, Real Love.\",\"potentialAction\":[{\"@type\":\"SearchAction\",\"target\":\"https:\/\/cookas.wecodek.com\/?s={search_term_string}\",\"query-input\":\"required name=search_term_string\"}],\"inLanguage\":\"pt-PT\"},{\"@type\":\"ImageObject\",\"@id\":\"https:\/\/www.cookascookies.com\/product\/magic-liver-dust\/#primaryimage\",\"inLanguage\":\"pt-PT\",\"url\":\"https:\/\/cookas.wecodek.com\/wp-content\/uploads\/2024\/12\/beef-liver-topper-1.png\",\"width\":1080,\"height\":1080},{\"@type\":\"WebPage\",\"@id\":\"https:\/\/www.cookascookies.com\/product\/magic-liver-dust\/#webpage\",\"url\":\"https:\/\/www.cookascookies.com\/product\/magic-liver-dust\/\",\"name\":\"Food Toppers Magic Liver Dust by Cooka's Cooka&#039;s Cookies\",\"isPartOf\":{\"@id\":\"https:\/\/cookas.wecodek.com\/#website\"},\"primaryImageOfPage\":{\"@id\":\"https:\/\/www.cookascookies.com\/product\/magic-liver-dust\/#primaryimage\"},\"datePublished\":\"2024-12-03T12:24:15+00:00\",\"dateModified\":\"2026-01-09T16:03:37+00:00\",\"description\":\"Magic Liver Dust food topper from Cooka's Cookies. 100% Natural - 100% beef tripe.Made from air-dried green tripe, ground into a powder.\",\"inLanguage\":\"pt-PT\",\"potentialAction\":[{\"@type\":\"ReadAction\",\"target\":[\"https:\/\/www.cookascookies.com\/product\/magic-liver-dust\/\"]}]}]}<\/script>\n<!-- \/ Yoast SEO plugin. -->","_links":{"self":[{"href":"https:\/\/cookas.wecodek.com\/pt\/wp-json\/wp\/v2\/product\/12971"}],"collection":[{"href":"https:\/\/cookas.wecodek.com\/pt\/wp-json\/wp\/v2\/product"}],"about":[{"href":"https:\/\/cookas.wecodek.com\/pt\/wp-json\/wp\/v2\/types\/product"}],"replies":[{"embeddable":true,"href":"https:\/\/cookas.wecodek.com\/pt\/wp-json\/wp\/v2\/comments?post=12971"}],"wp:featuredmedia":[{"embeddable":true,"href":"https:\/\/cookas.wecodek.com\/pt\/wp-json\/wp\/v2\/media\/12976"}],"wp:attachment":[{"href":"https:\/\/cookas.wecodek.com\/pt\/wp-json\/wp\/v2\/media?parent=12971"}],"curies":[{"name":"wp","href":"https:\/\/api.w.org\/{rel}","templated":true}]}}