{"id":12448,"date":"2024-09-23T21:32:26","date_gmt":"2024-09-23T21:32:26","guid":{"rendered":"https:\/\/www.cookascookies.com\/?post_type=product&#038;p=12448"},"modified":"2025-11-23T23:35:35","modified_gmt":"2025-11-23T23:35:35","slug":"halloween-count-dogcula-dog-toy","status":"publish","type":"product","link":"https:\/\/cookas.wecodek.com\/pt\/produto\/halloween-count-dogcula-dog-toy\/","title":{"rendered":"Halloween &#8211; Count Dogcula Dog Toy"},"content":{"rendered":"<div class=\"u-hidden@desk-down\" data-set=\"cart-photo-replace\">\n<div class=\"js-cart-replace\">\n<div class=\"product-single__photos product-single__photos--large\" data-product-media-wrapper=\"\" data-product-media-group=\"\" data-enable-video-looping=\"false\">\n<div class=\"product-single__photo__nav js-product-slider-nav\">\n<div class=\"product-single__photo__nav__dots js-product-slider-nav-dots\" role=\"toolbar\">\n<h4><span style=\"color: #ccffcc;\">He has teeth as sharp as yours. Are you ready to fight or will you choose an immortal life?<\/span><\/h4>\n<\/div>\n<\/div>\n<\/div>\n<\/div>\n<\/div>\n<div class=\"product-single__content\">\n<div class=\"product-single__content-text rte\">\n<ul>\n<li>Crinkly, fun vampire plush toy!<\/li>\n<li>A centuries-old vampire and sorcerer is a Transylvanian nobleman. He has teeth as sharp as yours. Are you ready to fight or will you choose an immortal life?<\/li>\n<li>Crinkle Sounds: Encased within the soft plush is a layer of crinkle material that creates enticing crinkle sounds with every playful tap. This noise will trigger your dog&#8217;s natural hunting instincts and keep them engaged for hours.<\/li>\n<li>Soft and cuddly: Made with luxuriously soft and cuddly plush, the Count Dogcula Dog Toy is great for cuddling when playtime is over.<\/li>\n<li>Built to Last: Don&#8217;t worry about your Count Dogcula friend falling apart too soon!<\/li>\n<li><span style=\"color: #ff6600;\"><em>Porque os animais de estima\u00e7\u00e3o s\u00e3o nossos filhos\u2665<\/em><\/span><\/li>\n<\/ul>\n<\/div>\n<\/div>\n<p>&nbsp;<\/p>\n<p>&nbsp;<\/p>\n<p>&nbsp;<\/p>\n<h1><\/h1>\n<p>&nbsp;<\/p>\n<p>&nbsp;<\/p>\n<p>&nbsp;<\/p>","protected":false},"excerpt":{"rendered":"<p style=\"text-align: center;\">Get Spooky!<\/p>","protected":false},"featured_media":12449,"comment_status":"closed","ping_status":"closed","template":"","meta":[],"acf":[],"yoast_head":"<!-- This site is optimized with the Yoast SEO plugin v15.3 - https:\/\/yoast.com\/wordpress\/plugins\/seo\/ -->\n<title>Halloween - Count Dogcula Dog Toy - pet toys - halloween<\/title>\n<meta name=\"description\" content=\"Halloween dog toys - Count Dogcula Dog Toy wuf wuf\" \/>\n<meta name=\"robots\" content=\"index, follow, max-snippet:-1, max-image-preview:large, max-video-preview:-1\" \/>\n<link rel=\"canonical\" href=\"https:\/\/www.cookascookies.com\/product\/halloween-count-dogcula-dog-toy\/\" \/>\n<meta property=\"og:locale\" content=\"pt_PT\" \/>\n<meta property=\"og:type\" content=\"article\" \/>\n<meta property=\"og:title\" content=\"Halloween - Count Dogcula Dog Toy - pet toys - halloween\" \/>\n<meta property=\"og:description\" content=\"Halloween dog toys - Count Dogcula Dog Toy wuf wuf\" \/>\n<meta property=\"og:url\" content=\"https:\/\/www.cookascookies.com\/product\/halloween-count-dogcula-dog-toy\/\" \/>\n<meta property=\"og:site_name\" content=\"Cooka&#039;s Cookies\" \/>\n<meta property=\"article:publisher\" content=\"https:\/\/www.facebook.com\/cookascookies\/\" \/>\n<meta property=\"article:modified_time\" content=\"2025-11-23T23:35:35+00:00\" \/>\n<meta property=\"og:image\" content=\"https:\/\/cookas.wecodek.com\/wp-content\/uploads\/2024\/09\/count-dogcula-2.jpg\" \/>\n\t<meta property=\"og:image:width\" content=\"800\" \/>\n\t<meta property=\"og:image:height\" content=\"800\" \/>\n<meta name=\"twitter:card\" content=\"summary_large_image\" \/>\n<meta name=\"twitter:creator\" content=\"@cookascookies\" \/>\n<meta name=\"twitter:site\" content=\"@cookascookies\" \/>\n<meta name=\"twitter:label1\" content=\"Written by\">\n\t<meta name=\"twitter:data1\" content=\"Aline Saup\u00e9\">\n\t<meta name=\"twitter:label2\" content=\"Est. reading time\">\n\t<meta name=\"twitter:data2\" content=\"1 minuto\">\n<script type=\"application\/ld+json\" class=\"yoast-schema-graph\">{\"@context\":\"https:\/\/schema.org\",\"@graph\":[{\"@type\":\"WebSite\",\"@id\":\"https:\/\/cookas.wecodek.com\/#website\",\"url\":\"https:\/\/cookas.wecodek.com\/\",\"name\":\"Cooka&#039;s Cookies\",\"description\":\"Real Food, Real Ingredients, Real Love.\",\"potentialAction\":[{\"@type\":\"SearchAction\",\"target\":\"https:\/\/cookas.wecodek.com\/?s={search_term_string}\",\"query-input\":\"required name=search_term_string\"}],\"inLanguage\":\"pt-PT\"},{\"@type\":\"ImageObject\",\"@id\":\"https:\/\/www.cookascookies.com\/product\/halloween-count-dogcula-dog-toy\/#primaryimage\",\"inLanguage\":\"pt-PT\",\"url\":\"https:\/\/cookas.wecodek.com\/wp-content\/uploads\/2024\/09\/count-dogcula-2.jpg\",\"width\":800,\"height\":800},{\"@type\":\"WebPage\",\"@id\":\"https:\/\/www.cookascookies.com\/product\/halloween-count-dogcula-dog-toy\/#webpage\",\"url\":\"https:\/\/www.cookascookies.com\/product\/halloween-count-dogcula-dog-toy\/\",\"name\":\"Halloween - Count Dogcula Dog Toy - pet toys - halloween\",\"isPartOf\":{\"@id\":\"https:\/\/cookas.wecodek.com\/#website\"},\"primaryImageOfPage\":{\"@id\":\"https:\/\/www.cookascookies.com\/product\/halloween-count-dogcula-dog-toy\/#primaryimage\"},\"datePublished\":\"2024-09-23T21:32:26+00:00\",\"dateModified\":\"2025-11-23T23:35:35+00:00\",\"description\":\"Halloween dog toys - Count Dogcula Dog Toy wuf wuf\",\"inLanguage\":\"pt-PT\",\"potentialAction\":[{\"@type\":\"ReadAction\",\"target\":[\"https:\/\/www.cookascookies.com\/product\/halloween-count-dogcula-dog-toy\/\"]}]}]}<\/script>\n<!-- \/ Yoast SEO plugin. -->","_links":{"self":[{"href":"https:\/\/cookas.wecodek.com\/pt\/wp-json\/wp\/v2\/product\/12448"}],"collection":[{"href":"https:\/\/cookas.wecodek.com\/pt\/wp-json\/wp\/v2\/product"}],"about":[{"href":"https:\/\/cookas.wecodek.com\/pt\/wp-json\/wp\/v2\/types\/product"}],"replies":[{"embeddable":true,"href":"https:\/\/cookas.wecodek.com\/pt\/wp-json\/wp\/v2\/comments?post=12448"}],"wp:featuredmedia":[{"embeddable":true,"href":"https:\/\/cookas.wecodek.com\/pt\/wp-json\/wp\/v2\/media\/12449"}],"wp:attachment":[{"href":"https:\/\/cookas.wecodek.com\/pt\/wp-json\/wp\/v2\/media?parent=12448"}],"curies":[{"name":"wp","href":"https:\/\/api.w.org\/{rel}","templated":true}]}}