{"id":12226,"date":"2024-08-24T12:22:04","date_gmt":"2024-08-24T12:22:04","guid":{"rendered":"https:\/\/www.cookascookies.com\/?post_type=product&#038;p=12226"},"modified":"2026-01-09T16:04:41","modified_gmt":"2026-01-09T16:04:41","slug":"magic-tripe-dust","status":"publish","type":"product","link":"https:\/\/cookas.wecodek.com\/pt\/produto\/magic-tripe-dust\/","title":{"rendered":"Magic Tripe Dust"},"content":{"rendered":"<p>Ground Beef-Tripe Meal Topper<\/p>\n<ul>\n<li><span style=\"color: #33cccc;\"><b>100% Beef Tripe &#8211; 100% Natural<\/b><\/span><\/li>\n<li>Ricas em prote\u00edna<\/li>\n<li>Keeps the stomach flora balanced<\/li>\n<li>Contains nutrient-rich pre-digested greens brimming with nutrients<\/li>\n<li>Just sprinkle over daily meals<\/li>\n<li>High amounts of lactobacillus acidophilus, a healthy probiotic<\/li>\n<li>Available in a jar or &#8216;a granel&#8217;<\/li>\n<li>Every jar is filled with heaps of<span style=\"color: #33cccc;\"> AM\u2665R<\/span><\/li>\n<\/ul>\n<p>&nbsp;<\/p>\n<p>&nbsp;<\/p>\n<p>&nbsp;<\/p>\n<p>&nbsp;<\/p>","protected":false},"excerpt":{"rendered":"<p style=\"text-align: center;\">Probiotic Superfood<\/p>\n<p style=\"text-align: center;\"><em>Para adicionar\n\u00e1s refei\u00e7\u00f5es e\nrefor\u00e7ar a\nnutri\u00e7\u00e3o e\nsabor<\/em><\/p>\n<p>&nbsp;<\/p>","protected":false},"featured_media":12920,"comment_status":"closed","ping_status":"closed","template":"","meta":[],"acf":[],"yoast_head":"<!-- This site is optimized with the Yoast SEO plugin v15.3 - https:\/\/yoast.com\/wordpress\/plugins\/seo\/ -->\n<title>Food Toppers Magic Tripe Dust by Cooka&#039;s Cooka&#039;s Cookies<\/title>\n<meta name=\"description\" content=\"Magic Tripe Dust food topper from Cooka&#039;s Cookies. 100% Natural - 100% beef tripe.Made from air-dried green tripe, ground into a powder.\" \/>\n<meta name=\"robots\" content=\"index, follow, max-snippet:-1, max-image-preview:large, max-video-preview:-1\" \/>\n<link rel=\"canonical\" href=\"https:\/\/www.cookascookies.com\/product\/magic-tripe-dust\/\" \/>\n<meta property=\"og:locale\" content=\"pt_PT\" \/>\n<meta property=\"og:type\" content=\"article\" \/>\n<meta property=\"og:title\" content=\"Food Toppers Magic Tripe Dust by Cooka&#039;s Cooka&#039;s Cookies\" \/>\n<meta property=\"og:description\" content=\"Magic Tripe Dust food topper from Cooka&#039;s Cookies. 100% Natural - 100% beef tripe.Made from air-dried green tripe, ground into a powder.\" \/>\n<meta property=\"og:url\" content=\"https:\/\/www.cookascookies.com\/product\/magic-tripe-dust\/\" \/>\n<meta property=\"og:site_name\" content=\"Cooka&#039;s Cookies\" \/>\n<meta property=\"article:publisher\" content=\"https:\/\/www.facebook.com\/cookascookies\/\" \/>\n<meta property=\"article:modified_time\" content=\"2026-01-09T16:04:41+00:00\" \/>\n<meta property=\"og:image\" content=\"https:\/\/cookas.wecodek.com\/wp-content\/uploads\/2024\/08\/beef-tripe-topper-1-1.png\" \/>\n\t<meta property=\"og:image:width\" content=\"1080\" \/>\n\t<meta property=\"og:image:height\" content=\"1080\" \/>\n<meta name=\"twitter:card\" content=\"summary_large_image\" \/>\n<meta name=\"twitter:creator\" content=\"@cookascookies\" \/>\n<meta name=\"twitter:site\" content=\"@cookascookies\" \/>\n<meta name=\"twitter:label1\" content=\"Written by\">\n\t<meta name=\"twitter:data1\" content=\"Aline Saup\u00e9\">\n\t<meta name=\"twitter:label2\" content=\"Est. reading time\">\n\t<meta name=\"twitter:data2\" content=\"0 minutos\">\n<script type=\"application\/ld+json\" class=\"yoast-schema-graph\">{\"@context\":\"https:\/\/schema.org\",\"@graph\":[{\"@type\":\"WebSite\",\"@id\":\"https:\/\/cookas.wecodek.com\/#website\",\"url\":\"https:\/\/cookas.wecodek.com\/\",\"name\":\"Cooka&#039;s Cookies\",\"description\":\"Real Food, Real Ingredients, Real Love.\",\"potentialAction\":[{\"@type\":\"SearchAction\",\"target\":\"https:\/\/cookas.wecodek.com\/?s={search_term_string}\",\"query-input\":\"required name=search_term_string\"}],\"inLanguage\":\"pt-PT\"},{\"@type\":\"ImageObject\",\"@id\":\"https:\/\/www.cookascookies.com\/product\/magic-tripe-dust\/#primaryimage\",\"inLanguage\":\"pt-PT\",\"url\":\"https:\/\/cookas.wecodek.com\/wp-content\/uploads\/2024\/08\/beef-tripe-topper-1-1.png\",\"width\":1080,\"height\":1080},{\"@type\":\"WebPage\",\"@id\":\"https:\/\/www.cookascookies.com\/product\/magic-tripe-dust\/#webpage\",\"url\":\"https:\/\/www.cookascookies.com\/product\/magic-tripe-dust\/\",\"name\":\"Food Toppers Magic Tripe Dust by Cooka's Cooka&#039;s Cookies\",\"isPartOf\":{\"@id\":\"https:\/\/cookas.wecodek.com\/#website\"},\"primaryImageOfPage\":{\"@id\":\"https:\/\/www.cookascookies.com\/product\/magic-tripe-dust\/#primaryimage\"},\"datePublished\":\"2024-08-24T12:22:04+00:00\",\"dateModified\":\"2026-01-09T16:04:41+00:00\",\"description\":\"Magic Tripe Dust food topper from Cooka's Cookies. 100% Natural - 100% beef tripe.Made from air-dried green tripe, ground into a powder.\",\"inLanguage\":\"pt-PT\",\"potentialAction\":[{\"@type\":\"ReadAction\",\"target\":[\"https:\/\/www.cookascookies.com\/product\/magic-tripe-dust\/\"]}]}]}<\/script>\n<!-- \/ Yoast SEO plugin. -->","_links":{"self":[{"href":"https:\/\/cookas.wecodek.com\/pt\/wp-json\/wp\/v2\/product\/12226"}],"collection":[{"href":"https:\/\/cookas.wecodek.com\/pt\/wp-json\/wp\/v2\/product"}],"about":[{"href":"https:\/\/cookas.wecodek.com\/pt\/wp-json\/wp\/v2\/types\/product"}],"replies":[{"embeddable":true,"href":"https:\/\/cookas.wecodek.com\/pt\/wp-json\/wp\/v2\/comments?post=12226"}],"wp:featuredmedia":[{"embeddable":true,"href":"https:\/\/cookas.wecodek.com\/pt\/wp-json\/wp\/v2\/media\/12920"}],"wp:attachment":[{"href":"https:\/\/cookas.wecodek.com\/pt\/wp-json\/wp\/v2\/media?parent=12226"}],"curies":[{"name":"wp","href":"https:\/\/api.w.org\/{rel}","templated":true}]}}