{"id":12194,"date":"2024-08-17T21:53:58","date_gmt":"2024-08-17T21:53:58","guid":{"rendered":"https:\/\/www.cookascookies.com\/?post_type=product&#038;p=12194"},"modified":"2026-02-11T13:40:45","modified_gmt":"2026-02-11T13:40:45","slug":"bee-magic","status":"publish","type":"product","link":"https:\/\/cookas.wecodek.com\/pt\/produto\/bee-magic\/","title":{"rendered":"Bee &#8211; Magic"},"content":{"rendered":"<p>Bee Pollen Meal Topper<\/p>\n<ul>\n<li><span style=\"color: #33cccc;\"><b>100% apto para consumo\nhumano<\/b><\/span><\/li>\n<li>Golden Super-food<\/li>\n<li>Just sprinkle over daily meals<\/li>\n<li>Available in a jar or &#8216;a granel&#8217;<\/li>\n<li>Protects and promotes overall health<\/li>\n<li>Contains Quercetin, a natural antihistamine<\/li>\n<li>Can help reduce allergy symptoms and allergic reactions<\/li>\n<li>Helps to relieve stress and anxiety<\/li>\n<li>Alkalising \u2013 balances the overall pH in the body<\/li>\n<li>Every jar is filled with heaps of<span style=\"color: #33cccc;\"> AM\u2665R<\/span><\/li>\n<\/ul>\n<p>&nbsp;<\/p>\n<p>&nbsp;<\/p>","protected":false},"excerpt":{"rendered":"<p style=\"text-align: center;\">Flower Pollen<\/p>\n<p style=\"text-align: center;\"><em>Para adicionar\n\u00e1s refei\u00e7\u00f5es e\nrefor\u00e7ar a\nnutri\u00e7\u00e3o e\nsabor<\/em><\/p>\n<p>&nbsp;<\/p>","protected":false},"featured_media":12909,"comment_status":"closed","ping_status":"closed","template":"","meta":[],"acf":[],"yoast_head":"<!-- This site is optimized with the Yoast SEO plugin v15.3 - https:\/\/yoast.com\/wordpress\/plugins\/seo\/ -->\n<title>Bee Pollen - superfood for cats and dogs Cooka&#039;s Cookies<\/title>\n<meta name=\"description\" content=\"Bee Magic - Bee Pollen - Meal Topper. 100% Natural &amp; Human-grade. Golden Superfood for cats and dogs from Cooka&#039;s Cookies.\" \/>\n<meta name=\"robots\" content=\"index, follow, max-snippet:-1, max-image-preview:large, max-video-preview:-1\" \/>\n<link rel=\"canonical\" href=\"https:\/\/www.cookascookies.com\/product\/bee-magic\/\" \/>\n<meta property=\"og:locale\" content=\"pt_PT\" \/>\n<meta property=\"og:type\" content=\"article\" \/>\n<meta property=\"og:title\" content=\"Bee Pollen - superfood for cats and dogs Cooka&#039;s Cookies\" \/>\n<meta property=\"og:description\" content=\"Bee Magic - Bee Pollen - Meal Topper. 100% Natural &amp; Human-grade. Golden Superfood for cats and dogs from Cooka&#039;s Cookies.\" \/>\n<meta property=\"og:url\" content=\"https:\/\/www.cookascookies.com\/product\/bee-magic\/\" \/>\n<meta property=\"og:site_name\" content=\"Cooka&#039;s Cookies\" \/>\n<meta property=\"article:publisher\" content=\"https:\/\/www.facebook.com\/cookascookies\/\" \/>\n<meta property=\"article:modified_time\" content=\"2026-02-11T13:40:45+00:00\" \/>\n<meta property=\"og:image\" content=\"https:\/\/cookas.wecodek.com\/wp-content\/uploads\/2024\/08\/bee-pollen-.png\" \/>\n\t<meta property=\"og:image:width\" content=\"1080\" \/>\n\t<meta property=\"og:image:height\" content=\"1080\" \/>\n<meta name=\"twitter:card\" content=\"summary_large_image\" \/>\n<meta name=\"twitter:creator\" content=\"@cookascookies\" \/>\n<meta name=\"twitter:site\" content=\"@cookascookies\" \/>\n<meta name=\"twitter:label1\" content=\"Written by\">\n\t<meta name=\"twitter:data1\" content=\"Aline Saup\u00e9\">\n\t<meta name=\"twitter:label2\" content=\"Est. reading time\">\n\t<meta name=\"twitter:data2\" content=\"0 minutos\">\n<script type=\"application\/ld+json\" class=\"yoast-schema-graph\">{\"@context\":\"https:\/\/schema.org\",\"@graph\":[{\"@type\":\"WebSite\",\"@id\":\"https:\/\/cookas.wecodek.com\/#website\",\"url\":\"https:\/\/cookas.wecodek.com\/\",\"name\":\"Cooka&#039;s Cookies\",\"description\":\"Real Food, Real Ingredients, Real Love.\",\"potentialAction\":[{\"@type\":\"SearchAction\",\"target\":\"https:\/\/cookas.wecodek.com\/?s={search_term_string}\",\"query-input\":\"required name=search_term_string\"}],\"inLanguage\":\"pt-PT\"},{\"@type\":\"ImageObject\",\"@id\":\"https:\/\/www.cookascookies.com\/product\/bee-magic\/#primaryimage\",\"inLanguage\":\"pt-PT\",\"url\":\"https:\/\/cookas.wecodek.com\/wp-content\/uploads\/2024\/08\/bee-pollen-.png\",\"width\":1080,\"height\":1080},{\"@type\":\"WebPage\",\"@id\":\"https:\/\/www.cookascookies.com\/product\/bee-magic\/#webpage\",\"url\":\"https:\/\/www.cookascookies.com\/product\/bee-magic\/\",\"name\":\"Bee Pollen - superfood for cats and dogs Cooka&#039;s Cookies\",\"isPartOf\":{\"@id\":\"https:\/\/cookas.wecodek.com\/#website\"},\"primaryImageOfPage\":{\"@id\":\"https:\/\/www.cookascookies.com\/product\/bee-magic\/#primaryimage\"},\"datePublished\":\"2024-08-17T21:53:58+00:00\",\"dateModified\":\"2026-02-11T13:40:45+00:00\",\"description\":\"Bee Magic - Bee Pollen - Meal Topper. 100% Natural & Human-grade. Golden Superfood for cats and dogs from Cooka's Cookies.\",\"inLanguage\":\"pt-PT\",\"potentialAction\":[{\"@type\":\"ReadAction\",\"target\":[\"https:\/\/www.cookascookies.com\/product\/bee-magic\/\"]}]}]}<\/script>\n<!-- \/ Yoast SEO plugin. -->","_links":{"self":[{"href":"https:\/\/cookas.wecodek.com\/pt\/wp-json\/wp\/v2\/product\/12194"}],"collection":[{"href":"https:\/\/cookas.wecodek.com\/pt\/wp-json\/wp\/v2\/product"}],"about":[{"href":"https:\/\/cookas.wecodek.com\/pt\/wp-json\/wp\/v2\/types\/product"}],"replies":[{"embeddable":true,"href":"https:\/\/cookas.wecodek.com\/pt\/wp-json\/wp\/v2\/comments?post=12194"}],"wp:featuredmedia":[{"embeddable":true,"href":"https:\/\/cookas.wecodek.com\/pt\/wp-json\/wp\/v2\/media\/12909"}],"wp:attachment":[{"href":"https:\/\/cookas.wecodek.com\/pt\/wp-json\/wp\/v2\/media?parent=12194"}],"curies":[{"name":"wp","href":"https:\/\/api.w.org\/{rel}","templated":true}]}}