{"id":12173,"date":"2024-08-16T20:53:44","date_gmt":"2024-08-16T20:53:44","guid":{"rendered":"https:\/\/www.cookascookies.com\/?post_type=product&#038;p=12173"},"modified":"2026-01-09T19:28:53","modified_gmt":"2026-01-09T19:28:53","slug":"mermaid-dust","status":"publish","type":"product","link":"https:\/\/cookas.wecodek.com\/pt\/produto\/mermaid-dust\/","title":{"rendered":"Mermaid Dust"},"content":{"rendered":"<p>Add a spoon of \u00a0blue super-food to your pet&#8217;s daily meals.<\/p>\n<ul>\n<li><span style=\"color: #99cc00;\"><b>100% apto para consumo\nhumano<\/b><\/span><\/li>\n<li>Made from coconut and blue spirulina<\/li>\n<li><span class=\"a-list-item\">Easy use &#8211; just sprinkle over meals or mix with water for a paste<\/span><\/li>\n<li>Spirulina is a high-protein superfood<\/li>\n<li><span class=\"a-list-item\">Sem gl\u00faten e sem cereais<\/span><\/li>\n<li class=\"TrT0Xe\">May strengthen the immune system<\/li>\n<li class=\"TrT0Xe\">Ajuda a eliminar toxinas do\norganismo<\/li>\n<li class=\"TrT0Xe\">Melhora a digest\u00e3o e a sa\u00fade\ngastro-intestina<\/li>\n<li class=\"TrT0Xe\">Melhora a sa\u00fade da pele e\najuda a manter um p\u00ealo\nsaud\u00e1vel e brilhante<\/li>\n<\/ul>\n<p>&nbsp;<\/p>\n<p>&nbsp;<\/p>","protected":false},"excerpt":{"rendered":"<p style=\"text-align: center;\">Blue Superfood<\/p>\n<p style=\"text-align: center;\"><em>Para adicionar\n\u00e1s refei\u00e7\u00f5es e\nrefor\u00e7ar a\nnutri\u00e7\u00e3o e\nsabor<\/em><\/p>\n<p>&nbsp;<\/p>","protected":false},"featured_media":12890,"comment_status":"closed","ping_status":"closed","template":"","meta":[],"acf":[],"yoast_head":"<!-- This site is optimized with the Yoast SEO plugin v15.3 - https:\/\/yoast.com\/wordpress\/plugins\/seo\/ -->\n<title>Food Toppers Mermaid Dust by Cooka&#039;s Cooka&#039;s Cookies<\/title>\n<meta name=\"description\" content=\"Mermaid Dust food topper from Cooka&#039;s Cookies. 100% Natural &amp; Human-grade. Made from coconut, blue spirulina and heaps of LOVE\" \/>\n<meta name=\"robots\" content=\"index, follow, max-snippet:-1, max-image-preview:large, max-video-preview:-1\" \/>\n<link rel=\"canonical\" href=\"https:\/\/www.cookascookies.com\/product\/mermaid-dust\/\" \/>\n<meta property=\"og:locale\" content=\"pt_PT\" \/>\n<meta property=\"og:type\" content=\"article\" \/>\n<meta property=\"og:title\" content=\"Food Toppers Mermaid Dust by Cooka&#039;s Cooka&#039;s Cookies\" \/>\n<meta property=\"og:description\" content=\"Mermaid Dust food topper from Cooka&#039;s Cookies. 100% Natural &amp; Human-grade. Made from coconut, blue spirulina and heaps of LOVE\" \/>\n<meta property=\"og:url\" content=\"https:\/\/www.cookascookies.com\/product\/mermaid-dust\/\" \/>\n<meta property=\"og:site_name\" content=\"Cooka&#039;s Cookies\" \/>\n<meta property=\"article:publisher\" content=\"https:\/\/www.facebook.com\/cookascookies\/\" \/>\n<meta property=\"article:modified_time\" content=\"2026-01-09T19:28:53+00:00\" \/>\n<meta property=\"og:image\" content=\"https:\/\/cookas.wecodek.com\/wp-content\/uploads\/2024\/08\/mermaid-Dust-.png\" \/>\n\t<meta property=\"og:image:width\" content=\"1080\" \/>\n\t<meta property=\"og:image:height\" content=\"1080\" \/>\n<meta name=\"twitter:card\" content=\"summary_large_image\" \/>\n<meta name=\"twitter:creator\" content=\"@cookascookies\" \/>\n<meta name=\"twitter:site\" content=\"@cookascookies\" \/>\n<meta name=\"twitter:label1\" content=\"Written by\">\n\t<meta name=\"twitter:data1\" content=\"Aline Saup\u00e9\">\n\t<meta name=\"twitter:label2\" content=\"Est. reading time\">\n\t<meta name=\"twitter:data2\" content=\"0 minutos\">\n<script type=\"application\/ld+json\" class=\"yoast-schema-graph\">{\"@context\":\"https:\/\/schema.org\",\"@graph\":[{\"@type\":\"WebSite\",\"@id\":\"https:\/\/cookas.wecodek.com\/#website\",\"url\":\"https:\/\/cookas.wecodek.com\/\",\"name\":\"Cooka&#039;s Cookies\",\"description\":\"Real Food, Real Ingredients, Real Love.\",\"potentialAction\":[{\"@type\":\"SearchAction\",\"target\":\"https:\/\/cookas.wecodek.com\/?s={search_term_string}\",\"query-input\":\"required name=search_term_string\"}],\"inLanguage\":\"pt-PT\"},{\"@type\":\"ImageObject\",\"@id\":\"https:\/\/www.cookascookies.com\/product\/mermaid-dust\/#primaryimage\",\"inLanguage\":\"pt-PT\",\"url\":\"https:\/\/cookas.wecodek.com\/wp-content\/uploads\/2024\/08\/mermaid-Dust-.png\",\"width\":1080,\"height\":1080},{\"@type\":\"WebPage\",\"@id\":\"https:\/\/www.cookascookies.com\/product\/mermaid-dust\/#webpage\",\"url\":\"https:\/\/www.cookascookies.com\/product\/mermaid-dust\/\",\"name\":\"Food Toppers Mermaid Dust by Cooka's Cooka&#039;s Cookies\",\"isPartOf\":{\"@id\":\"https:\/\/cookas.wecodek.com\/#website\"},\"primaryImageOfPage\":{\"@id\":\"https:\/\/www.cookascookies.com\/product\/mermaid-dust\/#primaryimage\"},\"datePublished\":\"2024-08-16T20:53:44+00:00\",\"dateModified\":\"2026-01-09T19:28:53+00:00\",\"description\":\"Mermaid Dust food topper from Cooka's Cookies. 100% Natural & Human-grade. Made from coconut, blue spirulina and heaps of LOVE\",\"inLanguage\":\"pt-PT\",\"potentialAction\":[{\"@type\":\"ReadAction\",\"target\":[\"https:\/\/www.cookascookies.com\/product\/mermaid-dust\/\"]}]}]}<\/script>\n<!-- \/ Yoast SEO plugin. -->","_links":{"self":[{"href":"https:\/\/cookas.wecodek.com\/pt\/wp-json\/wp\/v2\/product\/12173"}],"collection":[{"href":"https:\/\/cookas.wecodek.com\/pt\/wp-json\/wp\/v2\/product"}],"about":[{"href":"https:\/\/cookas.wecodek.com\/pt\/wp-json\/wp\/v2\/types\/product"}],"replies":[{"embeddable":true,"href":"https:\/\/cookas.wecodek.com\/pt\/wp-json\/wp\/v2\/comments?post=12173"}],"wp:featuredmedia":[{"embeddable":true,"href":"https:\/\/cookas.wecodek.com\/pt\/wp-json\/wp\/v2\/media\/12890"}],"wp:attachment":[{"href":"https:\/\/cookas.wecodek.com\/pt\/wp-json\/wp\/v2\/media?parent=12173"}],"curies":[{"name":"wp","href":"https:\/\/api.w.org\/{rel}","templated":true}]}}