{"id":12140,"date":"2024-08-11T20:58:56","date_gmt":"2024-08-11T20:58:56","guid":{"rendered":"https:\/\/www.cookascookies.com\/?post_type=product&#038;p=12140"},"modified":"2026-01-09T15:59:54","modified_gmt":"2026-01-09T15:59:54","slug":"tooth-fairy","status":"publish","type":"product","link":"https:\/\/cookas.wecodek.com\/pt\/produto\/tooth-fairy\/","title":{"rendered":"Tooth Fairy"},"content":{"rendered":"<p>Fresh breath Meal Topper<\/p>\n<ul>\n<li><span style=\"color: #33cccc;\"><b>100% apto para consumo\nhumano<\/b><\/span><\/li>\n<li>Made from ascophyllum nodosum, coconut and parsley<\/li>\n<li>Ideal for BARF diets or as a meal topper<\/li>\n<li>Reduces bad breath &#8211; no more stinky kisses<\/li>\n<li>Can contribute to the daily dental hygiene<\/li>\n<li>Inhibits the formation of tartar and plaque<\/li>\n<li>Natural source of iodine, contributes to a normal energy metabolism<\/li>\n<li>Rich in minerals, amino acids, vitamins and trace elements<\/li>\n<li>Every jar is filled with heaps of<span style=\"color: #33cccc;\"> AM\u2665R<\/span><\/li>\n<\/ul>\n<p><em>PS: Please note that coconut clumps naturally. This will not effect the quality or taste of the product.<\/em><\/p>\n<p>&nbsp;<\/p>","protected":false},"excerpt":{"rendered":"<p style=\"text-align: center;\">Seaweed Dental Powder<\/p>\n<p style=\"text-align: center;\"><em>Para adicionar\n\u00e1s refei\u00e7\u00f5es e\nrefor\u00e7ar a\nnutri\u00e7\u00e3o e\nsabor<\/em><\/p>\n<p>&nbsp;<\/p>","protected":false},"featured_media":12962,"comment_status":"closed","ping_status":"closed","template":"","meta":[],"acf":[],"yoast_head":"<!-- This site is optimized with the Yoast SEO plugin v15.3 - https:\/\/yoast.com\/wordpress\/plugins\/seo\/ -->\n<title>Dental Powder Meal Topper &amp; Supplement Cooka&#039;s Cookies<\/title>\n<meta name=\"description\" content=\"Tooth Fairy - Dental Powder Meal Topper. 100% Natural &amp; Human-grade. Made ascophyllum nodosum, coconut and parsley.\" \/>\n<meta name=\"robots\" content=\"index, follow, max-snippet:-1, max-image-preview:large, max-video-preview:-1\" \/>\n<link rel=\"canonical\" href=\"https:\/\/www.cookascookies.com\/product\/tooth-fairy\/\" \/>\n<meta property=\"og:locale\" content=\"pt_PT\" \/>\n<meta property=\"og:type\" content=\"article\" \/>\n<meta property=\"og:title\" content=\"Dental Powder Meal Topper &amp; Supplement Cooka&#039;s Cookies\" \/>\n<meta property=\"og:description\" content=\"Tooth Fairy - Dental Powder Meal Topper. 100% Natural &amp; Human-grade. Made ascophyllum nodosum, coconut and parsley.\" \/>\n<meta property=\"og:url\" content=\"https:\/\/www.cookascookies.com\/product\/tooth-fairy\/\" \/>\n<meta property=\"og:site_name\" content=\"Cooka&#039;s Cookies\" \/>\n<meta property=\"article:publisher\" content=\"https:\/\/www.facebook.com\/cookascookies\/\" \/>\n<meta property=\"article:modified_time\" content=\"2026-01-09T15:59:54+00:00\" \/>\n<meta property=\"og:image\" content=\"https:\/\/cookas.wecodek.com\/wp-content\/uploads\/2024\/08\/tooth-fairy-dust.png\" \/>\n\t<meta property=\"og:image:width\" content=\"1080\" \/>\n\t<meta property=\"og:image:height\" content=\"1080\" \/>\n<meta name=\"twitter:card\" content=\"summary_large_image\" \/>\n<meta name=\"twitter:creator\" content=\"@cookascookies\" \/>\n<meta name=\"twitter:site\" content=\"@cookascookies\" \/>\n<meta name=\"twitter:label1\" content=\"Written by\">\n\t<meta name=\"twitter:data1\" content=\"Aline Saup\u00e9\">\n\t<meta name=\"twitter:label2\" content=\"Est. reading time\">\n\t<meta name=\"twitter:data2\" content=\"0 minutos\">\n<script type=\"application\/ld+json\" class=\"yoast-schema-graph\">{\"@context\":\"https:\/\/schema.org\",\"@graph\":[{\"@type\":\"WebSite\",\"@id\":\"https:\/\/cookas.wecodek.com\/#website\",\"url\":\"https:\/\/cookas.wecodek.com\/\",\"name\":\"Cooka&#039;s Cookies\",\"description\":\"Real Food, Real Ingredients, Real Love.\",\"potentialAction\":[{\"@type\":\"SearchAction\",\"target\":\"https:\/\/cookas.wecodek.com\/?s={search_term_string}\",\"query-input\":\"required name=search_term_string\"}],\"inLanguage\":\"pt-PT\"},{\"@type\":\"ImageObject\",\"@id\":\"https:\/\/www.cookascookies.com\/product\/tooth-fairy\/#primaryimage\",\"inLanguage\":\"pt-PT\",\"url\":\"https:\/\/cookas.wecodek.com\/wp-content\/uploads\/2024\/08\/tooth-fairy-dust.png\",\"width\":1080,\"height\":1080},{\"@type\":\"WebPage\",\"@id\":\"https:\/\/www.cookascookies.com\/product\/tooth-fairy\/#webpage\",\"url\":\"https:\/\/www.cookascookies.com\/product\/tooth-fairy\/\",\"name\":\"Dental Powder Meal Topper & Supplement Cooka&#039;s Cookies\",\"isPartOf\":{\"@id\":\"https:\/\/cookas.wecodek.com\/#website\"},\"primaryImageOfPage\":{\"@id\":\"https:\/\/www.cookascookies.com\/product\/tooth-fairy\/#primaryimage\"},\"datePublished\":\"2024-08-11T20:58:56+00:00\",\"dateModified\":\"2026-01-09T15:59:54+00:00\",\"description\":\"Tooth Fairy - Dental Powder Meal Topper. 100% Natural & Human-grade. Made ascophyllum nodosum, coconut and parsley.\",\"inLanguage\":\"pt-PT\",\"potentialAction\":[{\"@type\":\"ReadAction\",\"target\":[\"https:\/\/www.cookascookies.com\/product\/tooth-fairy\/\"]}]}]}<\/script>\n<!-- \/ Yoast SEO plugin. -->","_links":{"self":[{"href":"https:\/\/cookas.wecodek.com\/pt\/wp-json\/wp\/v2\/product\/12140"}],"collection":[{"href":"https:\/\/cookas.wecodek.com\/pt\/wp-json\/wp\/v2\/product"}],"about":[{"href":"https:\/\/cookas.wecodek.com\/pt\/wp-json\/wp\/v2\/types\/product"}],"replies":[{"embeddable":true,"href":"https:\/\/cookas.wecodek.com\/pt\/wp-json\/wp\/v2\/comments?post=12140"}],"wp:featuredmedia":[{"embeddable":true,"href":"https:\/\/cookas.wecodek.com\/pt\/wp-json\/wp\/v2\/media\/12962"}],"wp:attachment":[{"href":"https:\/\/cookas.wecodek.com\/pt\/wp-json\/wp\/v2\/media?parent=12140"}],"curies":[{"name":"wp","href":"https:\/\/api.w.org\/{rel}","templated":true}]}}