{"id":11823,"date":"2024-06-05T11:27:37","date_gmt":"2024-06-05T11:27:37","guid":{"rendered":"https:\/\/www.cookascookies.com\/?post_type=product&#038;p=11823"},"modified":"2026-01-09T19:30:33","modified_gmt":"2026-01-09T19:30:33","slug":"food-toppers-eggshell-powder","status":"publish","type":"product","link":"https:\/\/cookas.wecodek.com\/pt\/produto\/food-toppers-eggshell-powder\/","title":{"rendered":"Eggshellent &#8211; Calcium Booster"},"content":{"rendered":"<p>Calcium Booster<\/p>\n<ul>\n<li><span style=\"color: #33cccc;\"><b>100% Ground egg-shells<\/b><\/span><\/li>\n<li>Calcium source<\/li>\n<li>Recommended especially for diets that offer few bones<\/li>\n<li>Helps to strengthen bones in senior dogs<\/li>\n<li>Can assist cats with joint problems<\/li>\n<li>Just sprinkle over daily meals<\/li>\n<li>Cheio de montes de<span style=\"color: #33cccc;\"> AM\u2665R<\/span><\/li>\n<\/ul>\n<p>&nbsp;<\/p>\n<p><em>*<\/em><em>Do not exceed the recommended dosage and if your dog already receives calcium from other dietary sources you may reduce the dosage accordingly. It is always recommended to speak with your vet before adding supplements to your pet&#8217;s diet.<\/em><\/p>","protected":false},"excerpt":{"rendered":"<p style=\"text-align: center;\">Calcium<\/p>\n<p style=\"text-align: center;\"><em>Para adicionar\n\u00e1s refei\u00e7\u00f5es e\nrefor\u00e7ar a\nnutri\u00e7\u00e3o e\nsabor<\/em><\/p>\n<p>&nbsp;<\/p>","protected":false},"featured_media":12914,"comment_status":"closed","ping_status":"closed","template":"","meta":[],"acf":[],"yoast_head":"<!-- This site is optimized with the Yoast SEO plugin v15.3 - https:\/\/yoast.com\/wordpress\/plugins\/seo\/ -->\n<title>Food Toppers Super-food Sprinkles Cooka&#039;s Cookies<\/title>\n<meta name=\"description\" content=\"Superfood sprinkles - food topper from Cooka&#039;s Cookies. 100% Natural &amp; Human-grade. Made from coconut, beetroot, spirulina and curcuma\" \/>\n<meta name=\"robots\" content=\"index, follow, max-snippet:-1, max-image-preview:large, max-video-preview:-1\" \/>\n<link rel=\"canonical\" href=\"https:\/\/www.cookascookies.com\/product\/food-toppers-eggshell-powder\/\" \/>\n<meta property=\"og:locale\" content=\"pt_PT\" \/>\n<meta property=\"og:type\" content=\"article\" \/>\n<meta property=\"og:title\" content=\"Food Toppers Super-food Sprinkles Cooka&#039;s Cookies\" \/>\n<meta property=\"og:description\" content=\"Superfood sprinkles - food topper from Cooka&#039;s Cookies. 100% Natural &amp; Human-grade. Made from coconut, beetroot, spirulina and curcuma\" \/>\n<meta property=\"og:url\" content=\"https:\/\/www.cookascookies.com\/product\/food-toppers-eggshell-powder\/\" \/>\n<meta property=\"og:site_name\" content=\"Cooka&#039;s Cookies\" \/>\n<meta property=\"article:publisher\" content=\"https:\/\/www.facebook.com\/cookascookies\/\" \/>\n<meta property=\"article:modified_time\" content=\"2026-01-09T19:30:33+00:00\" \/>\n<meta property=\"og:image\" content=\"https:\/\/cookas.wecodek.com\/wp-content\/uploads\/2024\/06\/egg-shell-1-1.png\" \/>\n\t<meta property=\"og:image:width\" content=\"1080\" \/>\n\t<meta property=\"og:image:height\" content=\"1080\" \/>\n<meta name=\"twitter:card\" content=\"summary_large_image\" \/>\n<meta name=\"twitter:creator\" content=\"@cookascookies\" \/>\n<meta name=\"twitter:site\" content=\"@cookascookies\" \/>\n<meta name=\"twitter:label1\" content=\"Written by\">\n\t<meta name=\"twitter:data1\" content=\"Aline Saup\u00e9\">\n\t<meta name=\"twitter:label2\" content=\"Est. reading time\">\n\t<meta name=\"twitter:data2\" content=\"0 minutos\">\n<script type=\"application\/ld+json\" class=\"yoast-schema-graph\">{\"@context\":\"https:\/\/schema.org\",\"@graph\":[{\"@type\":\"WebSite\",\"@id\":\"https:\/\/cookas.wecodek.com\/#website\",\"url\":\"https:\/\/cookas.wecodek.com\/\",\"name\":\"Cooka&#039;s Cookies\",\"description\":\"Real Food, Real Ingredients, Real Love.\",\"potentialAction\":[{\"@type\":\"SearchAction\",\"target\":\"https:\/\/cookas.wecodek.com\/?s={search_term_string}\",\"query-input\":\"required name=search_term_string\"}],\"inLanguage\":\"pt-PT\"},{\"@type\":\"ImageObject\",\"@id\":\"https:\/\/www.cookascookies.com\/product\/food-toppers-eggshell-powder\/#primaryimage\",\"inLanguage\":\"pt-PT\",\"url\":\"https:\/\/cookas.wecodek.com\/wp-content\/uploads\/2024\/06\/egg-shell-1-1.png\",\"width\":1080,\"height\":1080},{\"@type\":\"WebPage\",\"@id\":\"https:\/\/www.cookascookies.com\/product\/food-toppers-eggshell-powder\/#webpage\",\"url\":\"https:\/\/www.cookascookies.com\/product\/food-toppers-eggshell-powder\/\",\"name\":\"Food Toppers Super-food Sprinkles Cooka&#039;s Cookies\",\"isPartOf\":{\"@id\":\"https:\/\/cookas.wecodek.com\/#website\"},\"primaryImageOfPage\":{\"@id\":\"https:\/\/www.cookascookies.com\/product\/food-toppers-eggshell-powder\/#primaryimage\"},\"datePublished\":\"2024-06-05T11:27:37+00:00\",\"dateModified\":\"2026-01-09T19:30:33+00:00\",\"description\":\"Superfood sprinkles - food topper from Cooka's Cookies. 100% Natural & Human-grade. Made from coconut, beetroot, spirulina and curcuma\",\"inLanguage\":\"pt-PT\",\"potentialAction\":[{\"@type\":\"ReadAction\",\"target\":[\"https:\/\/www.cookascookies.com\/product\/food-toppers-eggshell-powder\/\"]}]}]}<\/script>\n<!-- \/ Yoast SEO plugin. -->","_links":{"self":[{"href":"https:\/\/cookas.wecodek.com\/pt\/wp-json\/wp\/v2\/product\/11823"}],"collection":[{"href":"https:\/\/cookas.wecodek.com\/pt\/wp-json\/wp\/v2\/product"}],"about":[{"href":"https:\/\/cookas.wecodek.com\/pt\/wp-json\/wp\/v2\/types\/product"}],"replies":[{"embeddable":true,"href":"https:\/\/cookas.wecodek.com\/pt\/wp-json\/wp\/v2\/comments?post=11823"}],"wp:featuredmedia":[{"embeddable":true,"href":"https:\/\/cookas.wecodek.com\/pt\/wp-json\/wp\/v2\/media\/12914"}],"wp:attachment":[{"href":"https:\/\/cookas.wecodek.com\/pt\/wp-json\/wp\/v2\/media?parent=11823"}],"curies":[{"name":"wp","href":"https:\/\/api.w.org\/{rel}","templated":true}]}}