{"id":10750,"date":"2023-10-26T17:19:33","date_gmt":"2023-10-26T17:19:33","guid":{"rendered":"https:\/\/www.cookascookies.com\/?post_type=product&#038;p=10750"},"modified":"2026-01-09T12:03:37","modified_gmt":"2026-01-09T12:03:37","slug":"golden-paste","status":"publish","type":"product","link":"https:\/\/cookas.wecodek.com\/pt\/produto\/golden-paste\/","title":{"rendered":"Pasta Dourada"},"content":{"rendered":"<p>Add a spoon of \u00a0nourishing super-food to your pet&#8217;s diet<\/p>\n<ul>\n<li><span style=\"color: #ffff99;\"><b>100% apto para consumo\nhumano<\/b><\/span><\/li>\n<li>Feito com coco, curcuma e\numa pitada de pimenta preta<\/li>\n<li><span class=\"a-list-item\">Easy use &#8211; just sprinkle over food or add water to make a paste<\/span><\/li>\n<li>Curcuma is a nourishing superfood<\/li>\n<li><span class=\"a-list-item\">Sem gl\u00faten e sem cereais<\/span><\/li>\n<li>Poderoso antioxidante<\/li>\n<li>Anti-inflamat\u00f3rio natural<\/li>\n<li>Protege o f\u00edgado de toxinas<\/li>\n<li>Great for licky-mats<\/li>\n<li>\u00d3ptimo para ajudar na\nmanuten\u00e7\u00e3o das articula\u00e7\u00f5es\nsaud\u00e1veis<\/li>\n<\/ul>\n<p>&nbsp;<\/p>","protected":false},"excerpt":{"rendered":"<p style=\"text-align: center;\">Pasta Dourada<\/p>\n<p style=\"text-align: center;\"><em>Para adicionar\n\u00e1s refei\u00e7\u00f5es e\nrefor\u00e7ar a\nnutri\u00e7\u00e3o e\nsabor<\/em><\/p>\n<p>&nbsp;<\/p>","protected":false},"featured_media":10415,"comment_status":"closed","ping_status":"closed","template":"","meta":[],"acf":[],"yoast_head":"<!-- This site is optimized with the Yoast SEO plugin v15.3 - https:\/\/yoast.com\/wordpress\/plugins\/seo\/ -->\n<title>Food Toppers Golden Paste by Cooka&#039;s Cooka&#039;s Cookies<\/title>\n<meta name=\"description\" content=\"Golden paste food topper from Cooka&#039;s Cookies. 100% Natural &amp; Human-grade. Made from coconut, spirulina and heaps of LOVE\" \/>\n<meta name=\"robots\" content=\"index, follow, max-snippet:-1, max-image-preview:large, max-video-preview:-1\" \/>\n<link rel=\"canonical\" href=\"https:\/\/www.cookascookies.com\/product\/golden-paste\/\" \/>\n<meta property=\"og:locale\" content=\"pt_PT\" \/>\n<meta property=\"og:type\" content=\"article\" \/>\n<meta property=\"og:title\" content=\"Food Toppers Golden Paste by Cooka&#039;s Cooka&#039;s Cookies\" \/>\n<meta property=\"og:description\" content=\"Golden paste food topper from Cooka&#039;s Cookies. 100% Natural &amp; Human-grade. Made from coconut, spirulina and heaps of LOVE\" \/>\n<meta property=\"og:url\" content=\"https:\/\/www.cookascookies.com\/product\/golden-paste\/\" \/>\n<meta property=\"og:site_name\" content=\"Cooka&#039;s Cookies\" \/>\n<meta property=\"article:publisher\" content=\"https:\/\/www.facebook.com\/cookascookies\/\" \/>\n<meta property=\"article:modified_time\" content=\"2026-01-09T12:03:37+00:00\" \/>\n<meta property=\"og:image\" content=\"https:\/\/cookas.wecodek.com\/wp-content\/uploads\/2021\/06\/Topper_Golden_Paste_Dust_3-e1691617897233.png\" \/>\n\t<meta property=\"og:image:width\" content=\"1222\" \/>\n\t<meta property=\"og:image:height\" content=\"1222\" \/>\n<meta name=\"twitter:card\" content=\"summary_large_image\" \/>\n<meta name=\"twitter:creator\" content=\"@cookascookies\" \/>\n<meta name=\"twitter:site\" content=\"@cookascookies\" \/>\n<meta name=\"twitter:label1\" content=\"Written by\">\n\t<meta name=\"twitter:data1\" content=\"Aline Saup\u00e9\">\n\t<meta name=\"twitter:label2\" content=\"Est. reading time\">\n\t<meta name=\"twitter:data2\" content=\"0 minutos\">\n<script type=\"application\/ld+json\" class=\"yoast-schema-graph\">{\"@context\":\"https:\/\/schema.org\",\"@graph\":[{\"@type\":\"WebSite\",\"@id\":\"https:\/\/cookas.wecodek.com\/#website\",\"url\":\"https:\/\/cookas.wecodek.com\/\",\"name\":\"Cooka&#039;s Cookies\",\"description\":\"Real Food, Real Ingredients, Real Love.\",\"potentialAction\":[{\"@type\":\"SearchAction\",\"target\":\"https:\/\/cookas.wecodek.com\/?s={search_term_string}\",\"query-input\":\"required name=search_term_string\"}],\"inLanguage\":\"pt-PT\"},{\"@type\":\"ImageObject\",\"@id\":\"https:\/\/www.cookascookies.com\/product\/golden-paste\/#primaryimage\",\"inLanguage\":\"pt-PT\",\"url\":\"https:\/\/cookas.wecodek.com\/wp-content\/uploads\/2021\/06\/Topper_Golden_Paste_Dust_3-e1691617897233.png\",\"width\":1222,\"height\":1222},{\"@type\":\"WebPage\",\"@id\":\"https:\/\/www.cookascookies.com\/product\/golden-paste\/#webpage\",\"url\":\"https:\/\/www.cookascookies.com\/product\/golden-paste\/\",\"name\":\"Food Toppers Golden Paste by Cooka's Cooka&#039;s Cookies\",\"isPartOf\":{\"@id\":\"https:\/\/cookas.wecodek.com\/#website\"},\"primaryImageOfPage\":{\"@id\":\"https:\/\/www.cookascookies.com\/product\/golden-paste\/#primaryimage\"},\"datePublished\":\"2023-10-26T17:19:33+00:00\",\"dateModified\":\"2026-01-09T12:03:37+00:00\",\"description\":\"Golden paste food topper from Cooka's Cookies. 100% Natural & Human-grade. Made from coconut, spirulina and heaps of LOVE\",\"inLanguage\":\"pt-PT\",\"potentialAction\":[{\"@type\":\"ReadAction\",\"target\":[\"https:\/\/www.cookascookies.com\/product\/golden-paste\/\"]}]}]}<\/script>\n<!-- \/ Yoast SEO plugin. -->","_links":{"self":[{"href":"https:\/\/cookas.wecodek.com\/pt\/wp-json\/wp\/v2\/product\/10750"}],"collection":[{"href":"https:\/\/cookas.wecodek.com\/pt\/wp-json\/wp\/v2\/product"}],"about":[{"href":"https:\/\/cookas.wecodek.com\/pt\/wp-json\/wp\/v2\/types\/product"}],"replies":[{"embeddable":true,"href":"https:\/\/cookas.wecodek.com\/pt\/wp-json\/wp\/v2\/comments?post=10750"}],"wp:featuredmedia":[{"embeddable":true,"href":"https:\/\/cookas.wecodek.com\/pt\/wp-json\/wp\/v2\/media\/10415"}],"wp:attachment":[{"href":"https:\/\/cookas.wecodek.com\/pt\/wp-json\/wp\/v2\/media?parent=10750"}],"curies":[{"name":"wp","href":"https:\/\/api.w.org\/{rel}","templated":true}]}}