{"id":10679,"date":"2023-10-07T16:16:38","date_gmt":"2023-10-07T16:16:38","guid":{"rendered":"https:\/\/www.cookascookies.com\/?post_type=product&#038;p=10679"},"modified":"2026-02-26T18:37:07","modified_gmt":"2026-02-26T18:37:07","slug":"mummy-crankle-toy","status":"publish","type":"product","link":"https:\/\/cookas.wecodek.com\/pt\/produto\/mummy-crankle-toy\/","title":{"rendered":"Halloween &#8211; Mummy Crankle Toy"},"content":{"rendered":"<div class=\"u-hidden@desk-down\" data-set=\"cart-photo-replace\">\n<div class=\"js-cart-replace\">\n<div class=\"product-single__photos product-single__photos--large\" data-product-media-wrapper=\"\" data-product-media-group=\"\" data-enable-video-looping=\"false\">\n<div class=\"product-single__photo__nav js-product-slider-nav\">\n<div class=\"product-single__photo__nav__dots js-product-slider-nav-dots\" role=\"toolbar\">\n<h4><span style=\"color: #ccffcc;\">Start an expedition of endless fun with the Mummy Crankle Dog Toy!<\/span><\/h4>\n<\/div>\n<\/div>\n<\/div>\n<\/div>\n<\/div>\n<div class=\"product-single__content\">\n<div class=\"product-single__content-text rte\">\n<ul>\n<li>Crinkly, fun mummy-shaped plush toy!<\/li>\n<li>This captivating mummy-shaped plush toy will transport your dog to the heart of ancient Egypt.<\/li>\n<li>Crinkle Sounds: Encased within the soft plush is a layer of crinkle material that creates enticing crinkle sounds with every playful tap. This noise will trigger your dog&#8217;s natural hunting instincts and keep them engaged for hours.<\/li>\n<li>Soft and cuddly: Made with luxuriously soft and cuddly plush, the Mummy Crinkle Dog Toy is great for cuddling when playtime is over.<\/li>\n<li>Built to Last: Don&#8217;t worry about your mummy friend falling apart too soon!<\/li>\n<li><span style=\"color: #ff6600;\"><em>Porque os animais de estima\u00e7\u00e3o s\u00e3o nossos filhos\u2665<\/em><\/span><\/li>\n<\/ul>\n<\/div>\n<\/div>\n<p>&nbsp;<\/p>\n<p>&nbsp;<\/p>\n<p>&nbsp;<\/p>\n<h1><\/h1>\n<p>&nbsp;<\/p>\n<p>&nbsp;<\/p>\n<p>&nbsp;<\/p>","protected":false},"excerpt":{"rendered":"<p style=\"text-align: center;\">Get Spooky!<\/p>","protected":false},"featured_media":12445,"comment_status":"closed","ping_status":"closed","template":"","meta":[],"acf":[],"yoast_head":"<!-- This site is optimized with the Yoast SEO plugin v15.3 - https:\/\/yoast.com\/wordpress\/plugins\/seo\/ -->\n<title>Halloween - Mummy Crankle Toy - pet toys - halloween<\/title>\n<meta name=\"description\" content=\"Halloween dog toys - mummy-crankle-toy\" \/>\n<meta name=\"robots\" content=\"index, follow, max-snippet:-1, max-image-preview:large, max-video-preview:-1\" \/>\n<link rel=\"canonical\" href=\"https:\/\/www.cookascookies.com\/product\/mummy-crankle-toy\/\" \/>\n<meta property=\"og:locale\" content=\"pt_PT\" \/>\n<meta property=\"og:type\" content=\"article\" \/>\n<meta property=\"og:title\" content=\"Halloween - Mummy Crankle Toy - pet toys - halloween\" \/>\n<meta property=\"og:description\" content=\"Halloween dog toys - mummy-crankle-toy\" \/>\n<meta property=\"og:url\" content=\"https:\/\/www.cookascookies.com\/product\/mummy-crankle-toy\/\" \/>\n<meta property=\"og:site_name\" content=\"Cooka&#039;s Cookies\" \/>\n<meta property=\"article:publisher\" content=\"https:\/\/www.facebook.com\/cookascookies\/\" \/>\n<meta property=\"article:modified_time\" content=\"2026-02-26T18:37:07+00:00\" \/>\n<meta property=\"og:image\" content=\"https:\/\/cookas.wecodek.com\/wp-content\/uploads\/2023\/10\/mummy-.jpg\" \/>\n\t<meta property=\"og:image:width\" content=\"1440\" \/>\n\t<meta property=\"og:image:height\" content=\"1440\" \/>\n<meta name=\"twitter:card\" content=\"summary_large_image\" \/>\n<meta name=\"twitter:creator\" content=\"@cookascookies\" \/>\n<meta name=\"twitter:site\" content=\"@cookascookies\" \/>\n<meta name=\"twitter:label1\" content=\"Written by\">\n\t<meta name=\"twitter:data1\" content=\"Aline Saup\u00e9\">\n\t<meta name=\"twitter:label2\" content=\"Est. reading time\">\n\t<meta name=\"twitter:data2\" content=\"0 minutos\">\n<script type=\"application\/ld+json\" class=\"yoast-schema-graph\">{\"@context\":\"https:\/\/schema.org\",\"@graph\":[{\"@type\":\"WebSite\",\"@id\":\"https:\/\/cookas.wecodek.com\/#website\",\"url\":\"https:\/\/cookas.wecodek.com\/\",\"name\":\"Cooka&#039;s Cookies\",\"description\":\"Real Food, Real Ingredients, Real Love.\",\"potentialAction\":[{\"@type\":\"SearchAction\",\"target\":\"https:\/\/cookas.wecodek.com\/?s={search_term_string}\",\"query-input\":\"required name=search_term_string\"}],\"inLanguage\":\"pt-PT\"},{\"@type\":\"ImageObject\",\"@id\":\"https:\/\/www.cookascookies.com\/product\/mummy-crankle-toy\/#primaryimage\",\"inLanguage\":\"pt-PT\",\"url\":\"https:\/\/cookas.wecodek.com\/wp-content\/uploads\/2023\/10\/mummy-.jpg\",\"width\":1440,\"height\":1440},{\"@type\":\"WebPage\",\"@id\":\"https:\/\/www.cookascookies.com\/product\/mummy-crankle-toy\/#webpage\",\"url\":\"https:\/\/www.cookascookies.com\/product\/mummy-crankle-toy\/\",\"name\":\"Halloween - Mummy Crankle Toy - pet toys - halloween\",\"isPartOf\":{\"@id\":\"https:\/\/cookas.wecodek.com\/#website\"},\"primaryImageOfPage\":{\"@id\":\"https:\/\/www.cookascookies.com\/product\/mummy-crankle-toy\/#primaryimage\"},\"datePublished\":\"2023-10-07T16:16:38+00:00\",\"dateModified\":\"2026-02-26T18:37:07+00:00\",\"description\":\"Halloween dog toys - mummy-crankle-toy\",\"inLanguage\":\"pt-PT\",\"potentialAction\":[{\"@type\":\"ReadAction\",\"target\":[\"https:\/\/www.cookascookies.com\/product\/mummy-crankle-toy\/\"]}]}]}<\/script>\n<!-- \/ Yoast SEO plugin. -->","_links":{"self":[{"href":"https:\/\/cookas.wecodek.com\/pt\/wp-json\/wp\/v2\/product\/10679"}],"collection":[{"href":"https:\/\/cookas.wecodek.com\/pt\/wp-json\/wp\/v2\/product"}],"about":[{"href":"https:\/\/cookas.wecodek.com\/pt\/wp-json\/wp\/v2\/types\/product"}],"replies":[{"embeddable":true,"href":"https:\/\/cookas.wecodek.com\/pt\/wp-json\/wp\/v2\/comments?post=10679"}],"wp:featuredmedia":[{"embeddable":true,"href":"https:\/\/cookas.wecodek.com\/pt\/wp-json\/wp\/v2\/media\/12445"}],"wp:attachment":[{"href":"https:\/\/cookas.wecodek.com\/pt\/wp-json\/wp\/v2\/media?parent=10679"}],"curies":[{"name":"wp","href":"https:\/\/api.w.org\/{rel}","templated":true}]}}