{"id":3,"date":"2018-11-30T14:56:19","date_gmt":"2018-11-30T14:56:19","guid":{"rendered":"http:\/\/www.cookascookies.com\/?page_id=3"},"modified":"2023-02-03T18:18:21","modified_gmt":"2023-02-03T18:18:21","slug":"privacy-policy","status":"publish","type":"page","link":"https:\/\/cookas.wecodek.com\/pt\/privacy-policy\/","title":{"rendered":"Pol\u00edtica de Privacidade"},"content":{"rendered":"<p><span style=\"color: #7b1320;\"><strong>Nesta Pol\u00edtica de Privacidade, explicamos quem somos, as finalidades para as quais tratamos os seus dados, como ser\u00e3o tratados, com quem podemos partilh\u00e1-los e o per\u00edodo de conserva\u00e7\u00e3o dos mesmos, bem como a forma como nos pode contactar e exercer os seus direitos.<\/strong><\/span><\/p>\n<p><span style=\"color: #7b1320;\">Os seus dados ser\u00e3o tratados pela Cooka\u2019s World \u2013 Pet Services, Lda. que ser\u00e1 respons\u00e1vel pelo tratamento dos seus dados pessoais, conforme definido no Regulamento Geral de Prote\u00e7\u00e3o de Dados (\u201cRGPD\u201d).<\/span><\/p>\n<p><span style=\"color: #7b1320;\">Se tiver alguma d\u00favida sobre o processamento de seus dados pessoais, entre em contato conosco atrav\u00e9s de: <a style=\"color: #7b1320;\" href=\"mailto:info@cookascookies.com\">assistance@cookascookies.com<\/a><\/span><\/p>\n<p>&nbsp;<\/p>\n<hr \/>\n<p>&nbsp;<\/p>\n<h3><span style=\"color: #7b1320;\"><strong>Por que precisamos das suas informa\u00e7\u00f5es?<\/strong><\/span><\/h3>\n<p><span style=\"color: #7b1320;\"><strong>Cooka\u2019s World \u2013 Pet Services, Lda. utilizar\u00e1 os seus dados pessoais para as seguintes finalidades:<\/strong><\/span><\/p>\n<p>&nbsp;<\/p>\n<p><span style=\"color: #7b1320;\"><strong>Gest\u00e3o de clientes<\/strong><\/span><\/p>\n<p><span style=\"color: #7b1320;\">A Cooka\u2019s Cookies \u00e9 uma pastelaria para c\u00e3es e tamb\u00e9m acess\u00f3rios artesanais para animais de estima\u00e7\u00e3o, que s\u00e3o vendidos atrav\u00e9s desta loja online.<\/span><\/p>\n<p><span style=\"color: #7b1320;\">O processo de cookies da Cooka para os seus dados cumprir o contrato de compra e venda ou contrato de presta\u00e7\u00e3o de servi\u00e7os que celebrou com os cookies da Cooka, ou para realizar dilig\u00eancias pr\u00e9-contratuais a seu pedido.<\/span><\/p>\n<p><span style=\"color: #7b1320;\">Os seus dados ser\u00e3o apagados para o efeito durante 2 anos de inatividade.<\/span><\/p>\n<p>&nbsp;<\/p>\n<p><span style=\"color: #7b1320;\"><strong>Marketing<\/strong><\/span><\/p>\n<p><span style=\"color: #7b1320;\">A Cooka\u2019s Cookies pode usar os seus dados para enviar informa\u00e7\u00f5es promocionais sobre produtos e servi\u00e7os.<\/span><\/p>\n<p><span style=\"color: #7b1320;\">Os seus dados s\u00f3 ser\u00e3o utilizados para o efeito mediante o seu consentimento, aquando da aquisi\u00e7\u00e3o do produto. Se concordar, receber\u00e1 comunica\u00e7\u00f5es de marketing (como informa\u00e7\u00f5es sobre promo\u00e7\u00f5es atuais, novas cole\u00e7\u00f5es ou atividades e not\u00edcias da Cooka) por e-mail.<\/span><\/p>\n<p><span style=\"color: #7b1320;\">Cooka\u2019s Cookies tamb\u00e9m pode compartilhar os seus dados com terceiros que gerenciam m\u00eddias sociais, como: Facebook, Instagram, Twitter, Pinterest, para realizar campanhas de marketing de m\u00eddia social.<\/span><\/p>\n<p><span style=\"color: #7b1320;\">\u200bPode revogar o seu consentimento para a utiliza\u00e7\u00e3o dos seus dados pessoais para fins de marketing direto a qualquer momento, bastando para isso contactar: <a style=\"color: #7b1320;\" href=\"mailto:info@cookascookies.com\">assistance@cookascookies.com<\/a><\/span><\/p>\n<p><span style=\"color: #7b1320;\">Os seus dados ser\u00e3o armazenados para esta finalidade. Os seus dados ser\u00e3o apagados para o efeito durante 2 anos de inatividade.<\/span><\/p>\n<p>&nbsp;<\/p>\n<p><span style=\"color: #7b1320;\"><strong>Cria\u00e7\u00e3o de perfil<\/strong><\/span><\/p>\n<p><span style=\"color: #7b1320;\">Cooka's Cookies cria perfis com base em informa\u00e7\u00f5es relacionadas \u00e0 compra.<\/span><\/p>\n<p><span style=\"color: #7b1320;\">Sempre que efetua uma compra, a Cooka\u2019s Cookies regista o seu: nome, e-mail, dados do animal de estima\u00e7\u00e3o, IVA, dados sobre os produtos adquiridos, valores pagos, data e hora, bem como a morada de rece\u00e7\u00e3o e demais dados sobre o processo de compra.<\/span><\/p>\n<p><span style=\"color: #7b1320;\">Essas informa\u00e7\u00f5es s\u00e3o analisadas para identificar o seu perfil de consumidor. Esta an\u00e1lise permite que os cookies da Cooka lhe enviem informa\u00e7\u00f5es personalizadas e adaptadas ao seu perfil. Os cookies da Cooka podem utilizar informa\u00e7\u00e3o estat\u00edstica relacionada com perfis de clientes para melhorar a sua oferta e planear as suas comunica\u00e7\u00f5es.<\/span><\/p>\n<p>&nbsp;<\/p>\n<p><span style=\"color: #7b1320;\"><strong>Gest\u00e3o de concursos<\/strong><\/span><\/p>\n<p><span style=\"color: #7b1320;\">Cooka's Cookies ocasionalmente realiza concursos. Os dados pessoais s\u00e3o tratados com a finalidade de gerir a participa\u00e7\u00e3o do cliente e, consequentemente, para a execu\u00e7\u00e3o do acordo celebrado entre si e os cookies da Cooka. (Sendo as suas regras inclu\u00eddas no respectivo regulamento do concurso.)<\/span><\/p>\n<p><span style=\"color: #7b1320;\">Os seus dados apenas ser\u00e3o guardados para o efeito durante o tempo necess\u00e1rio \u00e0 gest\u00e3o do concurso.<\/span><\/p>\n<p>&nbsp;<\/p>\n<p><span style=\"color: #7b1320;\"><strong>Medidas de seguran\u00e7a<\/strong><\/span><\/p>\n<p><span style=\"color: #7b1320;\">Tomamos as medidas de seguran\u00e7a adequadas de forma a minimizar o risco de destrui\u00e7\u00e3o ou perda \u2013 mesmo acidental \u2013 dos dados, acesso n\u00e3o autorizado ou tratamento n\u00e3o permitido ou em desacordo com as finalidades de recolha indicadas na nossa Pol\u00edtica de Privacidade. No entanto, os cookies da Cooka n\u00e3o podem garantir aos seus usu\u00e1rios que as medidas tomadas para a seguran\u00e7a do site e transmiss\u00e3o de dados e informa\u00e7\u00f5es no site, limitem ou excluam qualquer risco de acesso permitido ou dispers\u00e3o de dados da relev\u00e2ncia dos dispositivos. A Cooka's quer certificar-se de que seu computador est\u00e1 equipado com software apropriado para a prote\u00e7\u00e3o da transmiss\u00e3o de dados na rede, tanto de entrada quanto de sa\u00edda (como sistemas antiv\u00edrus atualizados) e que seu provedor de servi\u00e7os de Internet tomou as medidas apropriadas para a seguran\u00e7a da transmiss\u00e3o de dados da rede (como firewalls e filtros de spam).<\/span><\/p>\n<p><span style=\"color: #7b1320;\"><strong>\u200b<\/strong><\/span><\/p>\n<p><span style=\"color: #7b1320;\"><strong>Links para outros sites<\/strong><\/span><\/p>\n<p><span style=\"color: #7b1320;\">O nosso site cont\u00e9m links para outros sites que podem n\u00e3o ter nenhuma conex\u00e3o conosco. Cooka\u2019s Cookies n\u00e3o controlam ou monitoram esses sites ou o seu conte\u00fado. Assim, n\u00e3o pode ser responsabilizado pelo conte\u00fado de tais sites e pelas regras por eles aplicadas no que diz respeito \u00e0 privacidade e tratamento dos seus dados pessoais durante as suas opera\u00e7\u00f5es de navega\u00e7\u00e3o. Portanto, pedimos que preste aten\u00e7\u00e3o ao conectar-se a esses sites por meio de links no nosso site e leia os seus termos de uso e pol\u00edticas de privacidade.<\/span><\/p>\n<p><span style=\"color: #7b1320;\">A nossa Pol\u00edtica de Privacidade n\u00e3o se aplica a sites de terceiros.<\/span><\/p>\n<p><span style=\"color: #7b1320;\">O nosso site disponibiliza links para esses sites exclusivamente para auxiliar os seus usu\u00e1rios na pesquisa e navega\u00e7\u00e3o e permitir links para outros sites na Internet. Tais links n\u00e3o implicam nenhuma recomenda\u00e7\u00e3o ou den\u00fancia dos Cookies da Cooka para acesso e navega\u00e7\u00e3o nestes sites, nem qualquer garantia dos seus conte\u00fados, servi\u00e7os ou bens por eles fornecidos e vendidos aos internautas.<\/span><\/p>\n<p>&nbsp;<\/p>\n<hr \/>\n<h3><\/h3>\n<h3><\/h3>\n<h3><span style=\"color: #7b1320;\"><strong>As minhas informa\u00e7\u00f5es ser\u00e3o compartilhadas com outras pessoas?<\/strong><\/span><\/h3>\n<p>&nbsp;<\/p>\n<p><span style=\"color: #7b1320;\"><strong>As suas informa\u00e7\u00f5es pessoais podem ser compartilhadas com:<\/strong><\/span><\/p>\n<p><span style=\"color: #7b1320;\">Fornecedores terceirizados dos servi\u00e7os da Cooka\u2019s Cookies.<\/span><\/p>\n<p><span style=\"color: #7b1320;\">Os seus dados ser\u00e3o processados apenas dentro da Uni\u00e3o Europeia.<\/span><\/p>\n<p><span style=\"color: #7b1320;\">\u200b<\/span><\/p>\n<hr \/>\n<h3><\/h3>\n<p>&nbsp;<\/p>\n<h3><span style=\"color: #7b1320;\"><strong>Quais s\u00e3o os meus direitos?<\/strong><\/span><\/h3>\n<p><span style=\"color: #7b1320;\"><strong>Pode solicitar-nos , a qualquer momento:<\/strong><\/span><\/p>\n<ul>\n<li><span style=\"color: #7b1320;\">Acesso a todos os dados pessoais que lhe digam respeito;<\/span><\/li>\n<li><span style=\"color: #7b1320;\">A retifica\u00e7\u00e3o dos dados pessoais inexatos ou incompletos que lhe digam respeito;<\/span><\/li>\n<li><span style=\"color: #7b1320;\">A elimina\u00e7\u00e3o ou restri\u00e7\u00e3o do tratamento dos seus dados pessoais;<\/span><\/li>\n<li><span style=\"color: #7b1320;\">Se o processamento depender do seu consentimento ou acordo e for fornecido automaticamente, tem o direito de receber suas informa\u00e7\u00f5es pessoais fornecidas anteriormente em um formato estruturado, comumente usado e leg\u00edvel por computador.<\/span><\/li>\n<li><span style=\"color: #7b1320;\">As suas solicita\u00e7\u00f5es ser\u00e3o tratadas com total aten\u00e7\u00e3o, para garantir a efetividade dos seus direitos.<\/span><\/li>\n<\/ul>\n<p>&nbsp;<\/p>\n<p><span style=\"color: #7b1320;\">Pode ser solicitado a fornecer prova da sua identidade para garantir que os dados pessoais sejam compartilhados apenas com o seu propriet\u00e1rio.<\/span><\/p>\n<p><span style=\"color: #7b1320;\">Deve de ter em mente que, em determinados casos (devido a exig\u00eancias legais, por exemplo), sua solicita\u00e7\u00e3o pode n\u00e3o ser atendida imediatamente.<\/span><\/p>\n<p><span style=\"color: #7b1320;\">Em todo o caso, ser\u00e1 informado de todas as provid\u00eancias tomadas, no prazo m\u00e1ximo de um m\u00eas, a partir do momento em que \u00e9 efetuado o seu pedido.<\/span><\/p>\n<p><span style=\"color: #7b1320;\">Tem ainda o direito de apresentar reclama\u00e7\u00e3o \u00e0 Autoridade Nacional de Prote\u00e7\u00e3o de Dados.<\/span><\/p>\n<p>&nbsp;<\/p>\n<p><span style=\"color: #7b1320;\"><strong>Direitos de acesso<\/strong><\/span><\/p>\n<p><span style=\"color: #7b1320;\">O titular dos dados pessoais tem o direito de obter a confirma\u00e7\u00e3o da Cooka\u2019s Cookies sobre como os seus dados est\u00e3o a ser utilizados ou n\u00e3o. Nesse caso, eles podem acessar os seus dados e informa\u00e7\u00f5es pessoais conforme especificado na lei.<\/span><\/p>\n<p>&nbsp;<\/p>\n<p><span style=\"color: #7b1320;\"><strong>Direito de retifica\u00e7\u00e3o<\/strong><\/span><\/p>\n<p><span style=\"color: #7b1320;\">O titular dos dados pessoais tem o direito de exigir \u00e0 Cooka\u2019s Cookies, sem demora injustificada, a retifica\u00e7\u00e3o dos dados pessoais inexatos ou incompletos.<\/span><\/p>\n<p>&nbsp;<\/p>\n<p><span style=\"color: #7b1320;\"><strong>Direito ao apagamento dos dados (\u201cdireito a ser esquecido\u201d)<\/strong><\/span><\/p>\n<p><span style=\"color: #7b1320;\">O titular dos dados pessoais tem o direito de obter da Cooka\u2019s Cookies o apagamento\/esquecimento dos seus dados, sem demora injustificada, devendo a Cooka\u2019s Cookies apagar os dados pessoais quando um dos <\/span><span style=\"color: #7b1320;\">se aplica o seguinte fundamento:<\/span><\/p>\n<p style=\"padding-left: 30px;\"><span style=\"color: #7b1320;\">a) Os dados pessoais deixaram de ser necess\u00e1rios para as finalidades para as quais foram recolhidos ou tratados;<\/span><\/p>\n<p style=\"padding-left: 30px;\"><span style=\"color: #7b1320;\">b) O titular dos dados pessoais retirar o seu consentimento relativamente ao tratamento dos dados <\/span><span style=\"color: #7b1320;\">(quando o tratamento depende de consentimento) e n\u00e3o existe outro fundamento legal para o tratamento;<\/span><\/p>\n<p style=\"padding-left: 30px;\"><span style=\"color: #7b1320;\">c) O titular dos dados pessoais op\u00f5e-se ao tratamento dos seus dados pessoais e n\u00e3o existam motivos leg\u00edtimos imperiosos para o tratamento dos dados.<\/span><\/p>\n<p>&nbsp;<\/p>\n<p><span style=\"color: #7b1320;\"><strong>Direito de restri\u00e7\u00e3o do processamento de dados<\/strong><\/span><\/p>\n<p><span style=\"color: #7b1320;\">O titular dos dados pessoais tem o direito de obter dos cookies da Cooka a restri\u00e7\u00e3o de tratamento se, nomeadamente, se aplicar um dos seguintes fundamentos:<\/span><\/p>\n<p style=\"padding-left: 30px;\"><span style=\"color: #7b1320;\">a) Contestar a exatid\u00e3o dos dados pessoais, durante um per\u00edodo que permita aos cookies da Cooka verificar a sua exatid\u00e3o;<\/span><\/p>\n<p style=\"padding-left: 30px;\"><span style=\"color: #7b1320;\">b) O tratamento dos dados for il\u00edcito e o titular dos dados pessoais se opuser a que os seus dados sejam apagados, solicitando em seu lugar a limita\u00e7\u00e3o da utiliza\u00e7\u00e3o;<\/span><\/p>\n<p style=\"padding-left: 30px;\"><span style=\"color: #7b1320;\">c) Cooka\u2019s Cookies j\u00e1 n\u00e3o necessita dos dados pessoais para efeitos de tratamento, mas os dados s\u00e3o requeridos pelo titular dos dados para a declara\u00e7\u00e3o, exerc\u00edcio ou defesa de a\u00e7\u00f5es judiciais;<\/span><\/p>\n<p style=\"padding-left: 30px;\"><span style=\"color: #7b1320;\">d) O titular dos dados pessoais se opuser ao tratamento, salvo se os motivos leg\u00edtimos do respons\u00e1vel pelo tratamento se sobrepuserem aos do titular dos dados.<\/span><\/p>\n<p>&nbsp;<\/p>\n<p><span style=\"color: #7b1320;\"><strong>Direito \u00e0 portabilidade de dados<\/strong><\/span><\/p>\n<p><span style=\"color: #7b1320;\">Caso o tratamento dependa do consentimento do titular dos dados pessoais, e esse consentimento tenha sido dado de forma autom\u00e1tica, o titular dos dados pessoais ter\u00e1 o direito de receber os dados pessoais que forneceu aos cookies da Cooka de forma estruturada, comumente formato usado e leg\u00edvel por m\u00e1quina.<\/span><\/p>\n<p><span style=\"color: #7b1320;\">\u200b<\/span><\/p>\n<p><span style=\"color: #7b1320;\"><strong>Direito de contestar<\/strong><\/span><\/p>\n<p><span style=\"color: #7b1320;\">Onde os dados s\u00e3o processados para os prop\u00f3sitos de 1) os interesses leg\u00edtimos perseguidos pelos Cooka\u2019s Cookies; ou 2) marketing direto; ou 3) cria\u00e7\u00e3o de perfil; o titular dos dados pode, a qualquer momento, opor-se ao tratamento dos seus dados pessoais.<\/span><\/p>\n<p>&nbsp;<\/p>\n<p><span style=\"color: #7b1320;\"><strong>Posso retirar o meu consentimento mais tarde?<\/strong><\/span><\/p>\n<p><span style=\"color: #7b1320;\">Se o consentimento for legalmente exigido para o processamento de dados pessoais, o titular dos dados pessoais tem o direito de retirar o seu consentimento a qualquer momento. A retirada do consentimento n\u00e3o afeta a licitude do tratamento com base no consentimento anterior \u00e0 sua retirada. Tamb\u00e9m a retirada do consentimento n\u00e3o afeta a licitude do tratamento dos mesmos dados com base noutro fundamento \u2013 p. por exemplo, se for baseado em uma obriga\u00e7\u00e3o legal ou para executar um contrato.<\/span><\/p>\n<p><span style=\"color: #7b1320;\">Se desejar retirar o seu consentimento, pode contactar-nos atrav\u00e9s de: <a style=\"color: #7b1320;\" href=\"mailto:info@cookascookies.com\">assistance@cookascookies.com<\/a><\/span><\/p>\n<p>&nbsp;<\/p>\n<hr \/>\n<h3><\/h3>\n<p>&nbsp;<\/p>\n<h3><span style=\"color: #7b1320;\"><strong>Como a Cooka\u2019s Cookies usam cookies e tecnologia semelhante?<\/strong><\/span><\/h3>\n<p>&nbsp;<\/p>\n<p><span style=\"color: #7b1320;\"><strong>Por favor, verifique a nossa Pol\u00edtica de Cookies.<\/strong><\/span><\/p>\n<p>&nbsp;<\/p>\n<p><span style=\"color: #7b1320;\"><strong>T\u00eam uma quest\u00e3o?<\/strong><\/span><\/p>\n<p><span style=\"color: #7b1320;\">Se tiver alguma d\u00favida sobre o tratamento dos seus dados pessoais, ou se pretender exercer algum dos seus direitos, por favor contacte-nos atrav\u00e9s de: <a style=\"color: #7b1320;\" href=\"mailto:info@cookascookies.com\">assistance@cookascookies.com<\/a><\/span><\/p>\n<p><span style=\"color: #7b1320;\"><strong>\u200b<\/strong><\/span><\/p>\n<hr \/>\n<h3><\/h3>\n<p>&nbsp;<\/p>\n<h3><span style=\"color: #7b1320;\"><strong>Altera\u00e7\u00f5es e atualiza\u00e7\u00f5es da Pol\u00edtica de Privacidade:<\/strong><\/span><\/h3>\n<p>&nbsp;<\/p>\n<p><span style=\"color: #7b1320;\"><strong>A Cooka\u2019s Cookies podem alterar ou simplesmente atualizar toda ou parte desta Pol\u00edtica de Privacidade do site, em considera\u00e7\u00e3o \u00e0 mudan\u00e7a nas leis ou regulamentos que regem este assunto e protegem seus direitos. As altera\u00e7\u00f5es e atualiza\u00e7\u00f5es da Pol\u00edtica de Privacidade ser\u00e3o obrigat\u00f3rias uma vez publicadas no site. Certifique-se de acessar regularmente esta se\u00e7\u00e3o para verificar a publica\u00e7\u00e3o da Pol\u00edtica de Privacidade mais recente e atualizada.<\/strong><\/span><\/p>\n<p>&nbsp;<\/p>\n<p><span style=\"color: #7b1320;\"><strong>Lei aplic\u00e1vel<\/strong><\/span><\/p>\n<p><span style=\"color: #7b1320;\"><strong>Lei sobre a prote\u00e7\u00e3o de dados pessoais<\/strong><\/span><\/p>\n<p><span style=\"color: #7b1320;\">Lei n.\u00ba 67\/98, de 26 de Outubro, que transp\u00f5e para a Lei Portuguesa a Directiva 95\/46\/CE do Parlamento Europeu e do Conselho de 24 de Outubro de 1995 sobre a protec\u00e7\u00e3o das pessoas singulares no que diz respeito ao tratamento de dados pessoais e a livre circula\u00e7\u00e3o desses dados, na vers\u00e3o mais recente atualizada pela Lei n\u00ba. 103\/2015 de 24 de agosto. na \u00faltima vers\u00e3o atualizada pela Lei n.\u00ba 103\/2015, de 24 de agosto.<\/span><\/p>\n<p><span style=\"color: #7b1320;\"><strong>\u200b<\/strong><\/span><\/p>\n<p><span style=\"color: #7b1320;\"><strong>Regulamento Geral de Prote\u00e7\u00e3o de Dados<\/strong><\/span><\/p>\n<p><span style=\"color: #7b1320;\">Regulamento Geral de Prote\u00e7\u00e3o de Dados que transp\u00f5e para a Lei Portuguesa a Diretiva 2016\/680 do Parlamento Europeu e do Conselho de 27 de abril de 2016.<\/span><\/p>\n<p>&nbsp;<\/p>\n<hr \/>\n<p><span style=\"color: #7b1320;\">\u200b<\/span><\/p>\n<pre><span style=\"color: #7b1320;\">Last update: Novembro 2018<\/span><\/pre>","protected":false},"excerpt":{"rendered":"<p>In this Privacy Policy, we explain who we are, the&#8230;<\/p>","protected":false},"author":1,"featured_media":0,"parent":0,"menu_order":0,"comment_status":"closed","ping_status":"open","template":"","meta":[],"acf":[],"yoast_head":"<!-- This site is optimized with the Yoast SEO plugin v15.3 - https:\/\/yoast.com\/wordpress\/plugins\/seo\/ -->\n<title>Privacy Policy - Homemade dog treats &amp; cakes by Cooka&#039;s Cookies<\/title>\n<meta name=\"description\" content=\"Privacy Policy - We respect your privacy &amp; thank you for the trust you place in us - Homemade dog treats &amp; delicious dog cakes by Cooka&#039;s Cookies\" \/>\n<meta name=\"robots\" content=\"index, follow, max-snippet:-1, max-image-preview:large, max-video-preview:-1\" \/>\n<link rel=\"canonical\" href=\"https:\/\/cookas.wecodek.com\/pt\/privacy-policy\/\" \/>\n<meta property=\"og:locale\" content=\"pt_PT\" \/>\n<meta property=\"og:type\" content=\"article\" \/>\n<meta property=\"og:title\" content=\"Privacy Policy - Homemade dog treats &amp; cakes by Cooka&#039;s Cookies\" \/>\n<meta property=\"og:description\" content=\"Privacy Policy - We respect your privacy &amp; thank you for the trust you place in us - Homemade dog treats &amp; delicious dog cakes by Cooka&#039;s Cookies\" \/>\n<meta property=\"og:url\" content=\"https:\/\/cookas.wecodek.com\/pt\/privacy-policy\/\" \/>\n<meta property=\"og:site_name\" content=\"Cooka&#039;s Cookies\" \/>\n<meta property=\"article:publisher\" content=\"https:\/\/www.facebook.com\/cookascookies\/\" \/>\n<meta property=\"article:modified_time\" content=\"2023-02-03T18:18:21+00:00\" \/>\n<meta name=\"twitter:card\" content=\"summary_large_image\" \/>\n<meta name=\"twitter:creator\" content=\"@cookascookies\" \/>\n<meta name=\"twitter:site\" content=\"@cookascookies\" \/>\n<meta name=\"twitter:label1\" content=\"Written by\">\n\t<meta name=\"twitter:data1\" content=\"visix\">\n\t<meta name=\"twitter:label2\" content=\"Est. reading time\">\n\t<meta name=\"twitter:data2\" content=\"7 minutos\">\n<script type=\"application\/ld+json\" class=\"yoast-schema-graph\">{\"@context\":\"https:\/\/schema.org\",\"@graph\":[{\"@type\":\"WebSite\",\"@id\":\"https:\/\/cookas.wecodek.com\/#website\",\"url\":\"https:\/\/cookas.wecodek.com\/\",\"name\":\"Cooka&#039;s Cookies\",\"description\":\"Real Food, Real Ingredients, Real Love.\",\"potentialAction\":[{\"@type\":\"SearchAction\",\"target\":\"https:\/\/cookas.wecodek.com\/?s={search_term_string}\",\"query-input\":\"required name=search_term_string\"}],\"inLanguage\":\"pt-PT\"},{\"@type\":\"WebPage\",\"@id\":\"https:\/\/cookas.wecodek.com\/privacy-policy\/#webpage\",\"url\":\"https:\/\/cookas.wecodek.com\/privacy-policy\/\",\"name\":\"Privacy Policy - Homemade dog treats & cakes by Cooka's Cookies\",\"isPartOf\":{\"@id\":\"https:\/\/cookas.wecodek.com\/#website\"},\"datePublished\":\"2018-11-30T14:56:19+00:00\",\"dateModified\":\"2023-02-03T18:18:21+00:00\",\"description\":\"Privacy Policy - We respect your privacy & thank you for the trust you place in us - Homemade dog treats & delicious dog cakes by Cooka's Cookies\",\"inLanguage\":\"pt-PT\",\"potentialAction\":[{\"@type\":\"ReadAction\",\"target\":[\"https:\/\/cookas.wecodek.com\/privacy-policy\/\"]}]}]}<\/script>\n<!-- \/ Yoast SEO plugin. -->","_links":{"self":[{"href":"https:\/\/cookas.wecodek.com\/pt\/wp-json\/wp\/v2\/pages\/3"}],"collection":[{"href":"https:\/\/cookas.wecodek.com\/pt\/wp-json\/wp\/v2\/pages"}],"about":[{"href":"https:\/\/cookas.wecodek.com\/pt\/wp-json\/wp\/v2\/types\/page"}],"author":[{"embeddable":true,"href":"https:\/\/cookas.wecodek.com\/pt\/wp-json\/wp\/v2\/users\/1"}],"replies":[{"embeddable":true,"href":"https:\/\/cookas.wecodek.com\/pt\/wp-json\/wp\/v2\/comments?post=3"}],"version-history":[{"count":9,"href":"https:\/\/cookas.wecodek.com\/pt\/wp-json\/wp\/v2\/pages\/3\/revisions"}],"predecessor-version":[{"id":9465,"href":"https:\/\/cookas.wecodek.com\/pt\/wp-json\/wp\/v2\/pages\/3\/revisions\/9465"}],"wp:attachment":[{"href":"https:\/\/cookas.wecodek.com\/pt\/wp-json\/wp\/v2\/media?parent=3"}],"curies":[{"name":"wp","href":"https:\/\/api.w.org\/{rel}","templated":true}]}}