{"id":1199,"date":"2019-01-24T12:16:41","date_gmt":"2019-01-24T12:16:41","guid":{"rendered":"http:\/\/www.cookascookies.com\/?page_id=1199"},"modified":"2021-05-07T13:05:28","modified_gmt":"2021-05-07T13:05:28","slug":"returns-policy","status":"publish","type":"page","link":"https:\/\/cookas.wecodek.com\/pt\/returns-policy\/","title":{"rendered":"Pol\u00edtica de Devolu\u00e7\u00f5es"},"content":{"rendered":"<p><strong><span style=\"color: #7b1320;\">Na Cooka\u2019s Cookies procuramos clientes felizes e muitos rabinhos a abanar. <\/span><\/strong><\/p>\n<p><strong><span style=\"color: #7b1320;\">Como tal, esperamos  sempre zero devolu\u00e7\u00f5es.<\/span><\/strong><\/p>\n<p><span style=\"color: #7b1320;\">No entanto, caso voc\u00ea ou seu filhote n\u00e3o estejam satisfeitos com os nossos produtos, oferecemos as seguintes op\u00e7\u00f5es de devolu\u00e7\u00e3o quando estas circunst\u00e2ncias se aplicarem:<\/span><\/p>\n<p>&nbsp;<\/p>\n<p><span style=\"color: #7b1320;\"><strong>O produto tem um defeito ou foi danificado durante o transporte:<\/strong><\/span><\/p>\n<p><span style=\"color: #7b1320;\">Estes produtos podem ser imediatamente devolvidos \u00e0 Cooka\u2019s Cookies numa caixa com prote\u00e7\u00e3o interior, para que a mercadoria n\u00e3o se desloque no interior da caixa. Cooka's Cookies reembolsar\u00e1 o custo de envio de mercadorias danificadas.<\/span><\/p>\n<p><span style=\"color: #7b1320;\">Quando o produto for danificado durante o transporte, precisamos que entre em contato conosco imediatamente por e-mail em: <a style=\"color: #7b1320;\" href=\"mailto:info@cookascookies.com\">assistance@cookascookies.com<\/a>, para que possamos alertar o nosso servi\u00e7o de entregas.<\/span><\/p>\n<p><span style=\"color: #7b1320;\">Da mesma forma, para agilizar o processo de devolu\u00e7\u00e3o, agradecemos que nos enviem fotografias do artigo danificado e da sua embalagem na parte onde ocorreu o dano, bem como o c\u00f3digo de barras do artigo \u2013 se aplic\u00e1vel. Yoyu pode enviar as fotos por e-mail para <a style=\"color: #7b1320;\" href=\"mailto:info@cookascookies.com\">assistance@cookascookies.com.<\/a><\/span><\/p>\n<p><span style=\"color: #7b1320;\">Antes de abrir o produto, recomendamos que verifique se a embalagem corresponde ao seu pedido: modelo, cor, medida, acabamento, etc. E fa\u00e7a uma reclama\u00e7\u00e3o imediata em caso de anomalia. Caso perceba alguma diferen\u00e7a antes de abrir o produto, pedimos a gentileza de n\u00e3o abrir o lacre ou a embalagem do mesmo e que nos comunique atrav\u00e9s do e-mail: <a style=\"color: #7b1320;\" href=\"mailto:info@cookascookies.com\">assistance@cookascookies.com<\/a> imediatamente.<\/span><\/p>\n<p>&nbsp;<\/p>\n<p><span style=\"color: #7b1320;\"><strong>Cancelamento<\/strong><\/span><\/p>\n<p><span style=\"color: #7b1320;\">O cliente beneficia de um prazo de cinco dias, a contar da data de rece\u00e7\u00e3o dos artigos para devolver a encomenda sem qualquer fundamenta\u00e7\u00e3o ou penaliza\u00e7\u00e3o, exceto quando aplic\u00e1vel, o custo de transporte envolvido. O prazo referido no n\u00famero anterior conta-se a partir da recep\u00e7\u00e3o da mercadoria ou da aceita\u00e7\u00e3o da oferta de servi\u00e7os. O direito de devolu\u00e7\u00e3o pode ser exercido entrando em contato com a empresa por e-mail para <a style=\"color: #7b1320;\" href=\"mailto:info@cookascookies.com\">assistance@cookascookies.com.<\/a><\/span><\/p>\n<p><span style=\"color: #7b1320;\">Em caso de exerc\u00edcio do direito de devolu\u00e7\u00e3o, apenas dever\u00e1 ser devolvido o valor dos artigos e n\u00e3o quaisquer custos de transporte anteriormente suportados pelo Cliente.<\/span><\/p>\n<p><span style=\"color: #7b1320;\">As devolu\u00e7\u00f5es de produtos s\u00f3 poder\u00e3o ser efetuadas se estiverem no seu estado original e completos (embalagens, acess\u00f3rios, manuais, etc.), para que possam ser revendidos como novos; devem, se poss\u00edvel, ser acompanhados de uma c\u00f3pia do recibo de venda.<\/span><\/p>\n<p><span style=\"color: #7b1320;\">Os custos de devolu\u00e7\u00e3o resultantes do exerc\u00edcio do direito de resolu\u00e7\u00e3o ser\u00e3o da responsabilidade do comprador.<\/span><\/p>\n<p>&nbsp;<\/p>\n<p>&nbsp;<\/p>\n<hr \/>\n<p>&nbsp;<\/p>\n<p>&nbsp;<\/p>\n<p>&nbsp;<\/p>\n<h3><span style=\"color: #7b1320;\"><strong>Contato para devolu\u00e7\u00f5es:<\/strong><\/span><\/h3>\n<p><span style=\"color: #7b1320;\"><strong>Email: <\/strong><a style=\"color: #7b1320;\" href=\"mailto:info@cookascookies.com\"><strong>assistance@cookascookies.com<\/strong><\/a><\/span><\/p>\n<p><span style=\"color: #7b1320;\">Todos os produtos devolvidos devem de ser entregues na seguinte morada:<\/span><\/p>\n<p><span style=\"color: #7b1320;\">Travessa da Lapa 19, Cabriz, 2710-118 SINTRA<\/span><\/p>\n<p><span style=\"color: #7b1320;\">Portugal<\/span><\/p>\n<p>&nbsp;<\/p>\n<p>&nbsp;<\/p>\n<hr \/>\n<p><span style=\"color: #7b1320;\">\u200b<\/span><\/p>\n<pre><span style=\"color: #7b1320;\">Last update: Novembro 2018<\/span><\/pre>","protected":false},"excerpt":{"rendered":"<p>At Cooka\u2019s Cookies we strive for happy costumers and lots&#8230;<\/p>","protected":false},"author":1,"featured_media":0,"parent":0,"menu_order":0,"comment_status":"closed","ping_status":"open","template":"","meta":[],"acf":[],"yoast_head":"<!-- This site is optimized with the Yoast SEO plugin v15.3 - https:\/\/yoast.com\/wordpress\/plugins\/seo\/ -->\n<title>Returns Policy - Homemade dog treats &amp; cakes by Cooka&#039;s Cookies<\/title>\n<meta name=\"description\" content=\"At Cooka\u2019s Cookies we strive for happy costumers. As such we always hope for zero returns. In case you are not happy, we offer the following return options\" \/>\n<meta name=\"robots\" content=\"index, follow, max-snippet:-1, max-image-preview:large, max-video-preview:-1\" \/>\n<link rel=\"canonical\" href=\"https:\/\/cookas.wecodek.com\/pt\/returns-policy\/\" \/>\n<meta property=\"og:locale\" content=\"pt_PT\" \/>\n<meta property=\"og:type\" content=\"article\" \/>\n<meta property=\"og:title\" content=\"Returns Policy - Homemade dog treats &amp; cakes by Cooka&#039;s Cookies\" \/>\n<meta property=\"og:description\" content=\"At Cooka\u2019s Cookies we strive for happy costumers. As such we always hope for zero returns. In case you are not happy, we offer the following return options\" \/>\n<meta property=\"og:url\" content=\"https:\/\/cookas.wecodek.com\/pt\/returns-policy\/\" \/>\n<meta property=\"og:site_name\" content=\"Cooka&#039;s Cookies\" \/>\n<meta property=\"article:publisher\" content=\"https:\/\/www.facebook.com\/cookascookies\/\" \/>\n<meta property=\"article:modified_time\" content=\"2021-05-07T13:05:28+00:00\" \/>\n<meta name=\"twitter:card\" content=\"summary_large_image\" \/>\n<meta name=\"twitter:creator\" content=\"@cookascookies\" \/>\n<meta name=\"twitter:site\" content=\"@cookascookies\" \/>\n<meta name=\"twitter:label1\" content=\"Written by\">\n\t<meta name=\"twitter:data1\" content=\"visix\">\n\t<meta name=\"twitter:label2\" content=\"Est. reading time\">\n\t<meta name=\"twitter:data2\" content=\"2 minutos\">\n<script type=\"application\/ld+json\" class=\"yoast-schema-graph\">{\"@context\":\"https:\/\/schema.org\",\"@graph\":[{\"@type\":\"WebSite\",\"@id\":\"https:\/\/cookas.wecodek.com\/#website\",\"url\":\"https:\/\/cookas.wecodek.com\/\",\"name\":\"Cooka&#039;s Cookies\",\"description\":\"Real Food, Real Ingredients, Real Love.\",\"potentialAction\":[{\"@type\":\"SearchAction\",\"target\":\"https:\/\/cookas.wecodek.com\/?s={search_term_string}\",\"query-input\":\"required name=search_term_string\"}],\"inLanguage\":\"pt-PT\"},{\"@type\":\"WebPage\",\"@id\":\"https:\/\/cookas.wecodek.com\/returns-policy\/#webpage\",\"url\":\"https:\/\/cookas.wecodek.com\/returns-policy\/\",\"name\":\"Returns Policy - Homemade dog treats & cakes by Cooka's Cookies\",\"isPartOf\":{\"@id\":\"https:\/\/cookas.wecodek.com\/#website\"},\"datePublished\":\"2019-01-24T12:16:41+00:00\",\"dateModified\":\"2021-05-07T13:05:28+00:00\",\"description\":\"At Cooka\\u2019s Cookies we strive for happy costumers. As such we always hope for zero returns. In case you are not happy, we offer the following return options\",\"inLanguage\":\"pt-PT\",\"potentialAction\":[{\"@type\":\"ReadAction\",\"target\":[\"https:\/\/cookas.wecodek.com\/returns-policy\/\"]}]}]}<\/script>\n<!-- \/ Yoast SEO plugin. -->","_links":{"self":[{"href":"https:\/\/cookas.wecodek.com\/pt\/wp-json\/wp\/v2\/pages\/1199"}],"collection":[{"href":"https:\/\/cookas.wecodek.com\/pt\/wp-json\/wp\/v2\/pages"}],"about":[{"href":"https:\/\/cookas.wecodek.com\/pt\/wp-json\/wp\/v2\/types\/page"}],"author":[{"embeddable":true,"href":"https:\/\/cookas.wecodek.com\/pt\/wp-json\/wp\/v2\/users\/1"}],"replies":[{"embeddable":true,"href":"https:\/\/cookas.wecodek.com\/pt\/wp-json\/wp\/v2\/comments?post=1199"}],"version-history":[{"count":6,"href":"https:\/\/cookas.wecodek.com\/pt\/wp-json\/wp\/v2\/pages\/1199\/revisions"}],"predecessor-version":[{"id":6510,"href":"https:\/\/cookas.wecodek.com\/pt\/wp-json\/wp\/v2\/pages\/1199\/revisions\/6510"}],"wp:attachment":[{"href":"https:\/\/cookas.wecodek.com\/pt\/wp-json\/wp\/v2\/media?parent=1199"}],"curies":[{"name":"wp","href":"https:\/\/api.w.org\/{rel}","templated":true}]}}