{"id":1193,"date":"2019-01-24T12:01:13","date_gmt":"2019-01-24T12:01:13","guid":{"rendered":"http:\/\/www.cookascookies.com\/?page_id=1193"},"modified":"2023-01-28T23:04:58","modified_gmt":"2023-01-28T23:04:58","slug":"cookie-policy","status":"publish","type":"page","link":"https:\/\/cookas.wecodek.com\/pt\/cookie-policy\/","title":{"rendered":"Pol\u00edtica de Cookies"},"content":{"rendered":"<p><span style=\"color: #7b1320;\"><strong>O uso de cookies \u00e9 essencial para o funcionamento de alguns dos nossos servi\u00e7os. Outros s\u00e3o usados para coletar informa\u00e7\u00f5es de uso do site (estat\u00edsticas), para que possamos tornar o site mais conveniente e \u00fatil para si e para os seus filhotes.<\/strong> <\/span><\/p>\n<p><span style=\"color: #7b1320;\">Algumas cookies s\u00e3o tempor\u00e1rias e desaparecem quando fecha o navegador. Outras s\u00e3o persistentes e permanecer\u00e3o no seu computador por algum tempo. Tamb\u00e9m usamos cookies locais em determinadas ocasi\u00f5es, que ser\u00e3o vinculados a campanhas sazonais e que desaparecer\u00e3o quando essas campanhas terminarem.<\/span><\/p>\n<p><span style=\"color: #7b1320;\">Alguns dos cookies s\u00e3o estritamente necess\u00e1rios para a funcionalidade do site, enquanto outros s\u00e3o usados para melhorar o desempenho e a experi\u00eancia do usu\u00e1rio.<\/span><\/p>\n<p><span style=\"color: #7b1320;\"><strong>\u200b<\/strong><\/span><\/p>\n<p>&nbsp;<\/p>\n<hr \/>\n<h3><\/h3>\n<h3><\/h3>\n<h3><\/h3>\n<p>&nbsp;<\/p>\n<h3><span style=\"color: #7b1320;\"><strong>O que s\u00e3o cookies?<\/strong><\/span><\/h3>\n<p>&nbsp;<\/p>\n<p><span style=\"color: #7b1320;\"><strong>Cookies s\u00e3o pequenos arquivos que s\u00e3o transmitidos do servidor onde o site est\u00e1 localizado no PC (ou outro dispositivo) de quem est\u00e1 navegando.<\/strong><\/span><\/p>\n<p>&nbsp;<\/p>\n<p><span style=\"color: #7b1320;\"><strong>Os cookies estritamente necess\u00e1rios s\u00e3o usados para:<\/strong><\/span><\/p>\n<ul>\n<li><span style=\"color: #7b1320;\">Guardar o que est\u00e1 no seu carrinho de compras.<\/span><\/li>\n<li><span style=\"color: #7b1320;\">Guardar a etapa em que est\u00e1 no seu pedido.<\/span><\/li>\n<\/ul>\n<p>&nbsp;<\/p>\n<p><span style=\"color: #7b1320;\"><strong>Os cookies funcionais s\u00e3o usados para:<\/strong><\/span><\/p>\n<ul>\n<li><span style=\"color: #7b1320;\">Guardar detalhes de login.<\/span><\/li>\n<li><span style=\"color: #7b1320;\">Certifique-se que est\u00e1 seguro ao fazer login.<\/span><\/li>\n<li><span style=\"color: #7b1320;\">Certificar de que o site tenha uma apar\u00eancia consistente.<\/span><\/li>\n<\/ul>\n<p>&nbsp;<\/p>\n<p><span style=\"color: #7b1320;\"><strong>Os cookies de desempenho s\u00e3o usados para:<\/strong><\/span><\/p>\n<ul>\n<li><span style=\"color: #7b1320;\">Melhorar o desempenho do site.<\/span><\/li>\n<li><span style=\"color: #7b1320;\">Melhorar a experi\u00eancia do usu\u00e1rio.<\/span><\/li>\n<\/ul>\n<p>&nbsp;<\/p>\n<p><span style=\"color: #7b1320;\"><strong>Os cookies de direcionamento s\u00e3o usados para:<\/strong><\/span><\/p>\n<ul>\n<li><span style=\"color: #7b1320;\">Permitir que compartilhe e goste.<\/span><\/li>\n<li><span style=\"color: #7b1320;\">Envie informa\u00e7\u00f5es para outros sites para personalizar o seu an\u00fancio.<\/span><\/li>\n<\/ul>\n<p>&nbsp;<\/p>\n<p>&nbsp;<\/p>\n<hr \/>\n<p>&nbsp;<\/p>\n<p>&nbsp;<\/p>\n<h3><span style=\"color: #7b1320;\">Exemplos de uso<\/span><\/h3>\n<p>&nbsp;<\/p>\n<p><span style=\"color: #7b1320;\"><strong>Cookies usados para melhorar o servi\u00e7o:<\/strong><\/span><\/p>\n<ul>\n<li><span style=\"color: #7b1320;\">Ativar a funcionalidade de alguns servi\u00e7os espec\u00edficos, como pagamento, que n\u00e3o funcionar\u00e1 sem estes cookies.<\/span><\/li>\n<li><span style=\"color: #7b1320;\">Ativar um servi\u00e7o para reconhecer o seu dispositivo para que n\u00e3o precise de fornecer as mesmas informa\u00e7\u00f5es v\u00e1rias vezes durante uma tarefa.<\/span><\/li>\n<li><span style=\"color: #7b1320;\">Reconhecendo que j\u00e1 pode ter dado um nome de usu\u00e1rio e senha, ent\u00e3o n\u00e3o precisa de fazer isso para cada p\u00e1gina da web solicitada.<\/span><\/li>\n<li><span style=\"color: #7b1320;\">Medindo quantas pessoas est\u00e3o usando os servi\u00e7os. Assim, eles podem ser mais f\u00e1ceis de usar e garantir que haja capacidade suficiente para garantir velocidade suficiente.<\/span><\/li>\n<li><span style=\"color: #7b1320;\">Analisando dados para nos ajudar a entender como voc\u00ea usa os servi\u00e7os online para que possamos melhorar o tempo todo e deixar mais cachorrinhos felizes.<\/span><\/li>\n<\/ul>\n<p>&nbsp;<\/p>\n<p><span style=\"color: #7b1320;\">Se optar por n\u00e3o utilizar cookies durante a sua visita, dever\u00e1 estar ciente de que determinadas fun\u00e7\u00f5es e p\u00e1ginas n\u00e3o funcionar\u00e3o como esperado.<\/span><\/p>\n<p><span style=\"color: #7b1320;\">Se deseja excluir quaisquer cookies j\u00e1 existentes no seu computador, consulte as instru\u00e7\u00f5es do fornecedor do navegador clicando em \"Ajuda\" no menu do navegador.<\/span><\/p>\n<p><span style=\"color: #7b1320;\">\u200b<\/span><\/p>\n<p>&nbsp;<\/p>\n<hr \/>\n<p>&nbsp;<\/p>\n<p>&nbsp;<\/p>\n<p>&nbsp;<\/p>\n<h3><span style=\"color: #7b1320;\"><strong>Cookies de terceiros usados<\/strong><\/span><\/h3>\n<h3><\/h3>\n<p><span style=\"color: #7b1320;\"><strong>Em algumas p\u00e1ginas, este site pode enviar cookies de terceiros colocados por terceiros:<\/strong><\/span><\/p>\n<p><span style=\"color: #7b1320;\"> (eg. Facebook, Twitter, YouTube, Instagram, Pinterest).<\/span><\/p>\n<p><span style=\"color: #7b1320;\">N\u00e3o tendo a gest\u00e3o, monitorizamos e limitamos o conhecimento sobre estes cookies, os dados que recolhem e as finalidades para que s\u00e3o utilizados. Em alguns casos, o terceiro pode usar cookies para reconhecer usu\u00e1rios registrados em suas plataformas.<\/span><\/p>\n<p><span style=\"color: #7b1320;\">\u200b<\/span><\/p>\n<p>&nbsp;<\/p>\n<hr \/>\n<p>&nbsp;<\/p>\n<p>&nbsp;<\/p>\n<h3><span style=\"color: #7b1320;\"><strong>Como desativar os cookies<\/strong><\/span><\/h3>\n<p>&nbsp;<\/p>\n<p><span style=\"color: #7b1320;\"><strong>A maioria dos navegadores permite-lhe recusar cookies, no entanto informamos que esta escolha pode levar a limita\u00e7\u00f5es de usabilidade do site da Cooka. <\/strong><\/span><\/p>\n<p><span style=\"color: #7b1320;\">Como os navegadores da Web est\u00e3o em constante atualiza\u00e7\u00e3o e existem v\u00e1rias vers\u00f5es, para definir a funcionalidade de rejei\u00e7\u00e3o ou remo\u00e7\u00e3o de cookies, recomendamos que voc\u00ea consulte a ajuda do navegador para o seu software.<\/span><\/p>\n<p><span style=\"color: #7b1320;\">Voc\u00ea tamb\u00e9m pode saber mais sobre cookies e como exclu\u00ed-los e control\u00e1-los em <a style=\"color: #7b1320;\" href=\"http:\/\/www.aboutcookies.org\">www.aboutcookies.org<\/a>.<\/span><\/p>\n<p>&nbsp;<\/p>\n<p>&nbsp;<\/p>\n<hr \/>\n<p><span style=\"color: #7b1320;\">\u200b<\/span><\/p>\n<pre><span style=\"color: #7b1320;\">Last update: Novembro 2018<\/span><\/pre>","protected":false},"excerpt":{"rendered":"<p>Cookie use is essential for some services to work. Others&#8230;<\/p>","protected":false},"author":1,"featured_media":0,"parent":0,"menu_order":0,"comment_status":"closed","ping_status":"open","template":"","meta":[],"acf":[],"yoast_head":"<!-- This site is optimized with the Yoast SEO plugin v15.3 - https:\/\/yoast.com\/wordpress\/plugins\/seo\/ -->\n<title>Cookie Policy - Homemade dog treats &amp; cakes by Cooka&#039;s Cookies<\/title>\n<meta name=\"description\" content=\"How we use cookies, when we&#039;re not eating them! - Learn more about our virtual cookie policy and why it matters.\" \/>\n<meta name=\"robots\" content=\"index, follow, max-snippet:-1, max-image-preview:large, max-video-preview:-1\" \/>\n<link rel=\"canonical\" href=\"https:\/\/cookas.wecodek.com\/pt\/cookie-policy\/\" \/>\n<meta property=\"og:locale\" content=\"pt_PT\" \/>\n<meta property=\"og:type\" content=\"article\" \/>\n<meta property=\"og:title\" content=\"Cookie Policy - Homemade dog treats &amp; cakes by Cooka&#039;s Cookies\" \/>\n<meta property=\"og:description\" content=\"How we use cookies, when we&#039;re not eating them! - Learn more about our virtual cookie policy and why it matters.\" \/>\n<meta property=\"og:url\" content=\"https:\/\/cookas.wecodek.com\/pt\/cookie-policy\/\" \/>\n<meta property=\"og:site_name\" content=\"Cooka&#039;s Cookies\" \/>\n<meta property=\"article:publisher\" content=\"https:\/\/www.facebook.com\/cookascookies\/\" \/>\n<meta property=\"article:modified_time\" content=\"2023-01-28T23:04:58+00:00\" \/>\n<meta name=\"twitter:card\" content=\"summary_large_image\" \/>\n<meta name=\"twitter:creator\" content=\"@cookascookies\" \/>\n<meta name=\"twitter:site\" content=\"@cookascookies\" \/>\n<meta name=\"twitter:label1\" content=\"Written by\">\n\t<meta name=\"twitter:data1\" content=\"visix\">\n\t<meta name=\"twitter:label2\" content=\"Est. reading time\">\n\t<meta name=\"twitter:data2\" content=\"2 minutos\">\n<script type=\"application\/ld+json\" class=\"yoast-schema-graph\">{\"@context\":\"https:\/\/schema.org\",\"@graph\":[{\"@type\":\"WebSite\",\"@id\":\"https:\/\/cookas.wecodek.com\/#website\",\"url\":\"https:\/\/cookas.wecodek.com\/\",\"name\":\"Cooka&#039;s Cookies\",\"description\":\"Real Food, Real Ingredients, Real Love.\",\"potentialAction\":[{\"@type\":\"SearchAction\",\"target\":\"https:\/\/cookas.wecodek.com\/?s={search_term_string}\",\"query-input\":\"required name=search_term_string\"}],\"inLanguage\":\"pt-PT\"},{\"@type\":\"WebPage\",\"@id\":\"https:\/\/cookas.wecodek.com\/cookie-policy\/#webpage\",\"url\":\"https:\/\/cookas.wecodek.com\/cookie-policy\/\",\"name\":\"Cookie Policy - Homemade dog treats & cakes by Cooka's Cookies\",\"isPartOf\":{\"@id\":\"https:\/\/cookas.wecodek.com\/#website\"},\"datePublished\":\"2019-01-24T12:01:13+00:00\",\"dateModified\":\"2023-01-28T23:04:58+00:00\",\"description\":\"How we use cookies, when we're not eating them! - Learn more about our virtual cookie policy and why it matters.\",\"inLanguage\":\"pt-PT\",\"potentialAction\":[{\"@type\":\"ReadAction\",\"target\":[\"https:\/\/cookas.wecodek.com\/cookie-policy\/\"]}]}]}<\/script>\n<!-- \/ Yoast SEO plugin. -->","_links":{"self":[{"href":"https:\/\/cookas.wecodek.com\/pt\/wp-json\/wp\/v2\/pages\/1193"}],"collection":[{"href":"https:\/\/cookas.wecodek.com\/pt\/wp-json\/wp\/v2\/pages"}],"about":[{"href":"https:\/\/cookas.wecodek.com\/pt\/wp-json\/wp\/v2\/types\/page"}],"author":[{"embeddable":true,"href":"https:\/\/cookas.wecodek.com\/pt\/wp-json\/wp\/v2\/users\/1"}],"replies":[{"embeddable":true,"href":"https:\/\/cookas.wecodek.com\/pt\/wp-json\/wp\/v2\/comments?post=1193"}],"version-history":[{"count":9,"href":"https:\/\/cookas.wecodek.com\/pt\/wp-json\/wp\/v2\/pages\/1193\/revisions"}],"predecessor-version":[{"id":9413,"href":"https:\/\/cookas.wecodek.com\/pt\/wp-json\/wp\/v2\/pages\/1193\/revisions\/9413"}],"wp:attachment":[{"href":"https:\/\/cookas.wecodek.com\/pt\/wp-json\/wp\/v2\/media?parent=1193"}],"curies":[{"name":"wp","href":"https:\/\/api.w.org\/{rel}","templated":true}]}}